{"id":674,"date":"2018-11-20T12:48:39","date_gmt":"2018-11-20T12:48:39","guid":{"rendered":"http:\/\/localhost\/dentmedi-theme\/?page_id=674"},"modified":"2024-02-12T18:09:31","modified_gmt":"2024-02-12T18:09:31","slug":"blog","status":"publish","type":"page","link":"https:\/\/firstdental-center.com\/sq\/blog\/","title":{"rendered":"Blog"},"content":{"rendered":"<div data-elementor-type=\"wp-page\" data-elementor-id=\"674\" class=\"elementor elementor-674\">\n\t\t\t\t\t\t<section class=\"elementor-section elementor-top-section elementor-element elementor-element-2738739 elementor-section-stretched tm-column-break-ipad-no tm-col-stretched-none elementor-section-boxed elementor-section-height-default elementor-section-height-default\" data-id=\"2738739\" data-element_type=\"section\" data-e-type=\"section\" data-settings=\"{&quot;stretch_section&quot;:&quot;section-stretched&quot;}\">\n\t\t\t\t\t\t<div class=\"elementor-container elementor-column-gap-no\">\n\t\t\t\t\t<div class=\"elementor-column elementor-col-100 elementor-top-column elementor-element elementor-element-5f95dd4\" data-id=\"5f95dd4\" data-element_type=\"column\" data-e-type=\"column\">\n\t\t\t<div class=\"elementor-widget-wrap elementor-element-populated\">\n\t\t\t\t\t\t<div class=\"elementor-element elementor-element-26f200b tm-align-left elementor-widget elementor-widget-tm_blog_element\" data-id=\"26f200b\" data-element_type=\"widget\" data-e-type=\"widget\" data-widget_type=\"tm_blog_element.default\">\n\t\t\t\t<div class=\"elementor-widget-container\">\n\t\t\t\t\t<div class=\"themetechmount-boxes themetechmount-boxes-blog themetechmount-element-blogbox-style7 themetechmount-boxes-view-default themetechmount-boxes-col-one themetechmount-boxes-textalign-left themetechmount-boxes-spacing-30px\" data-tm-show=\"6\" data-tm-loop=\"1\" data-tm-autoplay=\"0\" data-tm-centermode=\"0\" data-tm-nav=\"\" data-tm-dots=\"\" data-tm-slidestoscroll=\"\" data-tm-autoplayspeed=\"4500\" data-tm-margin=\"30px\"><div class=\"themetechmount-boxes-inner\">\n\t\t\t<div class=\"themetechmount-box-heading-wrapper tm-boxwithout-heading\">\n\t\t\t\t<div class=\"tm-element-heading-content-wrapper left-align tm-reverse-heading-yes tm-seperator-solid  tm-heading-style-vertical\"><div class=\"tm-content-header\"><div class=\"heading-seperator\"><span><\/span><\/div><\/div><\/div>\t\t\t\t\t\t\t<\/div>\n\n\t\t\t<div class=\"themetechmount-boxes-row-wrapper row multi-columns-row\">\n\n\t\t\t<div class=\"tm-box-col-wrapper  first-dental col-lg-12 col-sm-12 col-md-12 col-xs-12\"><article class=\"themetechmount-box themetechmount-box-blog themetechmount-blogbox-format-  themetechmount-blog-style7\">\r\n\t<div class=\"post-item\">\t\r\n\t\t\r\n\t\t<div class=\"tm-adv-blog-img tm-featured-outer-wrapper tm-post-featured-outer-wrapper\">\r\n\t\t\t\t<div class=\"tm-featured-wrapper tm-post-featured-wrapper tm-post-format-\"><a href=\"https:\/\/firstdental-center.com\/sq\/benefits-of-dental-implants-all-on-6\/\"><img fetchpriority=\"high\" decoding=\"async\" width=\"847\" height=\"847\" src=\"https:\/\/firstdental-center.com\/wp-content\/uploads\/2024\/01\/allon6-1024x1024.jpg\" class=\"attachment-large size-large wp-post-image\" alt=\"\" srcset=\"https:\/\/firstdental-center.com\/wp-content\/uploads\/2024\/01\/allon6-1024x1024.jpg 1024w, https:\/\/firstdental-center.com\/wp-content\/uploads\/2024\/01\/allon6-300x300.jpg 300w, https:\/\/firstdental-center.com\/wp-content\/uploads\/2024\/01\/allon6-150x150.jpg 150w, https:\/\/firstdental-center.com\/wp-content\/uploads\/2024\/01\/allon6-768x768.jpg 768w, https:\/\/firstdental-center.com\/wp-content\/uploads\/2024\/01\/allon6-600x600.jpg 600w, https:\/\/firstdental-center.com\/wp-content\/uploads\/2024\/01\/allon6-100x100.jpg 100w, https:\/\/firstdental-center.com\/wp-content\/uploads\/2024\/01\/allon6.jpg 1440w\" sizes=\"(max-width: 847px) 100vw, 847px\" data-id=\"10733\" \/><\/a><\/div>\t\t\t\t \r\n\t\t\t<\/div> \r\n\t\t\t<div class=\"themetechmount-box-content\">\r\n\t\t\t\t<div class=\"tm-adv-content\">\r\n\t\t\t\t<div class=\"tm-box-post-date tm-wrap-cell\">\r\n\t\t\t\t\t<div class=\"themetechmount-post-date-wrapper\"><div class=\"themetechmount-entry-date-wrapper\"><span class=\"themetechmount-entry-date\"><time class=\"entry-date\" datetime=\"2024-01-30T20:19:03+00:00\">30<span class=\"entry-month entry-year\">Jan<span class=\"entry-year\">2024<\/span><\/span><\/time><\/span><\/div><\/div>\t\t\t\t<\/div>\r\n\r\n\t\t\t\t<div class=\"themetechmount-box-desc tm-wrap-cell\">\r\n\t\t\t\t\t<div class=\"entry-title\">\r\n\t\t\t\t\t\t<div class=\"themetechmount-box-title\"><h4><a href=\"https:\/\/firstdental-center.com\/sq\/benefits-of-dental-implants-all-on-6\/\">P\u00ebrfitimet nga implantet dentare \u2018All on 6\u2019<\/a><\/h4><\/div>\t\t\t\t\t<\/div>\t\r\n\t\t\t\t<\/div>\r\n\t\t\t\t<div class=\"entry-header tm-wrap-cell\">\t\t\t\t\t\r\n\t\t\t\t\t<div class=\"tm-blog-post-cat\">\r\n\t\t\t\t\t\t\t\t\t\t\t\t\t<span class=\"tm-meta-line cat-links\"><span class=\"screen-reader-text tm-hide\">Categories <\/span><a href=\"https:\/\/firstdental-center.com\/sq\/category\/first-dental\/\" rel=\"category tag\">Ditari dentar<\/a><\/span>\r\n\t\t\t\t\t\t\t\t\t\t\t<\/div> \r\n\t\t\t\t\t<div class=\"tm-entry-meta-wrapper\"><div class=\"entry-meta tm-entry-meta tm-entry-meta-blogbox\"><span class=\"tm-meta-line comments-link\"><i class=\"tm-brivona-icon-comment-3\"><\/i> <a href=\"https:\/\/firstdental-center.com\/sq\/benefits-of-dental-implants-all-on-6\/#respond\">0 comment<\/a><\/span><span class=\"tm-meta-line byline\"><i class=\"tm-brivona-icon-user-1\"><\/i> <span class=\"author vcard\"><span class=\"screen-reader-text tm-hide\">Author <\/span><a class=\"url fn n\" href=\"https:\/\/firstdental-center.com\/sq\/author\/amohx\/\">amohx<\/a><\/span><\/span><\/div><\/div>\t\t\t\t<\/div>\t\r\n\t\t\t\t\t   \r\n\t\t\t   \t<div class=\"themetechmount-box-desc-footer tm-wrap-cell\">\r\n\t\t\t\t\t<div class=\"themetechmount-blogbox-desc-footer\">\r\n\t\t\t\t\t\t\t\t\t\t\t<\/div>\r\n\t\t\t\t<\/div>\t\r\n\t\t\t\t\r\n\t\t\t<\/div>\t\r\n\r\n\r\n<\/div>\r\n\r\n\t<\/div>\r\n      \r\n<\/article>\r\n<\/div><div class=\"tm-box-col-wrapper  first-dental col-lg-12 col-sm-12 col-md-12 col-xs-12\"><article class=\"themetechmount-box themetechmount-box-blog themetechmount-blogbox-format-  themetechmount-blog-style7\">\r\n\t<div class=\"post-item\">\t\r\n\t\t\r\n\t\t<div class=\"tm-adv-blog-img tm-featured-outer-wrapper tm-post-featured-outer-wrapper\">\r\n\t\t\t\t<div class=\"tm-featured-wrapper tm-post-featured-wrapper tm-post-format-\"><a href=\"https:\/\/firstdental-center.com\/sq\/why-choose-dental-implants-to-replace-our-teeth\/\"><img decoding=\"async\" width=\"847\" height=\"847\" src=\"https:\/\/firstdental-center.com\/wp-content\/uploads\/2024\/01\/implants-1024x1024.jpg\" class=\"attachment-large size-large wp-post-image\" alt=\"\" srcset=\"https:\/\/firstdental-center.com\/wp-content\/uploads\/2024\/01\/implants-1024x1024.jpg 1024w, https:\/\/firstdental-center.com\/wp-content\/uploads\/2024\/01\/implants-300x300.jpg 300w, https:\/\/firstdental-center.com\/wp-content\/uploads\/2024\/01\/implants-150x150.jpg 150w, https:\/\/firstdental-center.com\/wp-content\/uploads\/2024\/01\/implants-768x768.jpg 768w, https:\/\/firstdental-center.com\/wp-content\/uploads\/2024\/01\/implants-600x600.jpg 600w, https:\/\/firstdental-center.com\/wp-content\/uploads\/2024\/01\/implants-100x100.jpg 100w, https:\/\/firstdental-center.com\/wp-content\/uploads\/2024\/01\/implants.jpg 1440w\" sizes=\"(max-width: 847px) 100vw, 847px\" data-id=\"10727\" \/><\/a><\/div>\t\t\t\t \r\n\t\t\t<\/div> \r\n\t\t\t<div class=\"themetechmount-box-content\">\r\n\t\t\t\t<div class=\"tm-adv-content\">\r\n\t\t\t\t<div class=\"tm-box-post-date tm-wrap-cell\">\r\n\t\t\t\t\t<div class=\"themetechmount-post-date-wrapper\"><div class=\"themetechmount-entry-date-wrapper\"><span class=\"themetechmount-entry-date\"><time class=\"entry-date\" datetime=\"2024-01-30T20:12:53+00:00\">30<span class=\"entry-month entry-year\">Jan<span class=\"entry-year\">2024<\/span><\/span><\/time><\/span><\/div><\/div>\t\t\t\t<\/div>\r\n\r\n\t\t\t\t<div class=\"themetechmount-box-desc tm-wrap-cell\">\r\n\t\t\t\t\t<div class=\"entry-title\">\r\n\t\t\t\t\t\t<div class=\"themetechmount-box-title\"><h4><a href=\"https:\/\/firstdental-center.com\/sq\/why-choose-dental-implants-to-replace-our-teeth\/\">P\u00ebrse t\u00eb zgjidhni implantet dentare p\u00ebr t\u00eb z\u00ebvend\u00ebsuar dh\u00ebmb\u00ebt tuaj?<\/a><\/h4><\/div>\t\t\t\t\t<\/div>\t\r\n\t\t\t\t<\/div>\r\n\t\t\t\t<div class=\"entry-header tm-wrap-cell\">\t\t\t\t\t\r\n\t\t\t\t\t<div class=\"tm-blog-post-cat\">\r\n\t\t\t\t\t\t\t\t\t\t\t\t\t<span class=\"tm-meta-line cat-links\"><span class=\"screen-reader-text tm-hide\">Categories <\/span><a href=\"https:\/\/firstdental-center.com\/sq\/category\/first-dental\/\" rel=\"category tag\">Ditari dentar<\/a><\/span>\r\n\t\t\t\t\t\t\t\t\t\t\t<\/div> \r\n\t\t\t\t\t<div class=\"tm-entry-meta-wrapper\"><div class=\"entry-meta tm-entry-meta tm-entry-meta-blogbox\"><span class=\"tm-meta-line comments-link\"><i class=\"tm-brivona-icon-comment-3\"><\/i> <a href=\"https:\/\/firstdental-center.com\/sq\/why-choose-dental-implants-to-replace-our-teeth\/#respond\">0 comment<\/a><\/span><span class=\"tm-meta-line byline\"><i class=\"tm-brivona-icon-user-1\"><\/i> <span class=\"author vcard\"><span class=\"screen-reader-text tm-hide\">Author <\/span><a class=\"url fn n\" href=\"https:\/\/firstdental-center.com\/sq\/author\/amohx\/\">amohx<\/a><\/span><\/span><\/div><\/div>\t\t\t\t<\/div>\t\r\n\t\t\t\t\t   \r\n\t\t\t   \t<div class=\"themetechmount-box-desc-footer tm-wrap-cell\">\r\n\t\t\t\t\t<div class=\"themetechmount-blogbox-desc-footer\">\r\n\t\t\t\t\t\t\t\t\t\t\t<\/div>\r\n\t\t\t\t<\/div>\t\r\n\t\t\t\t\r\n\t\t\t<\/div>\t\r\n\r\n\r\n<\/div>\r\n\r\n\t<\/div>\r\n      \r\n<\/article>\r\n<\/div><div class=\"tm-box-col-wrapper  first-dental col-lg-12 col-sm-12 col-md-12 col-xs-12\"><article class=\"themetechmount-box themetechmount-box-blog themetechmount-blogbox-format-  themetechmount-blog-style7\">\r\n\t<div class=\"post-item\">\t\r\n\t\t\r\n\t\t<div class=\"tm-adv-blog-img tm-featured-outer-wrapper tm-post-featured-outer-wrapper\">\r\n\t\t\t\t<div class=\"tm-featured-wrapper tm-post-featured-wrapper tm-post-format-\"><a href=\"https:\/\/firstdental-center.com\/sq\/benefits-of-using-transparent-dental-aligners\/\"><img decoding=\"async\" width=\"847\" height=\"847\" src=\"https:\/\/firstdental-center.com\/wp-content\/uploads\/2024\/01\/maskerina-1024x1024.jpg\" class=\"attachment-large size-large wp-post-image\" alt=\"\" srcset=\"https:\/\/firstdental-center.com\/wp-content\/uploads\/2024\/01\/maskerina-1024x1024.jpg 1024w, https:\/\/firstdental-center.com\/wp-content\/uploads\/2024\/01\/maskerina-300x300.jpg 300w, https:\/\/firstdental-center.com\/wp-content\/uploads\/2024\/01\/maskerina-150x150.jpg 150w, https:\/\/firstdental-center.com\/wp-content\/uploads\/2024\/01\/maskerina-768x768.jpg 768w, https:\/\/firstdental-center.com\/wp-content\/uploads\/2024\/01\/maskerina-600x600.jpg 600w, https:\/\/firstdental-center.com\/wp-content\/uploads\/2024\/01\/maskerina-100x100.jpg 100w, https:\/\/firstdental-center.com\/wp-content\/uploads\/2024\/01\/maskerina.jpg 1080w\" sizes=\"(max-width: 847px) 100vw, 847px\" data-id=\"10718\" \/><\/a><\/div>\t\t\t\t \r\n\t\t\t<\/div> \r\n\t\t\t<div class=\"themetechmount-box-content\">\r\n\t\t\t\t<div class=\"tm-adv-content\">\r\n\t\t\t\t<div class=\"tm-box-post-date tm-wrap-cell\">\r\n\t\t\t\t\t<div class=\"themetechmount-post-date-wrapper\"><div class=\"themetechmount-entry-date-wrapper\"><span class=\"themetechmount-entry-date\"><time class=\"entry-date\" datetime=\"2024-01-30T20:06:12+00:00\">30<span class=\"entry-month entry-year\">Jan<span class=\"entry-year\">2024<\/span><\/span><\/time><\/span><\/div><\/div>\t\t\t\t<\/div>\r\n\r\n\t\t\t\t<div class=\"themetechmount-box-desc tm-wrap-cell\">\r\n\t\t\t\t\t<div class=\"entry-title\">\r\n\t\t\t\t\t\t<div class=\"themetechmount-box-title\"><h4><a href=\"https:\/\/firstdental-center.com\/sq\/benefits-of-using-transparent-dental-aligners\/\">P\u00ebrfitimet e p\u00ebrdorimit t\u00eb drejtuesve dentare transparente<\/a><\/h4><\/div>\t\t\t\t\t<\/div>\t\r\n\t\t\t\t<\/div>\r\n\t\t\t\t<div class=\"entry-header tm-wrap-cell\">\t\t\t\t\t\r\n\t\t\t\t\t<div class=\"tm-blog-post-cat\">\r\n\t\t\t\t\t\t\t\t\t\t\t\t\t<span class=\"tm-meta-line cat-links\"><span class=\"screen-reader-text tm-hide\">Categories <\/span><a href=\"https:\/\/firstdental-center.com\/sq\/category\/first-dental\/\" rel=\"category tag\">Ditari dentar<\/a><\/span>\r\n\t\t\t\t\t\t\t\t\t\t\t<\/div> \r\n\t\t\t\t\t<div class=\"tm-entry-meta-wrapper\"><div class=\"entry-meta tm-entry-meta tm-entry-meta-blogbox\"><span class=\"tm-meta-line comments-link\"><i class=\"tm-brivona-icon-comment-3\"><\/i> <a href=\"https:\/\/firstdental-center.com\/sq\/benefits-of-using-transparent-dental-aligners\/#respond\">0 comment<\/a><\/span><span class=\"tm-meta-line byline\"><i class=\"tm-brivona-icon-user-1\"><\/i> <span class=\"author vcard\"><span class=\"screen-reader-text tm-hide\">Author <\/span><a class=\"url fn n\" href=\"https:\/\/firstdental-center.com\/sq\/author\/amohx\/\">amohx<\/a><\/span><\/span><\/div><\/div>\t\t\t\t<\/div>\t\r\n\t\t\t\t\t   \r\n\t\t\t   \t<div class=\"themetechmount-box-desc-footer tm-wrap-cell\">\r\n\t\t\t\t\t<div class=\"themetechmount-blogbox-desc-footer\">\r\n\t\t\t\t\t\t\t\t\t\t\t<\/div>\r\n\t\t\t\t<\/div>\t\r\n\t\t\t\t\r\n\t\t\t<\/div>\t\r\n\r\n\r\n<\/div>\r\n\r\n\t<\/div>\r\n      \r\n<\/article>\r\n<\/div><div class=\"tm-box-col-wrapper  first-dental col-lg-12 col-sm-12 col-md-12 col-xs-12\"><article class=\"themetechmount-box themetechmount-box-blog themetechmount-blogbox-format-  themetechmount-blog-style7\">\r\n\t<div class=\"post-item\">\t\r\n\t\t\r\n\t\t<div class=\"tm-adv-blog-img tm-featured-outer-wrapper tm-post-featured-outer-wrapper\">\r\n\t\t\t\t<div class=\"tm-featured-wrapper tm-post-featured-wrapper tm-post-format-\"><a href=\"https:\/\/firstdental-center.com\/sq\/why-choose-veneers\/\"><img loading=\"lazy\" decoding=\"async\" width=\"847\" height=\"847\" src=\"https:\/\/firstdental-center.com\/wp-content\/uploads\/2024\/01\/faseta-1024x1024.jpg\" class=\"attachment-large size-large wp-post-image\" alt=\"\" srcset=\"https:\/\/firstdental-center.com\/wp-content\/uploads\/2024\/01\/faseta-1024x1024.jpg 1024w, https:\/\/firstdental-center.com\/wp-content\/uploads\/2024\/01\/faseta-300x300.jpg 300w, https:\/\/firstdental-center.com\/wp-content\/uploads\/2024\/01\/faseta-150x150.jpg 150w, https:\/\/firstdental-center.com\/wp-content\/uploads\/2024\/01\/faseta-768x768.jpg 768w, https:\/\/firstdental-center.com\/wp-content\/uploads\/2024\/01\/faseta-600x600.jpg 600w, https:\/\/firstdental-center.com\/wp-content\/uploads\/2024\/01\/faseta-100x100.jpg 100w, https:\/\/firstdental-center.com\/wp-content\/uploads\/2024\/01\/faseta.jpg 1080w\" sizes=\"(max-width: 847px) 100vw, 847px\" data-id=\"10709\" \/><\/a><\/div>\t\t\t\t \r\n\t\t\t<\/div> \r\n\t\t\t<div class=\"themetechmount-box-content\">\r\n\t\t\t\t<div class=\"tm-adv-content\">\r\n\t\t\t\t<div class=\"tm-box-post-date tm-wrap-cell\">\r\n\t\t\t\t\t<div class=\"themetechmount-post-date-wrapper\"><div class=\"themetechmount-entry-date-wrapper\"><span class=\"themetechmount-entry-date\"><time class=\"entry-date\" datetime=\"2024-01-30T19:59:49+00:00\">30<span class=\"entry-month entry-year\">Jan<span class=\"entry-year\">2024<\/span><\/span><\/time><\/span><\/div><\/div>\t\t\t\t<\/div>\r\n\r\n\t\t\t\t<div class=\"themetechmount-box-desc tm-wrap-cell\">\r\n\t\t\t\t\t<div class=\"entry-title\">\r\n\t\t\t\t\t\t<div class=\"themetechmount-box-title\"><h4><a href=\"https:\/\/firstdental-center.com\/sq\/why-choose-veneers\/\">P\u00ebrse t\u00eb zgjedh\u00ebsh faseta?<\/a><\/h4><\/div>\t\t\t\t\t<\/div>\t\r\n\t\t\t\t<\/div>\r\n\t\t\t\t<div class=\"entry-header tm-wrap-cell\">\t\t\t\t\t\r\n\t\t\t\t\t<div class=\"tm-blog-post-cat\">\r\n\t\t\t\t\t\t\t\t\t\t\t\t\t<span class=\"tm-meta-line cat-links\"><span class=\"screen-reader-text tm-hide\">Categories <\/span><a href=\"https:\/\/firstdental-center.com\/sq\/category\/first-dental\/\" rel=\"category tag\">Ditari dentar<\/a><\/span>\r\n\t\t\t\t\t\t\t\t\t\t\t<\/div> \r\n\t\t\t\t\t<div class=\"tm-entry-meta-wrapper\"><div class=\"entry-meta tm-entry-meta tm-entry-meta-blogbox\"><span class=\"tm-meta-line comments-link\"><i class=\"tm-brivona-icon-comment-3\"><\/i> <a href=\"https:\/\/firstdental-center.com\/sq\/why-choose-veneers\/#respond\">0 comment<\/a><\/span><span class=\"tm-meta-line byline\"><i class=\"tm-brivona-icon-user-1\"><\/i> <span class=\"author vcard\"><span class=\"screen-reader-text tm-hide\">Author <\/span><a class=\"url fn n\" href=\"https:\/\/firstdental-center.com\/sq\/author\/amohx\/\">amohx<\/a><\/span><\/span><\/div><\/div>\t\t\t\t<\/div>\t\r\n\t\t\t\t\t   \r\n\t\t\t   \t<div class=\"themetechmount-box-desc-footer tm-wrap-cell\">\r\n\t\t\t\t\t<div class=\"themetechmount-blogbox-desc-footer\">\r\n\t\t\t\t\t\t\t\t\t\t\t<\/div>\r\n\t\t\t\t<\/div>\t\r\n\t\t\t\t\r\n\t\t\t<\/div>\t\r\n\r\n\r\n<\/div>\r\n\r\n\t<\/div>\r\n      \r\n<\/article>\r\n<\/div>\n\t\t\t<\/div>\n\n\t\t\t<\/div><!-- .themetechmount-boxes-inner -->   <\/div><!-- .themetechmount-boxes -->  \t\t\t\t<\/div>\n\t\t\t\t<\/div>\n\t\t\t\t\t<\/div>\n\t\t<\/div>\n\t\t\t\t\t<\/div>\n\t\t<\/section>\n\t\t\t\t<\/div>","protected":false},"excerpt":{"rendered":"<p>26Nov2018 Adding Milk to Tea Destroys its Antioxidants in Whole Product Categories Cardiac, Medical 0 comment Author admin READ MORE 23Nov2018 Good Reasons to Break the Fast-Food Habit is follow diet Regularly Categories Health care, Medical 0 comment Author admin READ MORE 22Nov2018 For Weight Loss, More Exercise May Be More Effective for one Categories &hellip; <a href=\"https:\/\/firstdental-center.com\/sq\/why-choose-veneers\/\" class=\"more-link\">Continue reading <span class=\"screen-reader-text\">P\u00ebrse t\u00eb zgjedh\u00ebsh faseta?<\/span><\/a><\/p>","protected":false},"author":1,"featured_media":0,"parent":0,"menu_order":0,"comment_status":"closed","ping_status":"closed","template":"","meta":{"footnotes":""},"class_list":["post-674","page","type-page","status-publish","hentry"],"yoast_head":"<!-- This site is optimized with the Yoast SEO plugin v26.9 - https:\/\/yoast.com\/product\/yoast-seo-wordpress\/ -->\n<title>Blog - First Dental Center<\/title>\n<meta name=\"robots\" content=\"index, follow, max-snippet:-1, max-image-preview:large, max-video-preview:-1\" \/>\n<link rel=\"canonical\" href=\"https:\/\/firstdental-center.com\/sq\/blog\/\" \/>\n<meta property=\"og:locale\" content=\"sq_AL\" \/>\n<meta property=\"og:type\" content=\"article\" \/>\n<meta property=\"og:title\" content=\"Blog - First Dental Center\" \/>\n<meta property=\"og:description\" content=\"26Nov2018 Adding Milk to Tea Destroys its Antioxidants in Whole Product Categories Cardiac, Medical 0 comment Author admin READ MORE 23Nov2018 Good Reasons to Break the Fast-Food Habit is follow diet Regularly Categories Health care, Medical 0 comment Author admin READ MORE 22Nov2018 For Weight Loss, More Exercise May Be More Effective for one Categories &hellip; Continue reading Why choose veneers?\" \/>\n<meta property=\"og:url\" content=\"https:\/\/firstdental-center.com\/sq\/blog\/\" \/>\n<meta property=\"og:site_name\" content=\"First Dental Center\" \/>\n<meta property=\"article:modified_time\" content=\"2024-02-12T18:09:31+00:00\" \/>\n<meta property=\"og:image\" content=\"https:\/\/firstdental-center.com\/wp-content\/uploads\/2018\/11\/blog-img-01-740x510.jpg\" \/>\n<meta name=\"twitter:card\" content=\"summary_large_image\" \/>\n<meta name=\"twitter:label1\" content=\"Est. reading time\" \/>\n\t<meta name=\"twitter:data1\" content=\"2 minuta\" \/>\n<script type=\"application\/ld+json\" class=\"yoast-schema-graph\">{\"@context\":\"https:\/\/schema.org\",\"@graph\":[{\"@type\":\"WebPage\",\"@id\":\"https:\/\/firstdental-center.com\/blog\/\",\"url\":\"https:\/\/firstdental-center.com\/blog\/\",\"name\":\"Blog - First Dental Center\",\"isPartOf\":{\"@id\":\"https:\/\/firstdental-center.com\/#website\"},\"primaryImageOfPage\":{\"@id\":\"https:\/\/firstdental-center.com\/blog\/#primaryimage\"},\"image\":{\"@id\":\"https:\/\/firstdental-center.com\/blog\/#primaryimage\"},\"thumbnailUrl\":\"https:\/\/firstdental-center.com\/wp-content\/uploads\/2018\/11\/blog-img-01-740x510.jpg\",\"datePublished\":\"2018-11-20T12:48:39+00:00\",\"dateModified\":\"2024-02-12T18:09:31+00:00\",\"breadcrumb\":{\"@id\":\"https:\/\/firstdental-center.com\/blog\/#breadcrumb\"},\"inLanguage\":\"sq\",\"potentialAction\":[{\"@type\":\"ReadAction\",\"target\":[\"https:\/\/firstdental-center.com\/blog\/\"]}]},{\"@type\":\"ImageObject\",\"inLanguage\":\"sq\",\"@id\":\"https:\/\/firstdental-center.com\/blog\/#primaryimage\",\"url\":\"https:\/\/firstdental-center.com\/wp-content\/uploads\/2018\/11\/blog-img-01-740x510.jpg\",\"contentUrl\":\"https:\/\/firstdental-center.com\/wp-content\/uploads\/2018\/11\/blog-img-01-740x510.jpg\"},{\"@type\":\"BreadcrumbList\",\"@id\":\"https:\/\/firstdental-center.com\/blog\/#breadcrumb\",\"itemListElement\":[{\"@type\":\"ListItem\",\"position\":1,\"name\":\"Home\",\"item\":\"https:\/\/firstdental-center.com\/\"},{\"@type\":\"ListItem\",\"position\":2,\"name\":\"Blog\"}]},{\"@type\":\"WebSite\",\"@id\":\"https:\/\/firstdental-center.com\/#website\",\"url\":\"https:\/\/firstdental-center.com\/\",\"name\":\"First Dental Center\",\"description\":\"My WordPress Blog\",\"publisher\":{\"@id\":\"https:\/\/firstdental-center.com\/#organization\"},\"potentialAction\":[{\"@type\":\"SearchAction\",\"target\":{\"@type\":\"EntryPoint\",\"urlTemplate\":\"https:\/\/firstdental-center.com\/?s={search_term_string}\"},\"query-input\":{\"@type\":\"PropertyValueSpecification\",\"valueRequired\":true,\"valueName\":\"search_term_string\"}}],\"inLanguage\":\"sq\"},{\"@type\":\"Organization\",\"@id\":\"https:\/\/firstdental-center.com\/#organization\",\"name\":\"First Dental Center\",\"url\":\"https:\/\/firstdental-center.com\/\",\"logo\":{\"@type\":\"ImageObject\",\"inLanguage\":\"sq\",\"@id\":\"https:\/\/firstdental-center.com\/#\/schema\/logo\/image\/\",\"url\":\"https:\/\/firstdental-center.com\/wp-content\/uploads\/2023\/11\/extendify-demo-logo.png\",\"contentUrl\":\"https:\/\/firstdental-center.com\/wp-content\/uploads\/2023\/11\/extendify-demo-logo.png\",\"width\":96,\"height\":97,\"caption\":\"First Dental Center\"},\"image\":{\"@id\":\"https:\/\/firstdental-center.com\/#\/schema\/logo\/image\/\"}}]}<\/script>\n<!-- \/ Yoast SEO plugin. -->","yoast_head_json":{"title":"Blog - First Dental Center","robots":{"index":"index","follow":"follow","max-snippet":"max-snippet:-1","max-image-preview":"max-image-preview:large","max-video-preview":"max-video-preview:-1"},"canonical":"https:\/\/firstdental-center.com\/sq\/blog\/","og_locale":"sq_AL","og_type":"article","og_title":"Blog - First Dental Center","og_description":"26Nov2018 Adding Milk to Tea Destroys its Antioxidants in Whole Product Categories Cardiac, Medical 0 comment Author admin READ MORE 23Nov2018 Good Reasons to Break the Fast-Food Habit is follow diet Regularly Categories Health care, Medical 0 comment Author admin READ MORE 22Nov2018 For Weight Loss, More Exercise May Be More Effective for one Categories &hellip; Continue reading Why choose veneers?","og_url":"https:\/\/firstdental-center.com\/sq\/blog\/","og_site_name":"First Dental Center","article_modified_time":"2024-02-12T18:09:31+00:00","og_image":[{"url":"https:\/\/firstdental-center.com\/wp-content\/uploads\/2018\/11\/blog-img-01-740x510.jpg","type":"","width":"","height":""}],"twitter_card":"summary_large_image","twitter_misc":{"Est. reading time":"2 minuta"},"schema":{"@context":"https:\/\/schema.org","@graph":[{"@type":"WebPage","@id":"https:\/\/firstdental-center.com\/blog\/","url":"https:\/\/firstdental-center.com\/blog\/","name":"Blog - First Dental Center","isPartOf":{"@id":"https:\/\/firstdental-center.com\/#website"},"primaryImageOfPage":{"@id":"https:\/\/firstdental-center.com\/blog\/#primaryimage"},"image":{"@id":"https:\/\/firstdental-center.com\/blog\/#primaryimage"},"thumbnailUrl":"https:\/\/firstdental-center.com\/wp-content\/uploads\/2018\/11\/blog-img-01-740x510.jpg","datePublished":"2018-11-20T12:48:39+00:00","dateModified":"2024-02-12T18:09:31+00:00","breadcrumb":{"@id":"https:\/\/firstdental-center.com\/blog\/#breadcrumb"},"inLanguage":"sq","potentialAction":[{"@type":"ReadAction","target":["https:\/\/firstdental-center.com\/blog\/"]}]},{"@type":"ImageObject","inLanguage":"sq","@id":"https:\/\/firstdental-center.com\/blog\/#primaryimage","url":"https:\/\/firstdental-center.com\/wp-content\/uploads\/2018\/11\/blog-img-01-740x510.jpg","contentUrl":"https:\/\/firstdental-center.com\/wp-content\/uploads\/2018\/11\/blog-img-01-740x510.jpg"},{"@type":"BreadcrumbList","@id":"https:\/\/firstdental-center.com\/blog\/#breadcrumb","itemListElement":[{"@type":"ListItem","position":1,"name":"Home","item":"https:\/\/firstdental-center.com\/"},{"@type":"ListItem","position":2,"name":"Blog"}]},{"@type":"WebSite","@id":"https:\/\/firstdental-center.com\/#website","url":"https:\/\/firstdental-center.com\/","name":"First Dental Center","description":"My WordPress Blog","publisher":{"@id":"https:\/\/firstdental-center.com\/#organization"},"potentialAction":[{"@type":"SearchAction","target":{"@type":"EntryPoint","urlTemplate":"https:\/\/firstdental-center.com\/?s={search_term_string}"},"query-input":{"@type":"PropertyValueSpecification","valueRequired":true,"valueName":"search_term_string"}}],"inLanguage":"sq"},{"@type":"Organization","@id":"https:\/\/firstdental-center.com\/#organization","name":"First Dental Center","url":"https:\/\/firstdental-center.com\/","logo":{"@type":"ImageObject","inLanguage":"sq","@id":"https:\/\/firstdental-center.com\/#\/schema\/logo\/image\/","url":"https:\/\/firstdental-center.com\/wp-content\/uploads\/2023\/11\/extendify-demo-logo.png","contentUrl":"https:\/\/firstdental-center.com\/wp-content\/uploads\/2023\/11\/extendify-demo-logo.png","width":96,"height":97,"caption":"First Dental Center"},"image":{"@id":"https:\/\/firstdental-center.com\/#\/schema\/logo\/image\/"}}]}},"_links":{"self":[{"href":"https:\/\/firstdental-center.com\/sq\/wp-json\/wp\/v2\/pages\/674","targetHints":{"allow":["GET"]}}],"collection":[{"href":"https:\/\/firstdental-center.com\/sq\/wp-json\/wp\/v2\/pages"}],"about":[{"href":"https:\/\/firstdental-center.com\/sq\/wp-json\/wp\/v2\/types\/page"}],"author":[{"embeddable":true,"href":"https:\/\/firstdental-center.com\/sq\/wp-json\/wp\/v2\/users\/1"}],"replies":[{"embeddable":true,"href":"https:\/\/firstdental-center.com\/sq\/wp-json\/wp\/v2\/comments?post=674"}],"version-history":[{"count":1,"href":"https:\/\/firstdental-center.com\/sq\/wp-json\/wp\/v2\/pages\/674\/revisions"}],"predecessor-version":[{"id":10821,"href":"https:\/\/firstdental-center.com\/sq\/wp-json\/wp\/v2\/pages\/674\/revisions\/10821"}],"wp:attachment":[{"href":"https:\/\/firstdental-center.com\/sq\/wp-json\/wp\/v2\/media?parent=674"}],"curies":[{"name":"wp","href":"https:\/\/api.w.org\/{rel}","templated":true}]}}