{"id":10690,"date":"2024-01-30T19:21:52","date_gmt":"2024-01-30T19:21:52","guid":{"rendered":"https:\/\/firstdental-center.com\/?page_id=10690"},"modified":"2024-01-30T19:39:42","modified_gmt":"2024-01-30T19:39:42","slug":"dental-toursim","status":"publish","type":"page","link":"https:\/\/firstdental-center.com\/sq\/dental-toursim\/","title":{"rendered":"Turizmi Dentar"},"content":{"rendered":"<div data-elementor-type=\"wp-page\" data-elementor-id=\"10690\" class=\"elementor elementor-10690\">\n\t\t\t\t\t\t<section class=\"elementor-section elementor-top-section elementor-element elementor-element-2586183 tm-column-break-ipad-yes tm-col-stretched-left elementor-section-stretched tm-bgcolor-darkgrey tm-textcolor-white elementor-section-boxed elementor-section-height-default elementor-section-height-default\" data-id=\"2586183\" data-element_type=\"section\" data-e-type=\"section\" data-settings=\"{&quot;stretch_section&quot;:&quot;section-stretched&quot;}\">\n\t\t\t\t\t\t<div class=\"elementor-container elementor-column-gap-no\">\n\t\t\t\t\t<div class=\"elementor-column elementor-col-50 elementor-top-column elementor-element elementor-element-52fb857\" data-id=\"52fb857\" data-element_type=\"column\" data-e-type=\"column\">\n\t\t\t<div class=\"elementor-widget-wrap elementor-element-populated\">\n\t\t\t\t\t\t<div class=\"elementor-element elementor-element-174c2ed elementor-widget elementor-widget-text-editor\" data-id=\"174c2ed\" data-element_type=\"widget\" data-e-type=\"widget\" data-widget_type=\"text-editor.default\">\n\t\t\t\t<div class=\"elementor-widget-container\">\n\t\t\t\t\t\t\t\t\t<h4><strong>P\u00ebrtej angazhimit ton\u00eb p\u00ebr t\u00eb shk\u00eblqyer n\u00eb kujdesin dentar, First Dental Center ka k\u00ebnaq\u00ebsin\u00eb t\u00eb ofroj\u00eb sh\u00ebrbime t\u00eb turizmit dentar.\u00a0<\/strong><\/h4><p>N\u00ebse jeni banor vendas apo vizitor nd\u00ebrkomb\u00ebtar, ekipi yn\u00eb \u00ebsht\u00eb i p\u00ebrkushtuar n\u00eb ofrimin e kujdesit dentar t\u00eb nj\u00eb niveli t\u00eb lart\u00eb nga nj\u00eb staf mikprit\u00ebs dhe n\u00eb nj\u00eb mjedis modern.<\/p><p>Nisuni n\u00eb nj\u00eb udh\u00ebtim dentar si kurr\u00eb m\u00eb par\u00eb me First Dental Center n\u00eb Tiran\u00eb. Kombinimi i nj\u00eb kujdesi dentar cil\u00ebsor me ngroht\u00ebsin\u00eb e mikpritjes shqiptare, do ta b\u00ebjn\u00eb p\u00ebrvoj\u00ebn tuaj t\u00eb turizmit dentar nj\u00eb kujtim t\u00eb paharruesh\u00ebm. Na besoni buz\u00ebqeshjen tuaj dhe ne do t\u00eb kujdesemi q\u00eb p\u00ebrve\u00e7 sh\u00ebrbimit, t'ju ofrojm\u00eb dhe nj\u00eb eksperienc\u00eb unike gjat\u00eb eksplorimit t\u00eb qytetit t\u00eb Tiran\u00ebs.<\/p>\t\t\t\t\t\t\t\t<\/div>\n\t\t\t\t<\/div>\n\t\t\t\t\t<\/div>\n\t\t<\/div>\n\t\t\t\t<div class=\"elementor-column elementor-col-50 elementor-top-column elementor-element elementor-element-b9796a4\" data-id=\"b9796a4\" data-element_type=\"column\" data-e-type=\"column\">\n\t\t\t<div class=\"elementor-widget-wrap elementor-element-populated\">\n\t\t\t\t\t\t<div class=\"elementor-element elementor-element-43bb52a elementor-widget elementor-widget-image\" data-id=\"43bb52a\" data-element_type=\"widget\" data-e-type=\"widget\" data-widget_type=\"image.default\">\n\t\t\t\t<div class=\"elementor-widget-container\">\n\t\t\t\t\t\t\t\t\t\t\t\t\t\t\t<img fetchpriority=\"high\" decoding=\"async\" width=\"600\" height=\"381\" src=\"https:\/\/firstdental-center.com\/wp-content\/uploads\/2024\/01\/dental-tourism.jpg\" class=\"attachment-large size-large wp-image-10696\" alt=\"\" srcset=\"https:\/\/firstdental-center.com\/wp-content\/uploads\/2024\/01\/dental-tourism.jpg 600w, https:\/\/firstdental-center.com\/wp-content\/uploads\/2024\/01\/dental-tourism-300x191.jpg 300w\" sizes=\"(max-width: 600px) 100vw, 600px\" data-id=\"10696\" \/>\t\t\t\t\t\t\t\t\t\t\t\t\t\t\t<\/div>\n\t\t\t\t<\/div>\n\t\t\t\t\t<\/div>\n\t\t<\/div>\n\t\t\t\t\t<\/div>\n\t\t<\/section>\n\t\t\t\t<section class=\"elementor-section elementor-top-section elementor-element elementor-element-bdffcde tm-column-break-ipad-yes tm-col-stretched-left elementor-section-stretched tm-bgcolor-darkgrey tm-textcolor-white elementor-section-boxed elementor-section-height-default elementor-section-height-default\" data-id=\"bdffcde\" data-element_type=\"section\" data-e-type=\"section\" data-settings=\"{&quot;stretch_section&quot;:&quot;section-stretched&quot;}\">\n\t\t\t\t\t\t<div class=\"elementor-container elementor-column-gap-no\">\n\t\t\t\t\t<div class=\"elementor-column elementor-col-100 elementor-top-column elementor-element elementor-element-1874ce9\" data-id=\"1874ce9\" data-element_type=\"column\" data-e-type=\"column\">\n\t\t\t<div class=\"elementor-widget-wrap elementor-element-populated\">\n\t\t\t\t\t\t<div class=\"elementor-element elementor-element-9f5bd07 tm-align-center elementor-widget elementor-widget-tm_heading\" data-id=\"9f5bd07\" data-element_type=\"widget\" data-e-type=\"widget\" data-widget_type=\"tm_heading.default\">\n\t\t\t\t<div class=\"elementor-widget-container\">\n\t\t\t\t\t<div class=\"tm-element-heading-content-wrapper center-align tm-reverse-heading-yes tm-seperator-none tm-content-with-desc tm-heading-style-vertical\"><div class=\"tm-content-header\"><h2 class=\"tm-element-content-heading tm-custom-heading\">\n\t\t\t\t\u00c7far\u00eb ofrojm\u00eb ne?\n\t\t\t<\/h2>\n\t\t<div class=\"heading-seperator\"><span><\/span><\/div><\/div><div class=\"tm-element-content-desctxt\">\n<\/div><\/div>\t\t\t\t<\/div>\n\t\t\t\t<\/div>\n\t\t\t\t<div class=\"elementor-element elementor-element-ee7e62d elementor-widget elementor-widget-tm_icon_heading\" data-id=\"ee7e62d\" data-element_type=\"widget\" data-e-type=\"widget\" data-widget_type=\"tm_icon_heading.default\">\n\t\t\t\t<div class=\"elementor-widget-container\">\n\t\t\t\t\t\n<div class=\"themetechmount-iconbox themetechmount-iconbox-styleten  themetechmount-iconcolor-skincolor themetechmount-icon-bgcolor-none tm-iconstyle-none themetechmount-iconsize-default\">\n\n<div class=\"themetechmount-iconbox-inner\">\n\t\t<div class=\"tm-iconbox-wrapper tm-wrap\">\n\t\t\t<div class=\"themetechmount-iconbox-icon tm-wrap-cell\">\n\t\t\t<div class=\"tm-box-icon\"><i class=\"fas fa-car-alt\"><\/i><\/div>\t\t\t<\/div>\n\t\t\t<div class=\"themetechmount-iconbox-heading tm-wrap-cell\">\n\t\t\t\t<h2 class=\"tm-custom-heading\">\n\t\t\t\t\t\n\t\t\t\t\t\tTransport i P\u00ebrkushtuar\n\t\t\t\t\t\n\t\t\t\t\t<\/h2>\n\t\t\t\t\t\t\t\t\t\t\t\t<div class=\"tm-cta3-content-wrapper\">L\u00ebreni logjistik\u00ebn n\u00eb duart tona! Paketa jon\u00eb e turizmit dentar p\u00ebrfshin sh\u00ebrbime transporti t\u00eb p\u00ebrkushtuara p\u00ebr udh\u00ebtimin nga aeroporti dhe n\u00eb aeroport, duke siguruar nj\u00eb ardhje dhe largim t\u00eb leht\u00eb dhe t\u00eb p\u00ebrshtatsh\u00ebm. Nga momenti kur zbret n\u00eb Tiran\u00eb, ekipi yn\u00eb \u00ebsht\u00eb i p\u00ebrkushtuar p\u00ebr t\u00eb b\u00ebr\u00eb udh\u00ebtimin tuaj dentar pa v\u00ebshtir\u00ebsi.<\/div>\t\t\t\t\t\t\t<\/div>\t\n\t\t<\/div>\n\t<\/div>\t\n\n<\/div>\n\t\t\t\t<\/div>\n\t\t\t\t<\/div>\n\t\t\t\t<div class=\"elementor-element elementor-element-b3f77b8 elementor-widget elementor-widget-tm_icon_heading\" data-id=\"b3f77b8\" data-element_type=\"widget\" data-e-type=\"widget\" data-widget_type=\"tm_icon_heading.default\">\n\t\t\t\t<div class=\"elementor-widget-container\">\n\t\t\t\t\t\n<div class=\"themetechmount-iconbox themetechmount-iconbox-styleten  themetechmount-iconcolor-skincolor themetechmount-icon-bgcolor-none tm-iconstyle-none themetechmount-iconsize-default\">\n\n<div class=\"themetechmount-iconbox-inner\">\n\t\t<div class=\"tm-iconbox-wrapper tm-wrap\">\n\t\t\t<div class=\"themetechmount-iconbox-icon tm-wrap-cell\">\n\t\t\t<div class=\"tm-box-icon\"><i class=\"fas fa-hotel\"><\/i><\/div>\t\t\t<\/div>\n\t\t\t<div class=\"themetechmount-iconbox-heading tm-wrap-cell\">\n\t\t\t\t<h2 class=\"tm-custom-heading\">\n\t\t\t\t\t\n\t\t\t\t\t\tAkomodimi\n\t\t\t\t\t\n\t\t\t\t\t<\/h2>\n\t\t\t\t\t\t\t\t\t\t\t\t<div class=\"tm-cta3-content-wrapper\">Relaksohu dhe rinovohu me stil me opsionet tona t\u00eb kujdessh\u00ebm t\u00eb akomodimit. Bashk\u00ebpunojm\u00eb me hotele t\u00eb njohura n\u00eb Tiran\u00eb p\u00ebr t\u00eb ju ofruar q\u00ebndrime t\u00eb rehatshme, duke ju lejuar t\u00eb p\u00ebrqendroheni n\u00eb trajtimin tuaj dentar dhe t\u00eb eksploroni bukurin\u00eb e qytetit. Zhyteni veten n\u00eb kultur\u00ebn e pasur t\u00eb Shqip\u00ebris\u00eb duke shijuar komoditetin e sht\u00ebpis\u00eb suaj larg sht\u00ebpis\u00eb.<\/div>\t\t\t\t\t\t\t<\/div>\t\n\t\t<\/div>\n\t<\/div>\t\n\n<\/div>\n\t\t\t\t<\/div>\n\t\t\t\t<\/div>\n\t\t\t\t<div class=\"elementor-element elementor-element-d6bb791 elementor-widget elementor-widget-tm_icon_heading\" data-id=\"d6bb791\" data-element_type=\"widget\" data-e-type=\"widget\" data-widget_type=\"tm_icon_heading.default\">\n\t\t\t\t<div class=\"elementor-widget-container\">\n\t\t\t\t\t\n<div class=\"themetechmount-iconbox themetechmount-iconbox-styleten  themetechmount-iconcolor-skincolor themetechmount-icon-bgcolor-none tm-iconstyle-none themetechmount-iconsize-default\">\n\n<div class=\"themetechmount-iconbox-inner\">\n\t\t<div class=\"tm-iconbox-wrapper tm-wrap\">\n\t\t\t<div class=\"themetechmount-iconbox-icon tm-wrap-cell\">\n\t\t\t<div class=\"tm-box-icon\"><i class=\"fas fa-plane-arrival\"><\/i><\/div>\t\t\t<\/div>\n\t\t\t<div class=\"themetechmount-iconbox-heading tm-wrap-cell\">\n\t\t\t\t<h2 class=\"tm-custom-heading\">\n\t\t\t\t\t\n\t\t\t\t\t\tBileta Avioni\n\t\t\t\t\t\n\t\t\t\t\t<\/h2>\n\t\t\t\t\t\t\t\t\t\t\t\t<div class=\"tm-cta3-content-wrapper\">Planifikimi i udh\u00ebtimit tuaj \u00ebsht\u00eb shum\u00eb i leht\u00eb me ndihm\u00ebn ton\u00eb n\u00eb sigurimin e biletave t\u00eb avionit. Ekipi yn\u00eb \u00ebsht\u00eb i p\u00ebrkushtuar p\u00ebr t'ju ndihmuar t\u00eb gjeni opsionet m\u00eb t\u00eb p\u00ebrshtatshme t\u00eb udh\u00ebtimit p\u00ebr n\u00eb Tiran\u00eb dhe, natyrisht, p\u00ebr t\u00eb mbuluar t\u00eb gjitha shpenzimet. Pavar\u00ebsisht nga vini, n\u00ebse vini nga Evropa, Azia, ose larg, ne do t'ju udh\u00ebheqim n\u00ebp\u00ebr pro\u00e7es, duke siguruar q\u00eb t\u00eb mb\u00ebrrini n\u00eb Tiran\u00eb gati p\u00ebr nj\u00eb p\u00ebrvoj\u00eb dentare transformuese.<\/div>\t\t\t\t\t\t\t<\/div>\t\n\t\t<\/div>\n\t<\/div>\t\n\n<\/div>\n\t\t\t\t<\/div>\n\t\t\t\t<\/div>\n\t\t\t\t<div class=\"elementor-element elementor-element-8a9b8df elementor-widget elementor-widget-tm_icon_heading\" data-id=\"8a9b8df\" data-element_type=\"widget\" data-e-type=\"widget\" data-widget_type=\"tm_icon_heading.default\">\n\t\t\t\t<div class=\"elementor-widget-container\">\n\t\t\t\t\t\n<div class=\"themetechmount-iconbox themetechmount-iconbox-styleten  themetechmount-iconcolor-skincolor themetechmount-icon-bgcolor-none tm-iconstyle-none themetechmount-iconsize-default\">\n\n<div class=\"themetechmount-iconbox-inner\">\n\t\t<div class=\"tm-iconbox-wrapper tm-wrap\">\n\t\t\t<div class=\"themetechmount-iconbox-icon tm-wrap-cell\">\n\t\t\t<div class=\"tm-box-icon\"><i class=\"fas fa-archway\"><\/i><\/div>\t\t\t<\/div>\n\t\t\t<div class=\"themetechmount-iconbox-heading tm-wrap-cell\">\n\t\t\t\t<h2 class=\"tm-custom-heading\">\n\t\t\t\t\t\n\t\t\t\t\t\tItinerar i Personalizuar\n\t\t\t\t\t\n\t\t\t\t\t<\/h2>\n\t\t\t\t\t\t\t\t\t\t\t\t<div class=\"tm-cta3-content-wrapper\">Shijojeni Tiran\u00ebn si nj\u00eb banor vendas! Si pjes\u00eb e paket\u00ebs son\u00eb t\u00eb turizmit dentar, ne mund t\u00eb ndihmojm\u00eb n\u00eb krijimin e nj\u00eb itinerari t\u00eb personalizuar p\u00ebr q\u00ebndrimin tuaj, duke theksuar atraksionet q\u00eb duhet t\u00eb vizitoni, kuzhinat vendase dhe p\u00ebrvojat kulturore.Shryt\u00ebzoni sa m\u00eb shum\u00eb koh\u00ebn tuaj n\u00eb Tiran\u00eb nd\u00ebrsa kujdeseni p\u00ebr sh\u00ebndetin tuaj dental.<\/div>\t\t\t\t\t\t\t<\/div>\t\n\t\t<\/div>\n\t<\/div>\t\n\n<\/div>\n\t\t\t\t<\/div>\n\t\t\t\t<\/div>\n\t\t\t\t<div class=\"elementor-element elementor-element-5a495bd elementor-widget elementor-widget-tm_icon_heading\" data-id=\"5a495bd\" data-element_type=\"widget\" data-e-type=\"widget\" data-widget_type=\"tm_icon_heading.default\">\n\t\t\t\t<div class=\"elementor-widget-container\">\n\t\t\t\t\t\n<div class=\"themetechmount-iconbox themetechmount-iconbox-styleten  themetechmount-iconcolor-skincolor themetechmount-icon-bgcolor-none tm-iconstyle-none themetechmount-iconsize-default\">\n\n<div class=\"themetechmount-iconbox-inner\">\n\t\t<div class=\"tm-iconbox-wrapper tm-wrap\">\n\t\t\t<div class=\"themetechmount-iconbox-icon tm-wrap-cell\">\n\t\t\t<div class=\"tm-box-icon\"><i class=\"fas fa-language\"><\/i><\/div>\t\t\t<\/div>\n\t\t\t<div class=\"themetechmount-iconbox-heading tm-wrap-cell\">\n\t\t\t\t<h2 class=\"tm-custom-heading\">\n\t\t\t\t\t\n\t\t\t\t\t\tKomunikim n\u00eb gjuh\u00eb t\u00eb ndryshme\n\t\t\t\t\t\n\t\t\t\t\t<\/h2>\n\t\t\t\t\t\t\t\t\t\t\t\t<div class=\"tm-cta3-content-wrapper\">Komunikimi \u00ebsht\u00eb \u00e7el\u00ebsi, dhe ne e kuptojm\u00eb r\u00ebnd\u00ebsin\u00eb e nj\u00eb komunikimi t\u00eb qart\u00eb dhe efektiv gjat\u00eb udh\u00ebtimit tuaj dentar. Ekipi yn\u00eb p\u00ebrfshin an\u00ebtar\u00eb t\u00eb cil\u00ebt jan\u00eb t\u00eb kualifikuar n\u00eb gjuh\u00ebt e huaja si anglisht, italisht, etj., dhe mund t'ju ndihmojn\u00eb n\u00eb \u00e7do hap t\u00eb rrug\u00ebs, duke siguruar q\u00eb t\u00eb ndiheni t\u00eb rehatuar dhe t\u00eb informuar mir\u00eb gjat\u00eb gjith\u00eb p\u00ebrvoj\u00ebs suaj.<\/div>\t\t\t\t\t\t\t<\/div>\t\n\t\t<\/div>\n\t<\/div>\t\n\n<\/div>\n\t\t\t\t<\/div>\n\t\t\t\t<\/div>\n\t\t\t\t\t<\/div>\n\t\t<\/div>\n\t\t\t\t\t<\/div>\n\t\t<\/section>\n\t\t\t\t<\/div>","protected":false},"excerpt":{"rendered":"<p>Beyond our commitment to excellence in dental care, First Dental Center is delighted to offer dental tourism services.\u00a0 Whether you&#8217;re a local resident or an international visitor, our team is dedicated to providing world-class dental care in a welcoming and vibrant setting. Embark on a dental journey like never before with the First Dental Clinic &hellip; <a href=\"https:\/\/firstdental-center.com\/sq\/dental-toursim\/\" class=\"more-link\">Continue reading <span class=\"screen-reader-text\">Turizmi Dentar<\/span><\/a><\/p>","protected":false},"author":1,"featured_media":0,"parent":0,"menu_order":0,"comment_status":"closed","ping_status":"closed","template":"","meta":{"footnotes":""},"class_list":["post-10690","page","type-page","status-publish","hentry"],"yoast_head":"<!-- This site is optimized with the Yoast SEO plugin v26.9 - https:\/\/yoast.com\/product\/yoast-seo-wordpress\/ -->\n<title>Dental Toursim - First Dental Center<\/title>\n<meta name=\"robots\" content=\"index, follow, max-snippet:-1, max-image-preview:large, max-video-preview:-1\" \/>\n<link rel=\"canonical\" href=\"https:\/\/firstdental-center.com\/sq\/dental-toursim\/\" \/>\n<meta property=\"og:locale\" content=\"sq_AL\" \/>\n<meta property=\"og:type\" content=\"article\" \/>\n<meta property=\"og:title\" content=\"Dental Toursim - First Dental Center\" \/>\n<meta property=\"og:description\" content=\"Beyond our commitment to excellence in dental care, First Dental Center is delighted to offer dental tourism services.\u00a0 Whether you&#8217;re a local resident or an international visitor, our team is dedicated to providing world-class dental care in a welcoming and vibrant setting. Embark on a dental journey like never before with the First Dental Clinic &hellip; Continue reading Dental Toursim\" \/>\n<meta property=\"og:url\" content=\"https:\/\/firstdental-center.com\/sq\/dental-toursim\/\" \/>\n<meta property=\"og:site_name\" content=\"First Dental Center\" \/>\n<meta property=\"article:modified_time\" content=\"2024-01-30T19:39:42+00:00\" \/>\n<meta property=\"og:image\" content=\"https:\/\/firstdental-center.com\/wp-content\/uploads\/2024\/01\/dental-tourism.jpg\" \/>\n<meta name=\"twitter:card\" content=\"summary_large_image\" \/>\n<meta name=\"twitter:label1\" content=\"Est. reading time\" \/>\n\t<meta name=\"twitter:data1\" content=\"2 minuta\" \/>\n<script type=\"application\/ld+json\" class=\"yoast-schema-graph\">{\"@context\":\"https:\/\/schema.org\",\"@graph\":[{\"@type\":\"WebPage\",\"@id\":\"https:\/\/firstdental-center.com\/dental-toursim\/\",\"url\":\"https:\/\/firstdental-center.com\/dental-toursim\/\",\"name\":\"Dental Toursim - First Dental Center\",\"isPartOf\":{\"@id\":\"https:\/\/firstdental-center.com\/#website\"},\"primaryImageOfPage\":{\"@id\":\"https:\/\/firstdental-center.com\/dental-toursim\/#primaryimage\"},\"image\":{\"@id\":\"https:\/\/firstdental-center.com\/dental-toursim\/#primaryimage\"},\"thumbnailUrl\":\"https:\/\/firstdental-center.com\/wp-content\/uploads\/2024\/01\/dental-tourism.jpg\",\"datePublished\":\"2024-01-30T19:21:52+00:00\",\"dateModified\":\"2024-01-30T19:39:42+00:00\",\"breadcrumb\":{\"@id\":\"https:\/\/firstdental-center.com\/dental-toursim\/#breadcrumb\"},\"inLanguage\":\"sq\",\"potentialAction\":[{\"@type\":\"ReadAction\",\"target\":[\"https:\/\/firstdental-center.com\/dental-toursim\/\"]}]},{\"@type\":\"ImageObject\",\"inLanguage\":\"sq\",\"@id\":\"https:\/\/firstdental-center.com\/dental-toursim\/#primaryimage\",\"url\":\"https:\/\/firstdental-center.com\/wp-content\/uploads\/2024\/01\/dental-tourism.jpg\",\"contentUrl\":\"https:\/\/firstdental-center.com\/wp-content\/uploads\/2024\/01\/dental-tourism.jpg\"},{\"@type\":\"BreadcrumbList\",\"@id\":\"https:\/\/firstdental-center.com\/dental-toursim\/#breadcrumb\",\"itemListElement\":[{\"@type\":\"ListItem\",\"position\":1,\"name\":\"Home\",\"item\":\"https:\/\/firstdental-center.com\/\"},{\"@type\":\"ListItem\",\"position\":2,\"name\":\"Dental Toursim\"}]},{\"@type\":\"WebSite\",\"@id\":\"https:\/\/firstdental-center.com\/#website\",\"url\":\"https:\/\/firstdental-center.com\/\",\"name\":\"First Dental Center\",\"description\":\"My WordPress Blog\",\"publisher\":{\"@id\":\"https:\/\/firstdental-center.com\/#organization\"},\"potentialAction\":[{\"@type\":\"SearchAction\",\"target\":{\"@type\":\"EntryPoint\",\"urlTemplate\":\"https:\/\/firstdental-center.com\/?s={search_term_string}\"},\"query-input\":{\"@type\":\"PropertyValueSpecification\",\"valueRequired\":true,\"valueName\":\"search_term_string\"}}],\"inLanguage\":\"sq\"},{\"@type\":\"Organization\",\"@id\":\"https:\/\/firstdental-center.com\/#organization\",\"name\":\"First Dental Center\",\"url\":\"https:\/\/firstdental-center.com\/\",\"logo\":{\"@type\":\"ImageObject\",\"inLanguage\":\"sq\",\"@id\":\"https:\/\/firstdental-center.com\/#\/schema\/logo\/image\/\",\"url\":\"https:\/\/firstdental-center.com\/wp-content\/uploads\/2023\/11\/extendify-demo-logo.png\",\"contentUrl\":\"https:\/\/firstdental-center.com\/wp-content\/uploads\/2023\/11\/extendify-demo-logo.png\",\"width\":96,\"height\":97,\"caption\":\"First Dental Center\"},\"image\":{\"@id\":\"https:\/\/firstdental-center.com\/#\/schema\/logo\/image\/\"}}]}<\/script>\n<!-- \/ Yoast SEO plugin. -->","yoast_head_json":{"title":"Dental Toursim - First Dental Center","robots":{"index":"index","follow":"follow","max-snippet":"max-snippet:-1","max-image-preview":"max-image-preview:large","max-video-preview":"max-video-preview:-1"},"canonical":"https:\/\/firstdental-center.com\/sq\/dental-toursim\/","og_locale":"sq_AL","og_type":"article","og_title":"Dental Toursim - First Dental Center","og_description":"Beyond our commitment to excellence in dental care, First Dental Center is delighted to offer dental tourism services.\u00a0 Whether you&#8217;re a local resident or an international visitor, our team is dedicated to providing world-class dental care in a welcoming and vibrant setting. Embark on a dental journey like never before with the First Dental Clinic &hellip; Continue reading Dental Toursim","og_url":"https:\/\/firstdental-center.com\/sq\/dental-toursim\/","og_site_name":"First Dental Center","article_modified_time":"2024-01-30T19:39:42+00:00","og_image":[{"url":"https:\/\/firstdental-center.com\/wp-content\/uploads\/2024\/01\/dental-tourism.jpg","type":"","width":"","height":""}],"twitter_card":"summary_large_image","twitter_misc":{"Est. reading time":"2 minuta"},"schema":{"@context":"https:\/\/schema.org","@graph":[{"@type":"WebPage","@id":"https:\/\/firstdental-center.com\/dental-toursim\/","url":"https:\/\/firstdental-center.com\/dental-toursim\/","name":"Dental Toursim - First Dental Center","isPartOf":{"@id":"https:\/\/firstdental-center.com\/#website"},"primaryImageOfPage":{"@id":"https:\/\/firstdental-center.com\/dental-toursim\/#primaryimage"},"image":{"@id":"https:\/\/firstdental-center.com\/dental-toursim\/#primaryimage"},"thumbnailUrl":"https:\/\/firstdental-center.com\/wp-content\/uploads\/2024\/01\/dental-tourism.jpg","datePublished":"2024-01-30T19:21:52+00:00","dateModified":"2024-01-30T19:39:42+00:00","breadcrumb":{"@id":"https:\/\/firstdental-center.com\/dental-toursim\/#breadcrumb"},"inLanguage":"sq","potentialAction":[{"@type":"ReadAction","target":["https:\/\/firstdental-center.com\/dental-toursim\/"]}]},{"@type":"ImageObject","inLanguage":"sq","@id":"https:\/\/firstdental-center.com\/dental-toursim\/#primaryimage","url":"https:\/\/firstdental-center.com\/wp-content\/uploads\/2024\/01\/dental-tourism.jpg","contentUrl":"https:\/\/firstdental-center.com\/wp-content\/uploads\/2024\/01\/dental-tourism.jpg"},{"@type":"BreadcrumbList","@id":"https:\/\/firstdental-center.com\/dental-toursim\/#breadcrumb","itemListElement":[{"@type":"ListItem","position":1,"name":"Home","item":"https:\/\/firstdental-center.com\/"},{"@type":"ListItem","position":2,"name":"Dental Toursim"}]},{"@type":"WebSite","@id":"https:\/\/firstdental-center.com\/#website","url":"https:\/\/firstdental-center.com\/","name":"First Dental Center","description":"My WordPress Blog","publisher":{"@id":"https:\/\/firstdental-center.com\/#organization"},"potentialAction":[{"@type":"SearchAction","target":{"@type":"EntryPoint","urlTemplate":"https:\/\/firstdental-center.com\/?s={search_term_string}"},"query-input":{"@type":"PropertyValueSpecification","valueRequired":true,"valueName":"search_term_string"}}],"inLanguage":"sq"},{"@type":"Organization","@id":"https:\/\/firstdental-center.com\/#organization","name":"First Dental Center","url":"https:\/\/firstdental-center.com\/","logo":{"@type":"ImageObject","inLanguage":"sq","@id":"https:\/\/firstdental-center.com\/#\/schema\/logo\/image\/","url":"https:\/\/firstdental-center.com\/wp-content\/uploads\/2023\/11\/extendify-demo-logo.png","contentUrl":"https:\/\/firstdental-center.com\/wp-content\/uploads\/2023\/11\/extendify-demo-logo.png","width":96,"height":97,"caption":"First Dental Center"},"image":{"@id":"https:\/\/firstdental-center.com\/#\/schema\/logo\/image\/"}}]}},"_links":{"self":[{"href":"https:\/\/firstdental-center.com\/sq\/wp-json\/wp\/v2\/pages\/10690","targetHints":{"allow":["GET"]}}],"collection":[{"href":"https:\/\/firstdental-center.com\/sq\/wp-json\/wp\/v2\/pages"}],"about":[{"href":"https:\/\/firstdental-center.com\/sq\/wp-json\/wp\/v2\/types\/page"}],"author":[{"embeddable":true,"href":"https:\/\/firstdental-center.com\/sq\/wp-json\/wp\/v2\/users\/1"}],"replies":[{"embeddable":true,"href":"https:\/\/firstdental-center.com\/sq\/wp-json\/wp\/v2\/comments?post=10690"}],"version-history":[{"count":13,"href":"https:\/\/firstdental-center.com\/sq\/wp-json\/wp\/v2\/pages\/10690\/revisions"}],"predecessor-version":[{"id":10706,"href":"https:\/\/firstdental-center.com\/sq\/wp-json\/wp\/v2\/pages\/10690\/revisions\/10706"}],"wp:attachment":[{"href":"https:\/\/firstdental-center.com\/sq\/wp-json\/wp\/v2\/media?parent=10690"}],"curies":[{"name":"wp","href":"https:\/\/api.w.org\/{rel}","templated":true}]}}