{"id":10379,"date":"2024-01-09T18:15:45","date_gmt":"2024-01-09T18:15:45","guid":{"rendered":"https:\/\/firstdental-center.com\/?page_id=10379"},"modified":"2024-02-21T21:00:48","modified_gmt":"2024-02-21T21:00:48","slug":"advanced-implantology","status":"publish","type":"page","link":"https:\/\/firstdental-center.com\/sq\/services-2\/advanced-implantology\/","title":{"rendered":"Implantologji e Avancuar"},"content":{"rendered":"<div data-elementor-type=\"wp-page\" data-elementor-id=\"10379\" class=\"elementor elementor-10379\">\n\t\t\t\t<div class=\"elementor-element elementor-element-c675da2 e-flex e-con-boxed e-con e-parent\" data-id=\"c675da2\" data-element_type=\"container\" data-e-type=\"container\">\n\t\t\t\t\t<div class=\"e-con-inner\">\n\t\t\t\t<div class=\"elementor-element elementor-element-95230b4 elementor-widget elementor-widget-text-editor\" data-id=\"95230b4\" data-element_type=\"widget\" data-e-type=\"widget\" data-widget_type=\"text-editor.default\">\n\t\t\t\t<div class=\"elementor-widget-container\">\n\t\t\t\t\t\t\t\t\t<p data-renderer-start-pos=\"24\">Zbuloni nj\u00eb qasje revolucionare p\u00ebr restaurimin e dh\u00ebmb\u00ebve me sh\u00ebrbimet e avancuara t\u00eb implantologjis\u00eb s\u00eb First Dental Center n\u00eb Tiran\u00eb. Ekipi yn\u00eb i ekspert\u00ebve kombinon fjal\u00ebn e fundit t\u00eb teknologjis\u00eb me eksperienc\u00ebn shum\u00ebvje\u00e7are t\u00eb stafit p\u00ebr t\u00eb ofruar zgjidhje optimale n\u00eb rastin e munges\u00ebs s\u00eb dh\u00ebmb\u00ebve. Duke p\u00ebrdorur teknikat m\u00eb t\u00eb fundit, ne sigurojm\u00eb vendosjen e sakt\u00eb t\u00eb implantit p\u00ebr arritjen e nj\u00eb pamje dhe ndjesie natyrale.<\/p><p data-renderer-start-pos=\"377\">N\u00eb First Dental Center, ne e kuptojm\u00eb r\u00ebnd\u00ebsin\u00eb e nj\u00eb buz\u00ebqeshjeje t\u00eb sigurt dhe sh\u00ebrbimet tona t\u00eb avancuara t\u00eb implantologjis\u00eb jan\u00eb krijuar p\u00ebr t\u00eb rivendosur funksionin dhe estetik\u00ebn. Profesionist\u00ebt tan\u00eb p\u00ebrdorin teknikat m\u00eb t\u00eb fundit n\u00eb teknologjin\u00eb e implanteve p\u00ebr t\u00eb ofruar zgjidhje t\u00eb personalizuara trajtimi q\u00eb plot\u00ebsojn\u00eb nevojat e pacientit.<\/p><p data-renderer-start-pos=\"698\">Pavar\u00ebsisht n\u00ebse keni nj\u00eb dh\u00ebmb t\u00eb vet\u00ebm q\u00eb ju mungon ose keni nevoj\u00eb p\u00ebr nj\u00eb restaurim t\u00eb plot\u00eb t\u00eb harkut, klinika jon\u00eb dentare n\u00eb Tiran\u00eb \u00ebsht\u00eb e p\u00ebrkushtuar p\u00ebr t\u00eb dh\u00ebn\u00eb rezultate t\u00eb jasht\u00ebzakonshme. Ne i japim p\u00ebrpar\u00ebsi rehatis\u00eb dhe k\u00ebnaq\u00ebsis\u00eb s\u00eb pacientit,duke ofruar nj\u00eb p\u00ebrvoj\u00eb t\u00eb qet\u00eb nga konsultimi deri tek kujdesi pas implantit.<\/p><p data-renderer-start-pos=\"971\">Zgjidhni First Dental Center p\u00ebr Implantologji t\u00eb Avancuar dhe fillo nj\u00eb udh\u00ebtim p\u00ebr t\u00eb rimarr\u00eb bukurin\u00eb dhe funksionimin e buz\u00ebqeshjes tuaj. Sh\u00ebndeti i dh\u00ebmb\u00ebve tuaj \u00ebsht\u00eb p\u00ebr ne nj\u00eb prioritet, dhe jemi t\u00eb p\u00ebrkushtuar p\u00ebr t\u00eb ofruar shk\u00eblqim n\u00eb \u00e7do aspekt t\u00eb trajtimit t\u00eb implantit tuaj.<\/p>\t\t\t\t\t\t\t\t<\/div>\n\t\t\t\t<\/div>\n\t\t\t\t\t<\/div>\n\t\t\t\t<\/div>\n\t\t<div class=\"elementor-element elementor-element-a9c7400 e-flex e-con-boxed e-con e-parent\" data-id=\"a9c7400\" data-element_type=\"container\" data-e-type=\"container\">\n\t\t\t\t\t<div class=\"e-con-inner\">\n\t\t<div class=\"elementor-element elementor-element-25c3975 e-con-full e-flex e-con e-child\" data-id=\"25c3975\" data-element_type=\"container\" data-e-type=\"container\">\n\t\t\t\t<div class=\"elementor-element elementor-element-360d1ba elementor-widget elementor-widget-tm_icon_heading\" data-id=\"360d1ba\" data-element_type=\"widget\" data-e-type=\"widget\" data-widget_type=\"tm_icon_heading.default\">\n\t\t\t\t<div class=\"elementor-widget-container\">\n\t\t\t\t\t\n<div class=\"themetechmount-iconbox themetechmount-iconbox-styleone themetechmount-iconcolor-skincolor\">\n<div class=\"themetechmount-iconbox-inner\">\n\t\t<div class=\"tm-iconbox-wrapper\">\n\t\t\t<div class=\"tm-iconbox\">\n\t\t\t\t<div class=\"themetechmount-iconbox-icon\">\n\t\t\t\t\t<div class=\"tm-box-icon\"><i class=\"kw_brivona flaticon-patient\"><\/i><\/div>\t\t\t\t<\/div>\n\t\t\t\t<div class=\"themetechmount-iconbox-heading\">\n\t\t\t\t\t<h2 class=\"tm-custom-heading\">\n\t\t\t\t\t\n\t\t\t\t\t\tNgritja Laterale e Sinusit\n\t\t\t\t\t\n\t\t\t\t\t<\/h2>\n\t\t\t\t\t\t\t\t\t\t\t\t\t<\/div>\n\t\t\t<\/div>\n\t\t\t<div class=\"themetechmount-iconbox-desc\">\n\t\t\t\t\t\t\t\t\t\t\t<\/div>\n\t\t<\/div>\n\t<\/div>\t\n<\/div>\n\t\t\t\t<\/div>\n\t\t\t\t<\/div>\n\t\t\t\t<\/div>\n\t\t<div class=\"elementor-element elementor-element-55de51b e-con-full e-flex e-con e-child\" data-id=\"55de51b\" data-element_type=\"container\" data-e-type=\"container\">\n\t\t\t\t<div class=\"elementor-element elementor-element-39b78f1 elementor-widget elementor-widget-tm_icon_heading\" data-id=\"39b78f1\" data-element_type=\"widget\" data-e-type=\"widget\" data-widget_type=\"tm_icon_heading.default\">\n\t\t\t\t<div class=\"elementor-widget-container\">\n\t\t\t\t\t\n<div class=\"themetechmount-iconbox themetechmount-iconbox-styleone themetechmount-iconcolor-skincolor\">\n<div class=\"themetechmount-iconbox-inner\">\n\t\t<div class=\"tm-iconbox-wrapper\">\n\t\t\t<div class=\"tm-iconbox\">\n\t\t\t\t<div class=\"themetechmount-iconbox-icon\">\n\t\t\t\t\t<div class=\"tm-box-icon\"><i class=\"kw_brivona flaticon-bone-structure-tip\"><\/i><\/div>\t\t\t\t<\/div>\n\t\t\t\t<div class=\"themetechmount-iconbox-heading\">\n\t\t\t\t\t<h2 class=\"tm-custom-heading\">\n\t\t\t\t\t\n\t\t\t\t\t\tTransplanti i kock\u00ebs\n\t\t\t\t\t\n\t\t\t\t\t<\/h2>\n\t\t\t\t\t\t\t\t\t\t\t\t\t<\/div>\n\t\t\t<\/div>\n\t\t\t<div class=\"themetechmount-iconbox-desc\">\n\t\t\t\t\t\t\t\t\t\t\t<\/div>\n\t\t<\/div>\n\t<\/div>\t\n<\/div>\n\t\t\t\t<\/div>\n\t\t\t\t<\/div>\n\t\t\t\t<\/div>\n\t\t<div class=\"elementor-element elementor-element-dfe6bb5 e-con-full e-flex e-con e-child\" data-id=\"dfe6bb5\" data-element_type=\"container\" data-e-type=\"container\">\n\t\t\t\t<div class=\"elementor-element elementor-element-ce5402b elementor-widget elementor-widget-tm_icon_heading\" data-id=\"ce5402b\" data-element_type=\"widget\" data-e-type=\"widget\" data-widget_type=\"tm_icon_heading.default\">\n\t\t\t\t<div class=\"elementor-widget-container\">\n\t\t\t\t\t\n<div class=\"themetechmount-iconbox themetechmount-iconbox-styleone themetechmount-iconcolor-skincolor\">\n<div class=\"themetechmount-iconbox-inner\">\n\t\t<div class=\"tm-iconbox-wrapper\">\n\t\t\t<div class=\"tm-iconbox\">\n\t\t\t\t<div class=\"themetechmount-iconbox-icon\">\n\t\t\t\t\t<div class=\"tm-box-icon\"><i class=\"kw_brivona flaticon-dentist-2\"><\/i><\/div>\t\t\t\t<\/div>\n\t\t\t\t<div class=\"themetechmount-iconbox-heading\">\n\t\t\t\t\t<h2 class=\"tm-custom-heading\">\n\t\t\t\t\t\n\t\t\t\t\t\tNgritja e Sinusit t\u00eb Brendsh\u00ebm\n\t\t\t\t\t\n\t\t\t\t\t<\/h2>\n\t\t\t\t\t\t\t\t\t\t\t\t\t<\/div>\n\t\t\t<\/div>\n\t\t\t<div class=\"themetechmount-iconbox-desc\">\n\t\t\t\t\t\t\t\t\t\t\t<\/div>\n\t\t<\/div>\n\t<\/div>\t\n<\/div>\n\t\t\t\t<\/div>\n\t\t\t\t<\/div>\n\t\t\t\t<\/div>\n\t\t\t\t\t<\/div>\n\t\t\t\t<\/div>\n\t\t<div class=\"elementor-element elementor-element-4a27b07 e-flex e-con-boxed e-con e-parent\" data-id=\"4a27b07\" data-element_type=\"container\" data-e-type=\"container\">\n\t\t\t\t\t<div class=\"e-con-inner\">\n\t\t\t\t<div class=\"elementor-element elementor-element-280fe60 tm-align-left elementor-widget elementor-widget-tm_heading\" data-id=\"280fe60\" data-element_type=\"widget\" data-e-type=\"widget\" data-widget_type=\"tm_heading.default\">\n\t\t\t\t<div class=\"elementor-widget-container\">\n\t\t\t\t\t<div class=\"tm-element-heading-content-wrapper left-align tm-reverse-heading-yes tm-seperator-solid  tm-heading-style-vertical\"><div class=\"tm-content-header\"><h4 class=\"tm-element-subheading tm-custom-heading\">\n\t\t\t\tImplantologji e Avancuar\n\n\n\n\t\t\t<\/h4>\n\t\t<h2 class=\"tm-element-content-heading tm-custom-heading\">\n\t\t\t\tPacient\u00ebt\n\t\t\t<\/h2>\n\t\t<div class=\"heading-seperator\"><span><\/span><\/div><\/div><\/div>\t\t\t\t<\/div>\n\t\t\t\t<\/div>\n\t\t\t\t<div class=\"elementor-element elementor-element-6fa93d9 tm-align-left elementor-widget elementor-widget-tm_project_element\" data-id=\"6fa93d9\" data-element_type=\"widget\" data-e-type=\"widget\" data-widget_type=\"tm_project_element.default\">\n\t\t\t\t<div class=\"elementor-widget-container\">\n\t\t\t\t\t<div class=\"themetechmount-boxes themetechmount-boxes-portfolio themetechmount-element-portfoliobox-overlay themetechmount-boxes-view-carousel themetechmount-boxes-col-two tm-boxes-carousel-arrow- tm-boxes-carousel-arrows-0 themetechmount-boxes-textalign-left themetechmount-boxes-spacing-30px\" data-tm-show=\"6\" data-tm-loop=\"1\" data-tm-autoplay=\"1\" data-tm-centermode=\"0\" data-tm-nav=\"\" data-tm-dots=\"\" data-tm-slidestoscroll=\"1\" data-tm-autoplayspeed=\"4500\" data-tm-margin=\"30px\"><div class=\"themetechmount-boxes-inner\">\n\t\t\t<div class=\"themetechmount-box-heading-wrapper tm-boxwithout-heading\">\n\t\t\t\t<div class=\"tm-element-heading-content-wrapper left-align tm-reverse-heading-yes tm-seperator-solid  tm-heading-style-vertical\"><div class=\"tm-content-header\"><div class=\"heading-seperator\"><span><\/span><\/div><\/div><\/div>\t\t\t\t\t\t\t<\/div>\n\n\t\t\t<div class=\"themetechmount-boxes-row-wrapper row multi-columns-row\">\n\n\t\t\t<div class=\"tm-box-col-wrapper  advanced-implantology aesthetic-dentistry col-lg-6 col-sm-6 col-md-6 col-xs-12\"><article class=\"themetechmount-box themetechmount-box-portfolio themetechmount-box-view-overlay themetechmount-portfolio-box-view-overlay\">\n\t<div class=\"themetechmount-post-item\">\n\t\t\n\t\t<span class=\"themetechmount-item-thumbnail\">\n\t\t\t<span class=\"themetechmount-item-thumbnail-inner\">\n\t\t\t\t<img fetchpriority=\"high\" decoding=\"async\" width=\"740\" height=\"600\" src=\"https:\/\/firstdental-center.com\/wp-content\/uploads\/2024\/02\/PHOTO-2024-01-04-10-00-58-740x600.jpg\" class=\"attachment-themetechmount-img-portfolio size-themetechmount-img-portfolio wp-post-image\" alt=\"\" srcset=\"https:\/\/firstdental-center.com\/wp-content\/uploads\/2024\/02\/PHOTO-2024-01-04-10-00-58-740x600.jpg 740w, https:\/\/firstdental-center.com\/wp-content\/uploads\/2024\/02\/PHOTO-2024-01-04-10-00-58-e1708622570473-16x12.jpg 16w\" sizes=\"(max-width: 740px) 100vw, 740px\" data-id=\"10916\" \/>\n\t\t\t<\/span>\n\t\t<\/span>\t\t<div class=\"themetechmount-box-content themetechmount-overlay\">\n\t\t\t<div class=\"themetechmount-icon-box themetechmount-media-link\"><a class=\"tm_prettyphoto\" title=\"Implantologji dhe Estetik\u00eb\" href=\"https:\/\/firstdental-center.com\/wp-content\/uploads\/2024\/02\/PHOTO-2024-01-04-10-00-58-e1708622570473.jpg\"><i class=\"tm-brivona-icon-search\"><\/i><\/a><\/div>\n            <div class=\"themetechmount-box-content-inner\">\t\t\t  \t\t\t\n\t\t\t\t\t<div class=\"themetechmount-box-title\"><h4><a href=\"https:\/\/firstdental-center.com\/sq\/portfolio\/implantology-and-aesthetic\/\">Implantologji dhe Estetik\u00eb<\/a><\/h4><\/div>\t\t\t\t\t<div class=\"themetechmount-box-category\"><a href=\"https:\/\/firstdental-center.com\/sq\/portfolio-category\/advanced-implantology\/\" rel=\"tag\">Implantologji e Avancuar<\/a>, <a href=\"https:\/\/firstdental-center.com\/sq\/portfolio-category\/aesthetic-dentistry\/\" rel=\"tag\">Stomatologjia Estetike<\/a><\/div>\t\t\t\t\t\t\t\n\t\t\t <\/div>\t\n\t\t<\/div>\n\t<\/div>\n<\/article><\/div><div class=\"tm-box-col-wrapper  advanced-implantology col-lg-6 col-sm-6 col-md-6 col-xs-12\"><article class=\"themetechmount-box themetechmount-box-portfolio themetechmount-box-view-overlay themetechmount-portfolio-box-view-overlay\">\n\t<div class=\"themetechmount-post-item\">\n\t\t\n\t\t<span class=\"themetechmount-item-thumbnail\">\n\t\t\t<span class=\"themetechmount-item-thumbnail-inner\">\n\t\t\t\t<img decoding=\"async\" width=\"693\" height=\"600\" src=\"https:\/\/firstdental-center.com\/wp-content\/uploads\/2024\/02\/PHOTO-2024-02-02-09-48-15-693x600.jpg\" class=\"attachment-themetechmount-img-portfolio size-themetechmount-img-portfolio wp-post-image\" alt=\"\" data-id=\"10886\" \/>\n\t\t\t<\/span>\n\t\t<\/span>\t\t<div class=\"themetechmount-box-content themetechmount-overlay\">\n\t\t\t<div class=\"themetechmount-icon-box themetechmount-media-link\"><a class=\"tm_prettyphoto\" title=\"Implantologji\" href=\"https:\/\/firstdental-center.com\/wp-content\/uploads\/2024\/02\/PHOTO-2024-02-02-09-48-15.jpg\"><i class=\"tm-brivona-icon-search\"><\/i><\/a><\/div>\n            <div class=\"themetechmount-box-content-inner\">\t\t\t  \t\t\t\n\t\t\t\t\t<div class=\"themetechmount-box-title\"><h4><a href=\"https:\/\/firstdental-center.com\/sq\/portfolio\/implantology\/\">Implantologji<\/a><\/h4><\/div>\t\t\t\t\t<div class=\"themetechmount-box-category\"><a href=\"https:\/\/firstdental-center.com\/sq\/portfolio-category\/advanced-implantology\/\" rel=\"tag\">Implantologji e Avancuar<\/a><\/div>\t\t\t\t\t\t\t\n\t\t\t <\/div>\t\n\t\t<\/div>\n\t<\/div>\n<\/article><\/div>\n\t\t\t<\/div>\n\n\t\t\t<\/div><!-- .themetechmount-boxes-inner -->   <\/div><!-- .themetechmount-boxes -->  \t\t\t\t<\/div>\n\t\t\t\t<\/div>\n\t\t\t\t\t<\/div>\n\t\t\t\t<\/div>\n\t\t\t\t<\/div>","protected":false},"excerpt":{"rendered":"<p>Discover a revolutionary approach to dental restoration with First Dental Center&#8217;s Advanced Implantology services in Tirana. Our expert team combines cutting-edge technology with years of experience to provide unparalleled solutions for missing teeth. Using state-of-the-art techniques, we ensure precise implant placement for a natural look and feel. At First Dental Center, we understand the significance &hellip; <a href=\"https:\/\/firstdental-center.com\/sq\/portfolio\/implantology\/\" class=\"more-link\">Continue reading <span class=\"screen-reader-text\">Implantologji<\/span><\/a><\/p>","protected":false},"author":1,"featured_media":10367,"parent":425,"menu_order":0,"comment_status":"closed","ping_status":"closed","template":"","meta":{"footnotes":""},"class_list":["post-10379","page","type-page","status-publish","has-post-thumbnail","hentry"],"yoast_head":"<!-- This site is optimized with the Yoast SEO plugin v26.9 - https:\/\/yoast.com\/product\/yoast-seo-wordpress\/ -->\n<title>Advanced Implantology - First Dental Center<\/title>\n<meta name=\"robots\" content=\"index, follow, max-snippet:-1, max-image-preview:large, max-video-preview:-1\" \/>\n<link rel=\"canonical\" href=\"https:\/\/firstdental-center.com\/sq\/services-2\/advanced-implantology\/\" \/>\n<meta property=\"og:locale\" content=\"sq_AL\" \/>\n<meta property=\"og:type\" content=\"article\" \/>\n<meta property=\"og:title\" content=\"Advanced Implantology - First Dental Center\" \/>\n<meta property=\"og:description\" content=\"Discover a revolutionary approach to dental restoration with First Dental Center&#8217;s Advanced Implantology services in Tirana. Our expert team combines cutting-edge technology with years of experience to provide unparalleled solutions for missing teeth. Using state-of-the-art techniques, we ensure precise implant placement for a natural look and feel. At First Dental Center, we understand the significance &hellip; Continue reading Implantology\" \/>\n<meta property=\"og:url\" content=\"https:\/\/firstdental-center.com\/sq\/services-2\/advanced-implantology\/\" \/>\n<meta property=\"og:site_name\" content=\"First Dental Center\" \/>\n<meta property=\"article:modified_time\" content=\"2024-02-21T21:00:48+00:00\" \/>\n<meta property=\"og:image\" content=\"https:\/\/firstdental-center.com\/wp-content\/uploads\/2024\/01\/implantology.jpg\" \/>\n\t<meta property=\"og:image:width\" content=\"1200\" \/>\n\t<meta property=\"og:image:height\" content=\"800\" \/>\n\t<meta property=\"og:image:type\" content=\"image\/jpeg\" \/>\n<meta name=\"twitter:card\" content=\"summary_large_image\" \/>\n<meta name=\"twitter:label1\" content=\"Est. reading time\" \/>\n\t<meta name=\"twitter:data1\" content=\"2 minuta\" \/>\n<script type=\"application\/ld+json\" class=\"yoast-schema-graph\">{\"@context\":\"https:\/\/schema.org\",\"@graph\":[{\"@type\":\"WebPage\",\"@id\":\"https:\/\/firstdental-center.com\/services-2\/advanced-implantology\/\",\"url\":\"https:\/\/firstdental-center.com\/services-2\/advanced-implantology\/\",\"name\":\"Advanced Implantology - First Dental Center\",\"isPartOf\":{\"@id\":\"https:\/\/firstdental-center.com\/#website\"},\"primaryImageOfPage\":{\"@id\":\"https:\/\/firstdental-center.com\/services-2\/advanced-implantology\/#primaryimage\"},\"image\":{\"@id\":\"https:\/\/firstdental-center.com\/services-2\/advanced-implantology\/#primaryimage\"},\"thumbnailUrl\":\"https:\/\/firstdental-center.com\/wp-content\/uploads\/2024\/01\/implantology.jpg\",\"datePublished\":\"2024-01-09T18:15:45+00:00\",\"dateModified\":\"2024-02-21T21:00:48+00:00\",\"breadcrumb\":{\"@id\":\"https:\/\/firstdental-center.com\/services-2\/advanced-implantology\/#breadcrumb\"},\"inLanguage\":\"sq\",\"potentialAction\":[{\"@type\":\"ReadAction\",\"target\":[\"https:\/\/firstdental-center.com\/services-2\/advanced-implantology\/\"]}]},{\"@type\":\"ImageObject\",\"inLanguage\":\"sq\",\"@id\":\"https:\/\/firstdental-center.com\/services-2\/advanced-implantology\/#primaryimage\",\"url\":\"https:\/\/firstdental-center.com\/wp-content\/uploads\/2024\/01\/implantology.jpg\",\"contentUrl\":\"https:\/\/firstdental-center.com\/wp-content\/uploads\/2024\/01\/implantology.jpg\",\"width\":1200,\"height\":800},{\"@type\":\"BreadcrumbList\",\"@id\":\"https:\/\/firstdental-center.com\/services-2\/advanced-implantology\/#breadcrumb\",\"itemListElement\":[{\"@type\":\"ListItem\",\"position\":1,\"name\":\"Home\",\"item\":\"https:\/\/firstdental-center.com\/\"},{\"@type\":\"ListItem\",\"position\":2,\"name\":\"Services\",\"item\":\"https:\/\/firstdental-center.com\/services-2\/\"},{\"@type\":\"ListItem\",\"position\":3,\"name\":\"Advanced Implantology\"}]},{\"@type\":\"WebSite\",\"@id\":\"https:\/\/firstdental-center.com\/#website\",\"url\":\"https:\/\/firstdental-center.com\/\",\"name\":\"First Dental Center\",\"description\":\"My WordPress Blog\",\"publisher\":{\"@id\":\"https:\/\/firstdental-center.com\/#organization\"},\"potentialAction\":[{\"@type\":\"SearchAction\",\"target\":{\"@type\":\"EntryPoint\",\"urlTemplate\":\"https:\/\/firstdental-center.com\/?s={search_term_string}\"},\"query-input\":{\"@type\":\"PropertyValueSpecification\",\"valueRequired\":true,\"valueName\":\"search_term_string\"}}],\"inLanguage\":\"sq\"},{\"@type\":\"Organization\",\"@id\":\"https:\/\/firstdental-center.com\/#organization\",\"name\":\"First Dental Center\",\"url\":\"https:\/\/firstdental-center.com\/\",\"logo\":{\"@type\":\"ImageObject\",\"inLanguage\":\"sq\",\"@id\":\"https:\/\/firstdental-center.com\/#\/schema\/logo\/image\/\",\"url\":\"https:\/\/firstdental-center.com\/wp-content\/uploads\/2023\/11\/extendify-demo-logo.png\",\"contentUrl\":\"https:\/\/firstdental-center.com\/wp-content\/uploads\/2023\/11\/extendify-demo-logo.png\",\"width\":96,\"height\":97,\"caption\":\"First Dental Center\"},\"image\":{\"@id\":\"https:\/\/firstdental-center.com\/#\/schema\/logo\/image\/\"}}]}<\/script>\n<!-- \/ Yoast SEO plugin. -->","yoast_head_json":{"title":"Advanced Implantology - First Dental Center","robots":{"index":"index","follow":"follow","max-snippet":"max-snippet:-1","max-image-preview":"max-image-preview:large","max-video-preview":"max-video-preview:-1"},"canonical":"https:\/\/firstdental-center.com\/sq\/services-2\/advanced-implantology\/","og_locale":"sq_AL","og_type":"article","og_title":"Advanced Implantology - First Dental Center","og_description":"Discover a revolutionary approach to dental restoration with First Dental Center&#8217;s Advanced Implantology services in Tirana. Our expert team combines cutting-edge technology with years of experience to provide unparalleled solutions for missing teeth. Using state-of-the-art techniques, we ensure precise implant placement for a natural look and feel. At First Dental Center, we understand the significance &hellip; Continue reading Implantology","og_url":"https:\/\/firstdental-center.com\/sq\/services-2\/advanced-implantology\/","og_site_name":"First Dental Center","article_modified_time":"2024-02-21T21:00:48+00:00","og_image":[{"width":1200,"height":800,"url":"https:\/\/firstdental-center.com\/wp-content\/uploads\/2024\/01\/implantology.jpg","type":"image\/jpeg"}],"twitter_card":"summary_large_image","twitter_misc":{"Est. reading time":"2 minuta"},"schema":{"@context":"https:\/\/schema.org","@graph":[{"@type":"WebPage","@id":"https:\/\/firstdental-center.com\/services-2\/advanced-implantology\/","url":"https:\/\/firstdental-center.com\/services-2\/advanced-implantology\/","name":"Advanced Implantology - First Dental Center","isPartOf":{"@id":"https:\/\/firstdental-center.com\/#website"},"primaryImageOfPage":{"@id":"https:\/\/firstdental-center.com\/services-2\/advanced-implantology\/#primaryimage"},"image":{"@id":"https:\/\/firstdental-center.com\/services-2\/advanced-implantology\/#primaryimage"},"thumbnailUrl":"https:\/\/firstdental-center.com\/wp-content\/uploads\/2024\/01\/implantology.jpg","datePublished":"2024-01-09T18:15:45+00:00","dateModified":"2024-02-21T21:00:48+00:00","breadcrumb":{"@id":"https:\/\/firstdental-center.com\/services-2\/advanced-implantology\/#breadcrumb"},"inLanguage":"sq","potentialAction":[{"@type":"ReadAction","target":["https:\/\/firstdental-center.com\/services-2\/advanced-implantology\/"]}]},{"@type":"ImageObject","inLanguage":"sq","@id":"https:\/\/firstdental-center.com\/services-2\/advanced-implantology\/#primaryimage","url":"https:\/\/firstdental-center.com\/wp-content\/uploads\/2024\/01\/implantology.jpg","contentUrl":"https:\/\/firstdental-center.com\/wp-content\/uploads\/2024\/01\/implantology.jpg","width":1200,"height":800},{"@type":"BreadcrumbList","@id":"https:\/\/firstdental-center.com\/services-2\/advanced-implantology\/#breadcrumb","itemListElement":[{"@type":"ListItem","position":1,"name":"Home","item":"https:\/\/firstdental-center.com\/"},{"@type":"ListItem","position":2,"name":"Services","item":"https:\/\/firstdental-center.com\/services-2\/"},{"@type":"ListItem","position":3,"name":"Advanced Implantology"}]},{"@type":"WebSite","@id":"https:\/\/firstdental-center.com\/#website","url":"https:\/\/firstdental-center.com\/","name":"First Dental Center","description":"My WordPress Blog","publisher":{"@id":"https:\/\/firstdental-center.com\/#organization"},"potentialAction":[{"@type":"SearchAction","target":{"@type":"EntryPoint","urlTemplate":"https:\/\/firstdental-center.com\/?s={search_term_string}"},"query-input":{"@type":"PropertyValueSpecification","valueRequired":true,"valueName":"search_term_string"}}],"inLanguage":"sq"},{"@type":"Organization","@id":"https:\/\/firstdental-center.com\/#organization","name":"First Dental Center","url":"https:\/\/firstdental-center.com\/","logo":{"@type":"ImageObject","inLanguage":"sq","@id":"https:\/\/firstdental-center.com\/#\/schema\/logo\/image\/","url":"https:\/\/firstdental-center.com\/wp-content\/uploads\/2023\/11\/extendify-demo-logo.png","contentUrl":"https:\/\/firstdental-center.com\/wp-content\/uploads\/2023\/11\/extendify-demo-logo.png","width":96,"height":97,"caption":"First Dental Center"},"image":{"@id":"https:\/\/firstdental-center.com\/#\/schema\/logo\/image\/"}}]}},"_links":{"self":[{"href":"https:\/\/firstdental-center.com\/sq\/wp-json\/wp\/v2\/pages\/10379","targetHints":{"allow":["GET"]}}],"collection":[{"href":"https:\/\/firstdental-center.com\/sq\/wp-json\/wp\/v2\/pages"}],"about":[{"href":"https:\/\/firstdental-center.com\/sq\/wp-json\/wp\/v2\/types\/page"}],"author":[{"embeddable":true,"href":"https:\/\/firstdental-center.com\/sq\/wp-json\/wp\/v2\/users\/1"}],"replies":[{"embeddable":true,"href":"https:\/\/firstdental-center.com\/sq\/wp-json\/wp\/v2\/comments?post=10379"}],"version-history":[{"count":16,"href":"https:\/\/firstdental-center.com\/sq\/wp-json\/wp\/v2\/pages\/10379\/revisions"}],"predecessor-version":[{"id":10899,"href":"https:\/\/firstdental-center.com\/sq\/wp-json\/wp\/v2\/pages\/10379\/revisions\/10899"}],"up":[{"embeddable":true,"href":"https:\/\/firstdental-center.com\/sq\/wp-json\/wp\/v2\/pages\/425"}],"wp:featuredmedia":[{"embeddable":true,"href":"https:\/\/firstdental-center.com\/sq\/wp-json\/wp\/v2\/media\/10367"}],"wp:attachment":[{"href":"https:\/\/firstdental-center.com\/sq\/wp-json\/wp\/v2\/media?parent=10379"}],"curies":[{"name":"wp","href":"https:\/\/api.w.org\/{rel}","templated":true}]}}