{"id":10377,"date":"2024-01-09T18:15:07","date_gmt":"2024-01-09T18:15:07","guid":{"rendered":"https:\/\/firstdental-center.com\/?page_id=10377"},"modified":"2024-02-21T21:01:29","modified_gmt":"2024-02-21T21:01:29","slug":"oral-maxillofacial-surgery","status":"publish","type":"page","link":"https:\/\/firstdental-center.com\/sq\/services-2\/oral-maxillofacial-surgery\/","title":{"rendered":"Kirurgji Orale dhe Maksilofaciale"},"content":{"rendered":"<div data-elementor-type=\"wp-page\" data-elementor-id=\"10377\" class=\"elementor elementor-10377\">\n\t\t\t\t<div class=\"elementor-element elementor-element-e907fdd e-flex e-con-boxed e-con e-parent\" data-id=\"e907fdd\" data-element_type=\"container\" data-e-type=\"container\">\n\t\t\t\t\t<div class=\"e-con-inner\">\n\t\t\t\t<div class=\"elementor-element elementor-element-bdce1d4 elementor-widget elementor-widget-text-editor\" data-id=\"bdce1d4\" data-element_type=\"widget\" data-e-type=\"widget\" data-widget_type=\"text-editor.default\">\n\t\t\t\t<div class=\"elementor-widget-container\">\n\t\t\t\t\t\t\t\t\t<p data-renderer-start-pos=\"31\">Arrini nj\u00eb sh\u00ebndet oral optimal dhe nj\u00eb pamje estetik\u00eb t\u00eb fytyr\u00ebs duke marr\u00eb sh\u00ebrbimet e Kirurgjis\u00eb Orale dhe Maksilofaciale n\u00eb First Dental Center n\u00eb Tiran\u00eb. Kirurg\u00ebt tan\u00eb t\u00eb aft\u00eb dhe me p\u00ebrvoj\u00eb jan\u00eb t\u00eb p\u00ebrkushtuar p\u00ebr t\u00eb ofruar zgjidhje gjith\u00ebp\u00ebrfshir\u00ebse p\u00ebr anomalit\u00eb komplekse t\u00eb dh\u00ebmb\u00ebve dhe t\u00eb fytyr\u00ebs.<\/p><p data-renderer-start-pos=\"317\">N\u00eb First Dental Center, ne e njohim marr\u00ebdh\u00ebnien komplekse mes sh\u00ebndetit oral dhe estetik\u00ebs s\u00eb fytyr\u00ebs. Sh\u00ebrbimet tona t\u00eb Kirurgjis\u00eb Orale dhe Maksilofaciale p\u00ebrfshijn\u00eb nj\u00eb gam\u00eb procedurash, nga heqjet e dh\u00ebmb\u00ebve t\u00eb pjekuris\u00eb dhe operacionet korrigjuese t\u00eb nofull\u00ebs deri n\u00eb rekonstruksionin e traum\u00ebs s\u00eb fytyr\u00ebs. Duke e pasur fokusin n\u00eb sakt\u00ebsi dhe komoditetin e pacientit, kirurg\u00ebt tan\u00eb p\u00ebrdorin teknika t\u00eb avancuara t\u00eb teknologjis\u00eb s\u00eb fundit p\u00ebr t\u00eb siguruar rezultate t\u00eb jasht\u00ebzakonshme.<\/p><p data-renderer-start-pos=\"743\">Besoni n\u00eb ekspertiz\u00ebn e ekipit ton\u00eb t\u00eb p\u00ebrkushtuar p\u00ebr t\u00eb adresuar nj\u00eb s\u00ebr\u00eb shqet\u00ebsimesh orale dhe fytyr\u00ebs, duke p\u00ebrmir\u00ebsuar t\u00eb dyja funksionin dhe estetik\u00ebn. First Dental Center e p\u00ebrcakton mir\u00ebqenien tuaj si prioritet, duke ofruar plane trajtimi t\u00eb personalizuar t\u00eb p\u00ebrshtatur me nevojat tuaja unike.<\/p><p data-renderer-start-pos=\"997\">Jetoni p\u00ebrvoj\u00ebn m\u00eb t\u00eb lart\u00eb t\u00eb kujdesit dhe ekspertiz\u00ebs n\u00eb Kirurgjin\u00eb Orale dhe Maksilofaciale n\u00eb klinik\u00ebn ton\u00eb dentare n\u00eb Tiran\u00eb. Udha juaj drejt sh\u00ebndetit oral t\u00eb p\u00ebrmir\u00ebsuar dhe harmonis\u00eb s\u00eb fytyr\u00ebs fillon me First Dental Center - ku shk\u00eblqimi takon dashurin\u00eb.<\/p>\t\t\t\t\t\t\t\t<\/div>\n\t\t\t\t<\/div>\n\t\t\t\t\t<\/div>\n\t\t\t\t<\/div>\n\t\t<div class=\"elementor-element elementor-element-0510ca0 e-flex e-con-boxed e-con e-parent\" data-id=\"0510ca0\" data-element_type=\"container\" data-e-type=\"container\">\n\t\t\t\t\t<div class=\"e-con-inner\">\n\t\t<div class=\"elementor-element elementor-element-16deaca e-con-full e-flex e-con e-child\" data-id=\"16deaca\" data-element_type=\"container\" data-e-type=\"container\">\n\t\t\t\t<div class=\"elementor-element elementor-element-bda3c89 elementor-widget elementor-widget-tm_icon_heading\" data-id=\"bda3c89\" data-element_type=\"widget\" data-e-type=\"widget\" data-widget_type=\"tm_icon_heading.default\">\n\t\t\t\t<div class=\"elementor-widget-container\">\n\t\t\t\t\t\n<div class=\"themetechmount-iconbox themetechmount-iconbox-styleone themetechmount-iconcolor-skincolor\">\n<div class=\"themetechmount-iconbox-inner\">\n\t\t<div class=\"tm-iconbox-wrapper\">\n\t\t\t<div class=\"tm-iconbox\">\n\t\t\t\t<div class=\"themetechmount-iconbox-icon\">\n\t\t\t\t\t<div class=\"tm-box-icon\"><i class=\"kw_brivona flaticon-hygiene\"><\/i><\/div>\t\t\t\t<\/div>\n\t\t\t\t<div class=\"themetechmount-iconbox-heading\">\n\t\t\t\t\t<h2 class=\"tm-custom-heading\">\n\t\t\t\t\t\n\t\t\t\t\t\tCiste Dentarektomi\n\t\t\t\t\t\n\t\t\t\t\t<\/h2>\n\t\t\t\t\t\t\t\t\t\t\t\t\t<\/div>\n\t\t\t<\/div>\n\t\t\t<div class=\"themetechmount-iconbox-desc\">\n\t\t\t\t\t\t\t\t\t\t\t<\/div>\n\t\t<\/div>\n\t<\/div>\t\n<\/div>\n\t\t\t\t<\/div>\n\t\t\t\t<\/div>\n\t\t\t\t<\/div>\n\t\t<div class=\"elementor-element elementor-element-83711b2 e-con-full e-flex e-con e-child\" data-id=\"83711b2\" data-element_type=\"container\" data-e-type=\"container\">\n\t\t\t\t<div class=\"elementor-element elementor-element-4d390f3 elementor-widget elementor-widget-tm_icon_heading\" data-id=\"4d390f3\" data-element_type=\"widget\" data-e-type=\"widget\" data-widget_type=\"tm_icon_heading.default\">\n\t\t\t\t<div class=\"elementor-widget-container\">\n\t\t\t\t\t\n<div class=\"themetechmount-iconbox themetechmount-iconbox-styleone themetechmount-iconcolor-skincolor\">\n<div class=\"themetechmount-iconbox-inner\">\n\t\t<div class=\"tm-iconbox-wrapper\">\n\t\t\t<div class=\"tm-iconbox\">\n\t\t\t\t<div class=\"themetechmount-iconbox-icon\">\n\t\t\t\t\t<div class=\"tm-box-icon\"><i class=\"kw_brivona flaticon-doctor-3\"><\/i><\/div>\t\t\t\t<\/div>\n\t\t\t\t<div class=\"themetechmount-iconbox-heading\">\n\t\t\t\t\t<h2 class=\"tm-custom-heading\">\n\t\t\t\t\t\n\t\t\t\t\t\tTrajtimi p\u00ebr S\u00ebmundjen Periodontale.\n\t\t\t\t\t\n\t\t\t\t\t<\/h2>\n\t\t\t\t\t\t\t\t\t\t\t\t\t<\/div>\n\t\t\t<\/div>\n\t\t\t<div class=\"themetechmount-iconbox-desc\">\n\t\t\t\t\t\t\t\t\t\t\t<\/div>\n\t\t<\/div>\n\t<\/div>\t\n<\/div>\n\t\t\t\t<\/div>\n\t\t\t\t<\/div>\n\t\t\t\t<\/div>\n\t\t\t\t\t<\/div>\n\t\t\t\t<\/div>\n\t\t<div class=\"elementor-element elementor-element-28c1d64 e-flex e-con-boxed e-con e-parent\" data-id=\"28c1d64\" data-element_type=\"container\" data-e-type=\"container\">\n\t\t\t\t\t<div class=\"e-con-inner\">\n\t\t\t\t<div class=\"elementor-element elementor-element-d84d1a8 tm-align-left elementor-widget elementor-widget-tm_heading\" data-id=\"d84d1a8\" data-element_type=\"widget\" data-e-type=\"widget\" data-widget_type=\"tm_heading.default\">\n\t\t\t\t<div class=\"elementor-widget-container\">\n\t\t\t\t\t<div class=\"tm-element-heading-content-wrapper left-align tm-reverse-heading-yes tm-seperator-solid  tm-heading-style-vertical\"><div class=\"tm-content-header\"><h4 class=\"tm-element-subheading tm-custom-heading\">\n\t\t\t\tKirurgji Orale dhe Maksilofaciale\n\n\n\n\t\t\t<\/h4>\n\t\t<h2 class=\"tm-element-content-heading tm-custom-heading\">\n\t\t\t\tPacient\u00ebt\n\t\t\t<\/h2>\n\t\t<div class=\"heading-seperator\"><span><\/span><\/div><\/div><\/div>\t\t\t\t<\/div>\n\t\t\t\t<\/div>\n\t\t\t\t<div class=\"elementor-element elementor-element-da50345 tm-align-left elementor-widget elementor-widget-tm_project_element\" data-id=\"da50345\" data-element_type=\"widget\" data-e-type=\"widget\" data-widget_type=\"tm_project_element.default\">\n\t\t\t\t<div class=\"elementor-widget-container\">\n\t\t\t\t\t<div class=\"themetechmount-boxes themetechmount-boxes-portfolio themetechmount-element-portfoliobox-overlay themetechmount-boxes-view-carousel themetechmount-boxes-col-two tm-boxes-carousel-arrow- tm-boxes-carousel-arrows-0 themetechmount-boxes-textalign-left themetechmount-boxes-spacing-30px\" data-tm-show=\"6\" data-tm-loop=\"1\" data-tm-autoplay=\"1\" data-tm-centermode=\"0\" data-tm-nav=\"\" data-tm-dots=\"\" data-tm-slidestoscroll=\"1\" data-tm-autoplayspeed=\"4500\" data-tm-margin=\"30px\"><div class=\"themetechmount-boxes-inner\"><\/div><!-- .themetechmount-boxes-inner -->   <\/div><!-- .themetechmount-boxes -->  \t\t\t\t<\/div>\n\t\t\t\t<\/div>\n\t\t\t\t\t<\/div>\n\t\t\t\t<\/div>\n\t\t\t\t<\/div>","protected":false},"excerpt":{"rendered":"<p>Embark on a journey to optimal oral health and facial well-being with First Dental Center&#8217;s distinguished Oral &amp; Maxillofacial Surgery services in Tirana. Our skilled and experienced surgeons are committed to providing comprehensive solutions for complex dental and facial conditions. At First Dental Center, we recognize the intricate relationship between oral health and facial aesthetics. &hellip; <a href=\"https:\/\/firstdental-center.com\/sq\/services-2\/oral-maxillofacial-surgery\/\" class=\"more-link\">Continue reading <span class=\"screen-reader-text\">Kirurgji Orale dhe Maksilofaciale<\/span><\/a><\/p>","protected":false},"author":1,"featured_media":10368,"parent":425,"menu_order":0,"comment_status":"closed","ping_status":"closed","template":"","meta":{"footnotes":""},"class_list":["post-10377","page","type-page","status-publish","has-post-thumbnail","hentry"],"yoast_head":"<!-- This site is optimized with the Yoast SEO plugin v26.9 - https:\/\/yoast.com\/product\/yoast-seo-wordpress\/ -->\n<title>Oral &amp; Maxillofacial Surgery - First Dental Center<\/title>\n<meta name=\"robots\" content=\"index, follow, max-snippet:-1, max-image-preview:large, max-video-preview:-1\" \/>\n<link rel=\"canonical\" href=\"https:\/\/firstdental-center.com\/sq\/services-2\/oral-maxillofacial-surgery\/\" \/>\n<meta property=\"og:locale\" content=\"sq_AL\" \/>\n<meta property=\"og:type\" content=\"article\" \/>\n<meta property=\"og:title\" content=\"Oral &amp; Maxillofacial Surgery - First Dental Center\" \/>\n<meta property=\"og:description\" content=\"Embark on a journey to optimal oral health and facial well-being with First Dental Center&#8217;s distinguished Oral &amp; Maxillofacial Surgery services in Tirana. Our skilled and experienced surgeons are committed to providing comprehensive solutions for complex dental and facial conditions. At First Dental Center, we recognize the intricate relationship between oral health and facial aesthetics. &hellip; Continue reading Oral &amp; Maxillofacial Surgery\" \/>\n<meta property=\"og:url\" content=\"https:\/\/firstdental-center.com\/sq\/services-2\/oral-maxillofacial-surgery\/\" \/>\n<meta property=\"og:site_name\" content=\"First Dental Center\" \/>\n<meta property=\"article:modified_time\" content=\"2024-02-21T21:01:29+00:00\" \/>\n<meta property=\"og:image\" content=\"https:\/\/firstdental-center.com\/wp-content\/uploads\/2024\/01\/maxilofacial.jpg\" \/>\n\t<meta property=\"og:image:width\" content=\"1200\" \/>\n\t<meta property=\"og:image:height\" content=\"800\" \/>\n\t<meta property=\"og:image:type\" content=\"image\/jpeg\" \/>\n<meta name=\"twitter:card\" content=\"summary_large_image\" \/>\n<meta name=\"twitter:label1\" content=\"Est. reading time\" \/>\n\t<meta name=\"twitter:data1\" content=\"1 minut\u00eb\" \/>\n<script type=\"application\/ld+json\" class=\"yoast-schema-graph\">{\"@context\":\"https:\/\/schema.org\",\"@graph\":[{\"@type\":\"WebPage\",\"@id\":\"https:\/\/firstdental-center.com\/services-2\/oral-maxillofacial-surgery\/\",\"url\":\"https:\/\/firstdental-center.com\/services-2\/oral-maxillofacial-surgery\/\",\"name\":\"Oral &amp; Maxillofacial Surgery - First Dental Center\",\"isPartOf\":{\"@id\":\"https:\/\/firstdental-center.com\/#website\"},\"primaryImageOfPage\":{\"@id\":\"https:\/\/firstdental-center.com\/services-2\/oral-maxillofacial-surgery\/#primaryimage\"},\"image\":{\"@id\":\"https:\/\/firstdental-center.com\/services-2\/oral-maxillofacial-surgery\/#primaryimage\"},\"thumbnailUrl\":\"https:\/\/firstdental-center.com\/wp-content\/uploads\/2024\/01\/maxilofacial.jpg\",\"datePublished\":\"2024-01-09T18:15:07+00:00\",\"dateModified\":\"2024-02-21T21:01:29+00:00\",\"breadcrumb\":{\"@id\":\"https:\/\/firstdental-center.com\/services-2\/oral-maxillofacial-surgery\/#breadcrumb\"},\"inLanguage\":\"sq\",\"potentialAction\":[{\"@type\":\"ReadAction\",\"target\":[\"https:\/\/firstdental-center.com\/services-2\/oral-maxillofacial-surgery\/\"]}]},{\"@type\":\"ImageObject\",\"inLanguage\":\"sq\",\"@id\":\"https:\/\/firstdental-center.com\/services-2\/oral-maxillofacial-surgery\/#primaryimage\",\"url\":\"https:\/\/firstdental-center.com\/wp-content\/uploads\/2024\/01\/maxilofacial.jpg\",\"contentUrl\":\"https:\/\/firstdental-center.com\/wp-content\/uploads\/2024\/01\/maxilofacial.jpg\",\"width\":1200,\"height\":800},{\"@type\":\"BreadcrumbList\",\"@id\":\"https:\/\/firstdental-center.com\/services-2\/oral-maxillofacial-surgery\/#breadcrumb\",\"itemListElement\":[{\"@type\":\"ListItem\",\"position\":1,\"name\":\"Home\",\"item\":\"https:\/\/firstdental-center.com\/\"},{\"@type\":\"ListItem\",\"position\":2,\"name\":\"Services\",\"item\":\"https:\/\/firstdental-center.com\/services-2\/\"},{\"@type\":\"ListItem\",\"position\":3,\"name\":\"Oral &amp; Maxillofacial Surgery\"}]},{\"@type\":\"WebSite\",\"@id\":\"https:\/\/firstdental-center.com\/#website\",\"url\":\"https:\/\/firstdental-center.com\/\",\"name\":\"First Dental Center\",\"description\":\"My WordPress Blog\",\"publisher\":{\"@id\":\"https:\/\/firstdental-center.com\/#organization\"},\"potentialAction\":[{\"@type\":\"SearchAction\",\"target\":{\"@type\":\"EntryPoint\",\"urlTemplate\":\"https:\/\/firstdental-center.com\/?s={search_term_string}\"},\"query-input\":{\"@type\":\"PropertyValueSpecification\",\"valueRequired\":true,\"valueName\":\"search_term_string\"}}],\"inLanguage\":\"sq\"},{\"@type\":\"Organization\",\"@id\":\"https:\/\/firstdental-center.com\/#organization\",\"name\":\"First Dental Center\",\"url\":\"https:\/\/firstdental-center.com\/\",\"logo\":{\"@type\":\"ImageObject\",\"inLanguage\":\"sq\",\"@id\":\"https:\/\/firstdental-center.com\/#\/schema\/logo\/image\/\",\"url\":\"https:\/\/firstdental-center.com\/wp-content\/uploads\/2023\/11\/extendify-demo-logo.png\",\"contentUrl\":\"https:\/\/firstdental-center.com\/wp-content\/uploads\/2023\/11\/extendify-demo-logo.png\",\"width\":96,\"height\":97,\"caption\":\"First Dental Center\"},\"image\":{\"@id\":\"https:\/\/firstdental-center.com\/#\/schema\/logo\/image\/\"}}]}<\/script>\n<!-- \/ Yoast SEO plugin. -->","yoast_head_json":{"title":"Oral &amp; Maxillofacial Surgery - First Dental Center","robots":{"index":"index","follow":"follow","max-snippet":"max-snippet:-1","max-image-preview":"max-image-preview:large","max-video-preview":"max-video-preview:-1"},"canonical":"https:\/\/firstdental-center.com\/sq\/services-2\/oral-maxillofacial-surgery\/","og_locale":"sq_AL","og_type":"article","og_title":"Oral &amp; Maxillofacial Surgery - First Dental Center","og_description":"Embark on a journey to optimal oral health and facial well-being with First Dental Center&#8217;s distinguished Oral &amp; Maxillofacial Surgery services in Tirana. Our skilled and experienced surgeons are committed to providing comprehensive solutions for complex dental and facial conditions. At First Dental Center, we recognize the intricate relationship between oral health and facial aesthetics. &hellip; Continue reading Oral &amp; Maxillofacial Surgery","og_url":"https:\/\/firstdental-center.com\/sq\/services-2\/oral-maxillofacial-surgery\/","og_site_name":"First Dental Center","article_modified_time":"2024-02-21T21:01:29+00:00","og_image":[{"width":1200,"height":800,"url":"https:\/\/firstdental-center.com\/wp-content\/uploads\/2024\/01\/maxilofacial.jpg","type":"image\/jpeg"}],"twitter_card":"summary_large_image","twitter_misc":{"Est. reading time":"1 minut\u00eb"},"schema":{"@context":"https:\/\/schema.org","@graph":[{"@type":"WebPage","@id":"https:\/\/firstdental-center.com\/services-2\/oral-maxillofacial-surgery\/","url":"https:\/\/firstdental-center.com\/services-2\/oral-maxillofacial-surgery\/","name":"Oral &amp; Maxillofacial Surgery - First Dental Center","isPartOf":{"@id":"https:\/\/firstdental-center.com\/#website"},"primaryImageOfPage":{"@id":"https:\/\/firstdental-center.com\/services-2\/oral-maxillofacial-surgery\/#primaryimage"},"image":{"@id":"https:\/\/firstdental-center.com\/services-2\/oral-maxillofacial-surgery\/#primaryimage"},"thumbnailUrl":"https:\/\/firstdental-center.com\/wp-content\/uploads\/2024\/01\/maxilofacial.jpg","datePublished":"2024-01-09T18:15:07+00:00","dateModified":"2024-02-21T21:01:29+00:00","breadcrumb":{"@id":"https:\/\/firstdental-center.com\/services-2\/oral-maxillofacial-surgery\/#breadcrumb"},"inLanguage":"sq","potentialAction":[{"@type":"ReadAction","target":["https:\/\/firstdental-center.com\/services-2\/oral-maxillofacial-surgery\/"]}]},{"@type":"ImageObject","inLanguage":"sq","@id":"https:\/\/firstdental-center.com\/services-2\/oral-maxillofacial-surgery\/#primaryimage","url":"https:\/\/firstdental-center.com\/wp-content\/uploads\/2024\/01\/maxilofacial.jpg","contentUrl":"https:\/\/firstdental-center.com\/wp-content\/uploads\/2024\/01\/maxilofacial.jpg","width":1200,"height":800},{"@type":"BreadcrumbList","@id":"https:\/\/firstdental-center.com\/services-2\/oral-maxillofacial-surgery\/#breadcrumb","itemListElement":[{"@type":"ListItem","position":1,"name":"Home","item":"https:\/\/firstdental-center.com\/"},{"@type":"ListItem","position":2,"name":"Services","item":"https:\/\/firstdental-center.com\/services-2\/"},{"@type":"ListItem","position":3,"name":"Oral &amp; Maxillofacial Surgery"}]},{"@type":"WebSite","@id":"https:\/\/firstdental-center.com\/#website","url":"https:\/\/firstdental-center.com\/","name":"First Dental Center","description":"My WordPress Blog","publisher":{"@id":"https:\/\/firstdental-center.com\/#organization"},"potentialAction":[{"@type":"SearchAction","target":{"@type":"EntryPoint","urlTemplate":"https:\/\/firstdental-center.com\/?s={search_term_string}"},"query-input":{"@type":"PropertyValueSpecification","valueRequired":true,"valueName":"search_term_string"}}],"inLanguage":"sq"},{"@type":"Organization","@id":"https:\/\/firstdental-center.com\/#organization","name":"First Dental Center","url":"https:\/\/firstdental-center.com\/","logo":{"@type":"ImageObject","inLanguage":"sq","@id":"https:\/\/firstdental-center.com\/#\/schema\/logo\/image\/","url":"https:\/\/firstdental-center.com\/wp-content\/uploads\/2023\/11\/extendify-demo-logo.png","contentUrl":"https:\/\/firstdental-center.com\/wp-content\/uploads\/2023\/11\/extendify-demo-logo.png","width":96,"height":97,"caption":"First Dental Center"},"image":{"@id":"https:\/\/firstdental-center.com\/#\/schema\/logo\/image\/"}}]}},"_links":{"self":[{"href":"https:\/\/firstdental-center.com\/sq\/wp-json\/wp\/v2\/pages\/10377","targetHints":{"allow":["GET"]}}],"collection":[{"href":"https:\/\/firstdental-center.com\/sq\/wp-json\/wp\/v2\/pages"}],"about":[{"href":"https:\/\/firstdental-center.com\/sq\/wp-json\/wp\/v2\/types\/page"}],"author":[{"embeddable":true,"href":"https:\/\/firstdental-center.com\/sq\/wp-json\/wp\/v2\/users\/1"}],"replies":[{"embeddable":true,"href":"https:\/\/firstdental-center.com\/sq\/wp-json\/wp\/v2\/comments?post=10377"}],"version-history":[{"count":10,"href":"https:\/\/firstdental-center.com\/sq\/wp-json\/wp\/v2\/pages\/10377\/revisions"}],"predecessor-version":[{"id":10902,"href":"https:\/\/firstdental-center.com\/sq\/wp-json\/wp\/v2\/pages\/10377\/revisions\/10902"}],"up":[{"embeddable":true,"href":"https:\/\/firstdental-center.com\/sq\/wp-json\/wp\/v2\/pages\/425"}],"wp:featuredmedia":[{"embeddable":true,"href":"https:\/\/firstdental-center.com\/sq\/wp-json\/wp\/v2\/media\/10368"}],"wp:attachment":[{"href":"https:\/\/firstdental-center.com\/sq\/wp-json\/wp\/v2\/media?parent=10377"}],"curies":[{"name":"wp","href":"https:\/\/api.w.org\/{rel}","templated":true}]}}