{"id":10375,"date":"2024-01-09T18:14:09","date_gmt":"2024-01-09T18:14:09","guid":{"rendered":"https:\/\/firstdental-center.com\/?page_id=10375"},"modified":"2024-02-21T21:02:45","modified_gmt":"2024-02-21T21:02:45","slug":"orthodontics","status":"publish","type":"page","link":"https:\/\/firstdental-center.com\/sq\/services-2\/orthodontics\/","title":{"rendered":"Ortodonci"},"content":{"rendered":"<div data-elementor-type=\"wp-page\" data-elementor-id=\"10375\" class=\"elementor elementor-10375\">\n\t\t\t\t<div class=\"elementor-element elementor-element-e1f0087 e-flex e-con-boxed e-con e-parent\" data-id=\"e1f0087\" data-element_type=\"container\" data-e-type=\"container\">\n\t\t\t\t\t<div class=\"e-con-inner\">\n\t\t\t\t<div class=\"elementor-element elementor-element-561a5b3 elementor-widget elementor-widget-text-editor\" data-id=\"561a5b3\" data-element_type=\"widget\" data-e-type=\"widget\" data-widget_type=\"text-editor.default\">\n\t\t\t\t<div class=\"elementor-widget-container\">\n\t\t\t\t\t\t\t\t\t<p data-renderer-start-pos=\"15\">Transformoni buz\u00ebqeshjen tuaj dhe arrini sh\u00ebndetin oral optimal me sh\u00ebrbimet e Ortodoncis\u00eb ofruar nga First Dental Center.  Ortodontist\u00ebt tan\u00eb ekspert\u00eb specializohen n\u00eb krijimin e buz\u00ebqeshjeve t\u00eb bukura dhe t\u00eb drejta, q\u00eb jo vet\u00ebm p\u00ebrmir\u00ebsojn\u00eb estetik\u00ebn, por gjithashtu p\u00ebrmir\u00ebsojn\u00eb p\u00ebrgjith\u00ebsisht mir\u00ebqenien dentare.<\/p><p data-renderer-start-pos=\"322\">N\u00eb First Dental Center, ne kuptojm\u00eb r\u00ebnd\u00ebsin\u00eb e nj\u00eb kafshimi t\u00eb drejt\u00eb dhe nj\u00eb buz\u00ebqeshje t\u00eb sigurt. Sh\u00ebrbimet tona t\u00eb Ortodoncis\u00eb p\u00ebrfshijn\u00eb nj\u00eb gam\u00eb t\u00eb gjer\u00eb trajtimesh, duke p\u00ebrfshir\u00eb trajtimin me tela tradicional\u00eb, ata t\u00eb tejduksh\u00ebm dhe zgjidhje t\u00eb tjera inovative.\n Duke p\u00ebrdorur teknologjin\u00eb m\u00eb t\u00eb fundit dhe plane trajtimi t\u00eb personalizuara, ne p\u00ebrpiqemi t\u00eb adresojm\u00eb shtremb\u00ebrime apo parregullsi t\u00eb kafshimit.<\/p><p data-renderer-start-pos=\"703\">Ekipi yn\u00eb me p\u00ebrvoj\u00eb \u00ebsht\u00eb i p\u00ebrkushtuar n\u00eb ofrimin e nj\u00eb p\u00ebrvoje ortodoncike t\u00eb rehatshme dhe pozitive p\u00ebr pacient\u00ebt e t\u00eb gjitha moshave. N\u00ebse jeni nj\u00eb i rritur q\u00eb zgjedh trajtimin me tela tradicionale apo nj\u00eb i ri q\u00eb eksploron mund\u00ebsit\u00eb e trajtimit me tela t\u00eb paduksh\u00ebm, First Dental Center \u00ebsht\u00eb i p\u00ebrkushtuar n\u00eb p\u00ebrshtatjen e zgjidhjeve ortodontike sipas nevojave tuaja unike.<\/p><p data-renderer-start-pos=\"1018\">Nisuni n\u00eb nj\u00eb udh\u00ebtim drejt nj\u00eb buz\u00ebqeshjeje m\u00eb t\u00eb drejt\u00eb dhe m\u00eb t\u00eb sh\u00ebndetshme me sh\u00ebrbimet e Ortodoncis\u00eb n\u00eb First Dental Center. Zbuloni vet\u00ebbesimin q\u00eb vjen me nj\u00eb kafshim t\u00eb drejt\u00eb dhe nj\u00eb buz\u00ebqeshje t\u00eb shk\u00eblqyer. Rruga juaj drejt shk\u00eblqimit ortodontik fillon k\u00ebtu, te First Dental Center n\u00eb Tiran\u00eb.<\/p>\t\t\t\t\t\t\t\t<\/div>\n\t\t\t\t<\/div>\n\t\t\t\t\t<\/div>\n\t\t\t\t<\/div>\n\t\t<div class=\"elementor-element elementor-element-9624ce0 e-flex e-con-boxed e-con e-parent\" data-id=\"9624ce0\" data-element_type=\"container\" data-e-type=\"container\">\n\t\t\t\t\t<div class=\"e-con-inner\">\n\t\t<div class=\"elementor-element elementor-element-c371b77 e-con-full e-flex e-con e-child\" data-id=\"c371b77\" data-element_type=\"container\" data-e-type=\"container\">\n\t\t\t\t<div class=\"elementor-element elementor-element-bfb1d45 elementor-widget elementor-widget-tm_icon_heading\" data-id=\"bfb1d45\" data-element_type=\"widget\" data-e-type=\"widget\" data-widget_type=\"tm_icon_heading.default\">\n\t\t\t\t<div class=\"elementor-widget-container\">\n\t\t\t\t\t\n<div class=\"themetechmount-iconbox themetechmount-iconbox-styleone themetechmount-iconcolor-skincolor\">\n<div class=\"themetechmount-iconbox-inner\">\n\t\t<div class=\"tm-iconbox-wrapper\">\n\t\t\t<div class=\"tm-iconbox\">\n\t\t\t\t<div class=\"themetechmount-iconbox-icon\">\n\t\t\t\t\t<div class=\"tm-box-icon\"><i class=\"kw_brivona flaticon-doctor-4\"><\/i><\/div>\t\t\t\t<\/div>\n\t\t\t\t<div class=\"themetechmount-iconbox-heading\">\n\t\t\t\t\t<h2 class=\"tm-custom-heading\">\n\t\t\t\t\t\n\t\t\t\t\t\tTrajtim p\u00ebr t\u00eb Rritur\n\t\t\t\t\t\n\t\t\t\t\t<\/h2>\n\t\t\t\t\t\t\t\t\t\t\t\t\t<\/div>\n\t\t\t<\/div>\n\t\t\t<div class=\"themetechmount-iconbox-desc\">\n\t\t\t\t\t\t\t\t\t\t\t<\/div>\n\t\t<\/div>\n\t<\/div>\t\n<\/div>\n\t\t\t\t<\/div>\n\t\t\t\t<\/div>\n\t\t\t\t<\/div>\n\t\t<div class=\"elementor-element elementor-element-f3992f4 e-con-full e-flex e-con e-child\" data-id=\"f3992f4\" data-element_type=\"container\" data-e-type=\"container\">\n\t\t\t\t<div class=\"elementor-element elementor-element-bfb5ab1 elementor-widget elementor-widget-tm_icon_heading\" data-id=\"bfb5ab1\" data-element_type=\"widget\" data-e-type=\"widget\" data-widget_type=\"tm_icon_heading.default\">\n\t\t\t\t<div class=\"elementor-widget-container\">\n\t\t\t\t\t\n<div class=\"themetechmount-iconbox themetechmount-iconbox-styleone themetechmount-iconcolor-skincolor\">\n<div class=\"themetechmount-iconbox-inner\">\n\t\t<div class=\"tm-iconbox-wrapper\">\n\t\t\t<div class=\"tm-iconbox\">\n\t\t\t\t<div class=\"themetechmount-iconbox-icon\">\n\t\t\t\t\t<div class=\"tm-box-icon\"><i class=\"fas fa-child\"><\/i><\/div>\t\t\t\t<\/div>\n\t\t\t\t<div class=\"themetechmount-iconbox-heading\">\n\t\t\t\t\t<h2 class=\"tm-custom-heading\">\n\t\t\t\t\t\n\t\t\t\t\t\tTrajtim p\u00ebr F\u00ebmij\u00eb\n\t\t\t\t\t\n\t\t\t\t\t<\/h2>\n\t\t\t\t\t\t\t\t\t\t\t\t\t<\/div>\n\t\t\t<\/div>\n\t\t\t<div class=\"themetechmount-iconbox-desc\">\n\t\t\t\t\t\t\t\t\t\t\t<\/div>\n\t\t<\/div>\n\t<\/div>\t\n<\/div>\n\t\t\t\t<\/div>\n\t\t\t\t<\/div>\n\t\t\t\t<\/div>\n\t\t\t\t\t<\/div>\n\t\t\t\t<\/div>\n\t\t<div class=\"elementor-element elementor-element-bf30051 e-flex e-con-boxed e-con e-parent\" data-id=\"bf30051\" data-element_type=\"container\" data-e-type=\"container\">\n\t\t\t\t\t<div class=\"e-con-inner\">\n\t\t\t\t<div class=\"elementor-element elementor-element-953a679 tm-align-left elementor-widget elementor-widget-tm_heading\" data-id=\"953a679\" data-element_type=\"widget\" data-e-type=\"widget\" data-widget_type=\"tm_heading.default\">\n\t\t\t\t<div class=\"elementor-widget-container\">\n\t\t\t\t\t<div class=\"tm-element-heading-content-wrapper left-align tm-reverse-heading-yes tm-seperator-solid  tm-heading-style-vertical\"><div class=\"tm-content-header\"><h4 class=\"tm-element-subheading tm-custom-heading\">\n\t\t\t\tOrtodonci\n\n\t\t\t<\/h4>\n\t\t<h2 class=\"tm-element-content-heading tm-custom-heading\">\n\t\t\t\tPacient\u00ebt\n\t\t\t<\/h2>\n\t\t<div class=\"heading-seperator\"><span><\/span><\/div><\/div><\/div>\t\t\t\t<\/div>\n\t\t\t\t<\/div>\n\t\t\t\t<div class=\"elementor-element elementor-element-174b9ab tm-align-left elementor-widget elementor-widget-tm_project_element\" data-id=\"174b9ab\" data-element_type=\"widget\" data-e-type=\"widget\" data-widget_type=\"tm_project_element.default\">\n\t\t\t\t<div class=\"elementor-widget-container\">\n\t\t\t\t\t<div class=\"themetechmount-boxes themetechmount-boxes-portfolio themetechmount-element-portfoliobox-overlay themetechmount-boxes-view-carousel themetechmount-boxes-col-two tm-boxes-carousel-arrow- tm-boxes-carousel-arrows-0 themetechmount-boxes-textalign-left themetechmount-boxes-spacing-30px\" data-tm-show=\"6\" data-tm-loop=\"1\" data-tm-autoplay=\"1\" data-tm-centermode=\"0\" data-tm-nav=\"\" data-tm-dots=\"\" data-tm-slidestoscroll=\"1\" data-tm-autoplayspeed=\"4500\" data-tm-margin=\"30px\"><div class=\"themetechmount-boxes-inner\">\n\t\t\t<div class=\"themetechmount-box-heading-wrapper tm-boxwithout-heading\">\n\t\t\t\t<div class=\"tm-element-heading-content-wrapper left-align tm-reverse-heading-yes tm-seperator-solid  tm-heading-style-vertical\"><div class=\"tm-content-header\"><div class=\"heading-seperator\"><span><\/span><\/div><\/div><\/div>\t\t\t\t\t\t\t<\/div>\n\n\t\t\t<div class=\"themetechmount-boxes-row-wrapper row multi-columns-row\">\n\n\t\t\t<div class=\"tm-box-col-wrapper  orthodontics col-lg-6 col-sm-6 col-md-6 col-xs-12\"><article class=\"themetechmount-box themetechmount-box-portfolio themetechmount-box-view-overlay themetechmount-portfolio-box-view-overlay\">\n\t<div class=\"themetechmount-post-item\">\n\t\t\n\t\t<span class=\"themetechmount-item-thumbnail\">\n\t\t\t<span class=\"themetechmount-item-thumbnail-inner\">\n\t\t\t\t<img fetchpriority=\"high\" decoding=\"async\" width=\"800\" height=\"600\" src=\"https:\/\/firstdental-center.com\/wp-content\/uploads\/2024\/02\/IMG_4087-800x600.jpg\" class=\"attachment-themetechmount-img-portfolio size-themetechmount-img-portfolio wp-post-image\" alt=\"\" data-id=\"10927\" \/>\n\t\t\t<\/span>\n\t\t<\/span>\t\t<div class=\"themetechmount-box-content themetechmount-overlay\">\n\t\t\t<div class=\"themetechmount-icon-box themetechmount-media-link\"><a class=\"tm_prettyphoto\" title=\"Drejtimi i Dh\u00ebmb\u00ebve me Maskerina Transparente\" href=\"https:\/\/firstdental-center.com\/wp-content\/uploads\/2024\/02\/IMG_4087.jpg\"><i class=\"tm-brivona-icon-search\"><\/i><\/a><\/div>\n            <div class=\"themetechmount-box-content-inner\">\t\t\t  \t\t\t\n\t\t\t\t\t<div class=\"themetechmount-box-title\"><h4><a href=\"https:\/\/firstdental-center.com\/sq\/portfolio\/teeth-straightening-with-clear-aligners\/\">Drejtimi i Dh\u00ebmb\u00ebve me Maskerina Transparente<\/a><\/h4><\/div>\t\t\t\t\t<div class=\"themetechmount-box-category\"><a href=\"https:\/\/firstdental-center.com\/sq\/portfolio-category\/orthodontics\/\" rel=\"tag\">Ortodonci<\/a><\/div>\t\t\t\t\t\t\t\n\t\t\t <\/div>\t\n\t\t<\/div>\n\t<\/div>\n<\/article><\/div>\n\t\t\t<\/div>\n\n\t\t\t<\/div><!-- .themetechmount-boxes-inner -->   <\/div><!-- .themetechmount-boxes -->  \t\t\t\t<\/div>\n\t\t\t\t<\/div>\n\t\t\t\t\t<\/div>\n\t\t\t\t<\/div>\n\t\t\t\t<\/div>","protected":false},"excerpt":{"rendered":"<p>Transform your smile and achieve optimal oral health with the Orthodontics services offered by First Dental Center, your premier dental clinic in Tirana. Our expert orthodontists specialize in creating beautiful, straight smiles that not only enhance aesthetics but also improve overall dental well-being. At First Dental Center, we understand the importance of a well-aligned bite &hellip; <a href=\"https:\/\/firstdental-center.com\/sq\/portfolio\/teeth-straightening-with-clear-aligners\/\" class=\"more-link\">Continue reading <span class=\"screen-reader-text\">Drejtimi i Dh\u00ebmb\u00ebve me Maskerina Transparente<\/span><\/a><\/p>","protected":false},"author":1,"featured_media":10369,"parent":425,"menu_order":0,"comment_status":"closed","ping_status":"closed","template":"","meta":{"footnotes":""},"class_list":["post-10375","page","type-page","status-publish","has-post-thumbnail","hentry"],"yoast_head":"<!-- This site is optimized with the Yoast SEO plugin v26.9 - https:\/\/yoast.com\/product\/yoast-seo-wordpress\/ -->\n<title>Orthodontics - First Dental Center<\/title>\n<meta name=\"robots\" content=\"index, follow, max-snippet:-1, max-image-preview:large, max-video-preview:-1\" \/>\n<link rel=\"canonical\" href=\"https:\/\/firstdental-center.com\/sq\/services-2\/orthodontics\/\" \/>\n<meta property=\"og:locale\" content=\"sq_AL\" \/>\n<meta property=\"og:type\" content=\"article\" \/>\n<meta property=\"og:title\" content=\"Orthodontics - First Dental Center\" \/>\n<meta property=\"og:description\" content=\"Transform your smile and achieve optimal oral health with the Orthodontics services offered by First Dental Center, your premier dental clinic in Tirana. Our expert orthodontists specialize in creating beautiful, straight smiles that not only enhance aesthetics but also improve overall dental well-being. At First Dental Center, we understand the importance of a well-aligned bite &hellip; Continue reading Teeth straightening with clear aligners\" \/>\n<meta property=\"og:url\" content=\"https:\/\/firstdental-center.com\/sq\/services-2\/orthodontics\/\" \/>\n<meta property=\"og:site_name\" content=\"First Dental Center\" \/>\n<meta property=\"article:modified_time\" content=\"2024-02-21T21:02:45+00:00\" \/>\n<meta property=\"og:image\" content=\"https:\/\/firstdental-center.com\/wp-content\/uploads\/2024\/01\/orthodontic.jpg\" \/>\n\t<meta property=\"og:image:width\" content=\"1200\" \/>\n\t<meta property=\"og:image:height\" content=\"800\" \/>\n\t<meta property=\"og:image:type\" content=\"image\/jpeg\" \/>\n<meta name=\"twitter:card\" content=\"summary_large_image\" \/>\n<meta name=\"twitter:label1\" content=\"Est. reading time\" \/>\n\t<meta name=\"twitter:data1\" content=\"1 minut\u00eb\" \/>\n<script type=\"application\/ld+json\" class=\"yoast-schema-graph\">{\"@context\":\"https:\/\/schema.org\",\"@graph\":[{\"@type\":\"WebPage\",\"@id\":\"https:\/\/firstdental-center.com\/services-2\/orthodontics\/\",\"url\":\"https:\/\/firstdental-center.com\/services-2\/orthodontics\/\",\"name\":\"Orthodontics - First Dental Center\",\"isPartOf\":{\"@id\":\"https:\/\/firstdental-center.com\/#website\"},\"primaryImageOfPage\":{\"@id\":\"https:\/\/firstdental-center.com\/services-2\/orthodontics\/#primaryimage\"},\"image\":{\"@id\":\"https:\/\/firstdental-center.com\/services-2\/orthodontics\/#primaryimage\"},\"thumbnailUrl\":\"https:\/\/firstdental-center.com\/wp-content\/uploads\/2024\/01\/orthodontic.jpg\",\"datePublished\":\"2024-01-09T18:14:09+00:00\",\"dateModified\":\"2024-02-21T21:02:45+00:00\",\"breadcrumb\":{\"@id\":\"https:\/\/firstdental-center.com\/services-2\/orthodontics\/#breadcrumb\"},\"inLanguage\":\"sq\",\"potentialAction\":[{\"@type\":\"ReadAction\",\"target\":[\"https:\/\/firstdental-center.com\/services-2\/orthodontics\/\"]}]},{\"@type\":\"ImageObject\",\"inLanguage\":\"sq\",\"@id\":\"https:\/\/firstdental-center.com\/services-2\/orthodontics\/#primaryimage\",\"url\":\"https:\/\/firstdental-center.com\/wp-content\/uploads\/2024\/01\/orthodontic.jpg\",\"contentUrl\":\"https:\/\/firstdental-center.com\/wp-content\/uploads\/2024\/01\/orthodontic.jpg\",\"width\":1200,\"height\":800},{\"@type\":\"BreadcrumbList\",\"@id\":\"https:\/\/firstdental-center.com\/services-2\/orthodontics\/#breadcrumb\",\"itemListElement\":[{\"@type\":\"ListItem\",\"position\":1,\"name\":\"Home\",\"item\":\"https:\/\/firstdental-center.com\/\"},{\"@type\":\"ListItem\",\"position\":2,\"name\":\"Services\",\"item\":\"https:\/\/firstdental-center.com\/services-2\/\"},{\"@type\":\"ListItem\",\"position\":3,\"name\":\"Orthodontics\"}]},{\"@type\":\"WebSite\",\"@id\":\"https:\/\/firstdental-center.com\/#website\",\"url\":\"https:\/\/firstdental-center.com\/\",\"name\":\"First Dental Center\",\"description\":\"My WordPress Blog\",\"publisher\":{\"@id\":\"https:\/\/firstdental-center.com\/#organization\"},\"potentialAction\":[{\"@type\":\"SearchAction\",\"target\":{\"@type\":\"EntryPoint\",\"urlTemplate\":\"https:\/\/firstdental-center.com\/?s={search_term_string}\"},\"query-input\":{\"@type\":\"PropertyValueSpecification\",\"valueRequired\":true,\"valueName\":\"search_term_string\"}}],\"inLanguage\":\"sq\"},{\"@type\":\"Organization\",\"@id\":\"https:\/\/firstdental-center.com\/#organization\",\"name\":\"First Dental Center\",\"url\":\"https:\/\/firstdental-center.com\/\",\"logo\":{\"@type\":\"ImageObject\",\"inLanguage\":\"sq\",\"@id\":\"https:\/\/firstdental-center.com\/#\/schema\/logo\/image\/\",\"url\":\"https:\/\/firstdental-center.com\/wp-content\/uploads\/2023\/11\/extendify-demo-logo.png\",\"contentUrl\":\"https:\/\/firstdental-center.com\/wp-content\/uploads\/2023\/11\/extendify-demo-logo.png\",\"width\":96,\"height\":97,\"caption\":\"First Dental Center\"},\"image\":{\"@id\":\"https:\/\/firstdental-center.com\/#\/schema\/logo\/image\/\"}}]}<\/script>\n<!-- \/ Yoast SEO plugin. -->","yoast_head_json":{"title":"Orthodontics - First Dental Center","robots":{"index":"index","follow":"follow","max-snippet":"max-snippet:-1","max-image-preview":"max-image-preview:large","max-video-preview":"max-video-preview:-1"},"canonical":"https:\/\/firstdental-center.com\/sq\/services-2\/orthodontics\/","og_locale":"sq_AL","og_type":"article","og_title":"Orthodontics - First Dental Center","og_description":"Transform your smile and achieve optimal oral health with the Orthodontics services offered by First Dental Center, your premier dental clinic in Tirana. Our expert orthodontists specialize in creating beautiful, straight smiles that not only enhance aesthetics but also improve overall dental well-being. At First Dental Center, we understand the importance of a well-aligned bite &hellip; Continue reading Teeth straightening with clear aligners","og_url":"https:\/\/firstdental-center.com\/sq\/services-2\/orthodontics\/","og_site_name":"First Dental Center","article_modified_time":"2024-02-21T21:02:45+00:00","og_image":[{"width":1200,"height":800,"url":"https:\/\/firstdental-center.com\/wp-content\/uploads\/2024\/01\/orthodontic.jpg","type":"image\/jpeg"}],"twitter_card":"summary_large_image","twitter_misc":{"Est. reading time":"1 minut\u00eb"},"schema":{"@context":"https:\/\/schema.org","@graph":[{"@type":"WebPage","@id":"https:\/\/firstdental-center.com\/services-2\/orthodontics\/","url":"https:\/\/firstdental-center.com\/services-2\/orthodontics\/","name":"Orthodontics - First Dental Center","isPartOf":{"@id":"https:\/\/firstdental-center.com\/#website"},"primaryImageOfPage":{"@id":"https:\/\/firstdental-center.com\/services-2\/orthodontics\/#primaryimage"},"image":{"@id":"https:\/\/firstdental-center.com\/services-2\/orthodontics\/#primaryimage"},"thumbnailUrl":"https:\/\/firstdental-center.com\/wp-content\/uploads\/2024\/01\/orthodontic.jpg","datePublished":"2024-01-09T18:14:09+00:00","dateModified":"2024-02-21T21:02:45+00:00","breadcrumb":{"@id":"https:\/\/firstdental-center.com\/services-2\/orthodontics\/#breadcrumb"},"inLanguage":"sq","potentialAction":[{"@type":"ReadAction","target":["https:\/\/firstdental-center.com\/services-2\/orthodontics\/"]}]},{"@type":"ImageObject","inLanguage":"sq","@id":"https:\/\/firstdental-center.com\/services-2\/orthodontics\/#primaryimage","url":"https:\/\/firstdental-center.com\/wp-content\/uploads\/2024\/01\/orthodontic.jpg","contentUrl":"https:\/\/firstdental-center.com\/wp-content\/uploads\/2024\/01\/orthodontic.jpg","width":1200,"height":800},{"@type":"BreadcrumbList","@id":"https:\/\/firstdental-center.com\/services-2\/orthodontics\/#breadcrumb","itemListElement":[{"@type":"ListItem","position":1,"name":"Home","item":"https:\/\/firstdental-center.com\/"},{"@type":"ListItem","position":2,"name":"Services","item":"https:\/\/firstdental-center.com\/services-2\/"},{"@type":"ListItem","position":3,"name":"Orthodontics"}]},{"@type":"WebSite","@id":"https:\/\/firstdental-center.com\/#website","url":"https:\/\/firstdental-center.com\/","name":"First Dental Center","description":"My WordPress Blog","publisher":{"@id":"https:\/\/firstdental-center.com\/#organization"},"potentialAction":[{"@type":"SearchAction","target":{"@type":"EntryPoint","urlTemplate":"https:\/\/firstdental-center.com\/?s={search_term_string}"},"query-input":{"@type":"PropertyValueSpecification","valueRequired":true,"valueName":"search_term_string"}}],"inLanguage":"sq"},{"@type":"Organization","@id":"https:\/\/firstdental-center.com\/#organization","name":"First Dental Center","url":"https:\/\/firstdental-center.com\/","logo":{"@type":"ImageObject","inLanguage":"sq","@id":"https:\/\/firstdental-center.com\/#\/schema\/logo\/image\/","url":"https:\/\/firstdental-center.com\/wp-content\/uploads\/2023\/11\/extendify-demo-logo.png","contentUrl":"https:\/\/firstdental-center.com\/wp-content\/uploads\/2023\/11\/extendify-demo-logo.png","width":96,"height":97,"caption":"First Dental Center"},"image":{"@id":"https:\/\/firstdental-center.com\/#\/schema\/logo\/image\/"}}]}},"_links":{"self":[{"href":"https:\/\/firstdental-center.com\/sq\/wp-json\/wp\/v2\/pages\/10375","targetHints":{"allow":["GET"]}}],"collection":[{"href":"https:\/\/firstdental-center.com\/sq\/wp-json\/wp\/v2\/pages"}],"about":[{"href":"https:\/\/firstdental-center.com\/sq\/wp-json\/wp\/v2\/types\/page"}],"author":[{"embeddable":true,"href":"https:\/\/firstdental-center.com\/sq\/wp-json\/wp\/v2\/users\/1"}],"replies":[{"embeddable":true,"href":"https:\/\/firstdental-center.com\/sq\/wp-json\/wp\/v2\/comments?post=10375"}],"version-history":[{"count":10,"href":"https:\/\/firstdental-center.com\/sq\/wp-json\/wp\/v2\/pages\/10375\/revisions"}],"predecessor-version":[{"id":10908,"href":"https:\/\/firstdental-center.com\/sq\/wp-json\/wp\/v2\/pages\/10375\/revisions\/10908"}],"up":[{"embeddable":true,"href":"https:\/\/firstdental-center.com\/sq\/wp-json\/wp\/v2\/pages\/425"}],"wp:featuredmedia":[{"embeddable":true,"href":"https:\/\/firstdental-center.com\/sq\/wp-json\/wp\/v2\/media\/10369"}],"wp:attachment":[{"href":"https:\/\/firstdental-center.com\/sq\/wp-json\/wp\/v2\/media?parent=10375"}],"curies":[{"name":"wp","href":"https:\/\/api.w.org\/{rel}","templated":true}]}}