{"id":10373,"date":"2024-01-09T18:13:23","date_gmt":"2024-01-09T18:13:23","guid":{"rendered":"https:\/\/firstdental-center.com\/?page_id=10373"},"modified":"2024-02-21T21:02:05","modified_gmt":"2024-02-21T21:02:05","slug":"aesthetic-dentistry","status":"publish","type":"page","link":"https:\/\/firstdental-center.com\/sq\/services-2\/aesthetic-dentistry\/","title":{"rendered":"Stomatologjia Estetike"},"content":{"rendered":"<div data-elementor-type=\"wp-page\" data-elementor-id=\"10373\" class=\"elementor elementor-10373\">\n\t\t\t\t<div class=\"elementor-element elementor-element-c4ae582 e-flex e-con-boxed e-con e-parent\" data-id=\"c4ae582\" data-element_type=\"container\" data-e-type=\"container\">\n\t\t\t\t\t<div class=\"e-con-inner\">\n\t\t\t\t<div class=\"elementor-element elementor-element-bbf8f96 elementor-widget elementor-widget-text-editor\" data-id=\"bbf8f96\" data-element_type=\"widget\" data-e-type=\"widget\" data-widget_type=\"text-editor.default\">\n\t\t\t\t<div class=\"elementor-widget-container\">\n\t\t\t\t\t\t\t\t\t<p data-renderer-start-pos=\"22\">Ngrijeni buz\u00ebqeshjen tuaj n\u00eb nj\u00eb nivel t\u00eb ri t\u00eb bukuris\u00eb dhe vet\u00ebbesimit me sh\u00ebrbimet e Stomatologjis\u00eb Estetike n\u00eb First Dental Center.  Sh\u00ebrbimet tona t\u00eb Stomatologjis\u00eb Estetike jan\u00eb krijuar p\u00ebr t\u00eb kombinuar artin me simetrin\u00eb, duke rritur bukurin\u00eb natyrale t\u00eb dh\u00ebmb\u00ebve tuaj dhe duke krijuar nj\u00eb buz\u00ebqeshje rrezatuese e harmonike.<\/p><p data-renderer-start-pos=\"332\">N\u00eb First Dental Center, ne kuptojm\u00eb se nj\u00eb buz\u00ebqeshje mbres\u00ebl\u00ebn\u00ebse tejkalon sh\u00ebndetin oral; \u00ebsht\u00eb nj\u00eb reflektim i personalitetit tuaj dhe vet\u00ebbesimit. Ekipi yn\u00eb i profesionist\u00ebve t\u00eb kualifikuar ofron nj\u00eb s\u00ebr\u00eb sh\u00ebrbimesh estetike si zbardhimi i dh\u00ebmb\u00ebve, fasetat e porcelanit dhe mbushjet estetike. \u00c7do trajtim ofrohet me kujdesin maksimal p\u00ebr tu p\u00ebrshtatur me tiparet dhe k\u00ebrkesat tuaja unike.<\/p><p data-renderer-start-pos=\"727\">P\u00ebrjetoni fuqin\u00eb transformuese t\u00eb Stomatologjis\u00eb Estetike n\u00eb nj\u00eb mjedis mikprit\u00ebs dhe me teknologji t\u00eb fundit. Pavar\u00ebsisht n\u00ebse k\u00ebrkoni t\u00eb korrigjoni defekte t\u00eb vogla apo ti n\u00ebnshtroheni nj\u00eb ndryshimi t\u00eb plot\u00eb t\u00eb buz\u00ebqeshjes, ekipi yn\u00eb i p\u00ebrkushtuar n\u00eb First Dental Center \u00ebsht\u00eb i vendosur p\u00ebr t\u00eb ofruar rezultate q\u00eb i tejkalojn\u00eb pritshm\u00ebrit\u00eb.<\/p><p data-renderer-start-pos=\"1025\">Zbuloni buz\u00ebqeshjen tuaj m\u00eb t\u00eb shk\u00eblqyer me Stomatologjin\u00eb Estetike n\u00eb First Dental Center. Zbuloni potencialin e v\u00ebrtet\u00eb t\u00eb dh\u00ebmb\u00ebve tuaj dhe rrezatoni vet\u00ebbesimin n\u00eb \u00e7do buz\u00ebqeshje.<\/p>\t\t\t\t\t\t\t\t<\/div>\n\t\t\t\t<\/div>\n\t\t\t\t\t<\/div>\n\t\t\t\t<\/div>\n\t\t<div class=\"elementor-element elementor-element-ebe4943 e-flex e-con-boxed e-con e-parent\" data-id=\"ebe4943\" data-element_type=\"container\" data-e-type=\"container\">\n\t\t\t\t\t<div class=\"e-con-inner\">\n\t\t\t\t<div class=\"elementor-element elementor-element-d21e3ae tm-align-left elementor-widget elementor-widget-tm_heading\" data-id=\"d21e3ae\" data-element_type=\"widget\" data-e-type=\"widget\" data-widget_type=\"tm_heading.default\">\n\t\t\t\t<div class=\"elementor-widget-container\">\n\t\t\t\t\t<div class=\"tm-element-heading-content-wrapper left-align tm-reverse-heading-yes tm-seperator-solid  tm-heading-style-vertical\"><div class=\"tm-content-header\"><h4 class=\"tm-element-subheading tm-custom-heading\">\n\t\t\t\tStomatologjia Estetike\n\n\t\t\t<\/h4>\n\t\t<h2 class=\"tm-element-content-heading tm-custom-heading\">\n\t\t\t\tPacient\u00ebt\n\t\t\t<\/h2>\n\t\t<div class=\"heading-seperator\"><span><\/span><\/div><\/div><\/div>\t\t\t\t<\/div>\n\t\t\t\t<\/div>\n\t\t\t\t<div class=\"elementor-element elementor-element-13ba417 tm-align-left elementor-widget elementor-widget-tm_project_element\" data-id=\"13ba417\" data-element_type=\"widget\" data-e-type=\"widget\" data-widget_type=\"tm_project_element.default\">\n\t\t\t\t<div class=\"elementor-widget-container\">\n\t\t\t\t\t<div class=\"themetechmount-boxes themetechmount-boxes-portfolio themetechmount-element-portfoliobox-overlay themetechmount-boxes-view-carousel themetechmount-boxes-col-two tm-boxes-carousel-arrow- tm-boxes-carousel-arrows-0 themetechmount-boxes-textalign-left themetechmount-boxes-spacing-30px\" data-tm-show=\"6\" data-tm-loop=\"1\" data-tm-autoplay=\"1\" data-tm-centermode=\"0\" data-tm-nav=\"\" data-tm-dots=\"\" data-tm-slidestoscroll=\"1\" data-tm-autoplayspeed=\"4500\" data-tm-margin=\"30px\"><div class=\"themetechmount-boxes-inner\">\n\t\t\t<div class=\"themetechmount-box-heading-wrapper tm-boxwithout-heading\">\n\t\t\t\t<div class=\"tm-element-heading-content-wrapper left-align tm-reverse-heading-yes tm-seperator-solid  tm-heading-style-vertical\"><div class=\"tm-content-header\"><div class=\"heading-seperator\"><span><\/span><\/div><\/div><\/div>\t\t\t\t\t\t\t<\/div>\n\n\t\t\t<div class=\"themetechmount-boxes-row-wrapper row multi-columns-row\">\n\n\t\t\t<div class=\"tm-box-col-wrapper  aesthetic-dentistry col-lg-6 col-sm-6 col-md-6 col-xs-12\"><article class=\"themetechmount-box themetechmount-box-portfolio themetechmount-box-view-overlay themetechmount-portfolio-box-view-overlay\">\n\t<div class=\"themetechmount-post-item\">\n\t\t\n\t\t<span class=\"themetechmount-item-thumbnail\">\n\t\t\t<span class=\"themetechmount-item-thumbnail-inner\">\n\t\t\t\t<img fetchpriority=\"high\" decoding=\"async\" width=\"800\" height=\"600\" src=\"https:\/\/firstdental-center.com\/wp-content\/uploads\/2024\/02\/IMG_5395-800x600.jpg\" class=\"attachment-themetechmount-img-portfolio size-themetechmount-img-portfolio wp-post-image\" alt=\"\" data-id=\"10924\" \/>\n\t\t\t<\/span>\n\t\t<\/span>\t\t<div class=\"themetechmount-box-content themetechmount-overlay\">\n\t\t\t<div class=\"themetechmount-icon-box themetechmount-media-link\"><a class=\"tm_prettyphoto\" title=\"Zbardhim Dh\u00ebmb\u00ebsh\" href=\"https:\/\/firstdental-center.com\/wp-content\/uploads\/2024\/02\/IMG_5395.jpg\"><i class=\"tm-brivona-icon-search\"><\/i><\/a><\/div>\n            <div class=\"themetechmount-box-content-inner\">\t\t\t  \t\t\t\n\t\t\t\t\t<div class=\"themetechmount-box-title\"><h4><a href=\"https:\/\/firstdental-center.com\/sq\/portfolio\/teeth-whitening\/\">Zbardhim Dh\u00ebmb\u00ebsh<\/a><\/h4><\/div>\t\t\t\t\t<div class=\"themetechmount-box-category\"><a href=\"https:\/\/firstdental-center.com\/sq\/portfolio-category\/aesthetic-dentistry\/\" rel=\"tag\">Stomatologjia Estetike<\/a><\/div>\t\t\t\t\t\t\t\n\t\t\t <\/div>\t\n\t\t<\/div>\n\t<\/div>\n<\/article><\/div><div class=\"tm-box-col-wrapper  advanced-implantology aesthetic-dentistry col-lg-6 col-sm-6 col-md-6 col-xs-12\"><article class=\"themetechmount-box themetechmount-box-portfolio themetechmount-box-view-overlay themetechmount-portfolio-box-view-overlay\">\n\t<div class=\"themetechmount-post-item\">\n\t\t\n\t\t<span class=\"themetechmount-item-thumbnail\">\n\t\t\t<span class=\"themetechmount-item-thumbnail-inner\">\n\t\t\t\t<img decoding=\"async\" width=\"740\" height=\"600\" src=\"https:\/\/firstdental-center.com\/wp-content\/uploads\/2024\/02\/PHOTO-2024-01-04-10-00-58-740x600.jpg\" class=\"attachment-themetechmount-img-portfolio size-themetechmount-img-portfolio wp-post-image\" alt=\"\" srcset=\"https:\/\/firstdental-center.com\/wp-content\/uploads\/2024\/02\/PHOTO-2024-01-04-10-00-58-740x600.jpg 740w, https:\/\/firstdental-center.com\/wp-content\/uploads\/2024\/02\/PHOTO-2024-01-04-10-00-58-e1708622570473-16x12.jpg 16w\" sizes=\"(max-width: 740px) 100vw, 740px\" data-id=\"10916\" \/>\n\t\t\t<\/span>\n\t\t<\/span>\t\t<div class=\"themetechmount-box-content themetechmount-overlay\">\n\t\t\t<div class=\"themetechmount-icon-box themetechmount-media-link\"><a class=\"tm_prettyphoto\" title=\"Implantologji dhe Estetik\u00eb\" href=\"https:\/\/firstdental-center.com\/wp-content\/uploads\/2024\/02\/PHOTO-2024-01-04-10-00-58-e1708622570473.jpg\"><i class=\"tm-brivona-icon-search\"><\/i><\/a><\/div>\n            <div class=\"themetechmount-box-content-inner\">\t\t\t  \t\t\t\n\t\t\t\t\t<div class=\"themetechmount-box-title\"><h4><a href=\"https:\/\/firstdental-center.com\/sq\/portfolio\/implantology-and-aesthetic\/\">Implantologji dhe Estetik\u00eb<\/a><\/h4><\/div>\t\t\t\t\t<div class=\"themetechmount-box-category\"><a href=\"https:\/\/firstdental-center.com\/sq\/portfolio-category\/advanced-implantology\/\" rel=\"tag\">Implantologji e Avancuar<\/a>, <a href=\"https:\/\/firstdental-center.com\/sq\/portfolio-category\/aesthetic-dentistry\/\" rel=\"tag\">Stomatologjia Estetike<\/a><\/div>\t\t\t\t\t\t\t\n\t\t\t <\/div>\t\n\t\t<\/div>\n\t<\/div>\n<\/article><\/div>\n\t\t\t<\/div>\n\n\t\t\t<\/div><!-- .themetechmount-boxes-inner -->   <\/div><!-- .themetechmount-boxes -->  \t\t\t\t<\/div>\n\t\t\t\t<\/div>\n\t\t\t\t\t<\/div>\n\t\t\t\t<\/div>\n\t\t\t\t<\/div>","protected":false},"excerpt":{"rendered":"<p>Elevate your smile to a new level of beauty and confidence with Aesthetic Dentistry at First Dental Center, the premier dental clinic in Tirana. Our Aesthetic Dentistry services are crafted to blend artistry with precision, enhancing the natural beauty of your teeth and creating a radiant, harmonious smile. At First Dental Center, we understand that &hellip; <a href=\"https:\/\/firstdental-center.com\/sq\/portfolio\/implantology-and-aesthetic\/\" class=\"more-link\">Continue reading <span class=\"screen-reader-text\">Implantologji dhe Estetik\u00eb<\/span><\/a><\/p>","protected":false},"author":1,"featured_media":10364,"parent":425,"menu_order":0,"comment_status":"closed","ping_status":"closed","template":"","meta":{"footnotes":""},"class_list":["post-10373","page","type-page","status-publish","has-post-thumbnail","hentry"],"yoast_head":"<!-- This site is optimized with the Yoast SEO plugin v26.9 - https:\/\/yoast.com\/product\/yoast-seo-wordpress\/ -->\n<title>Aesthetic Dentistry - First Dental Center<\/title>\n<meta name=\"robots\" content=\"index, follow, max-snippet:-1, max-image-preview:large, max-video-preview:-1\" \/>\n<link rel=\"canonical\" href=\"https:\/\/firstdental-center.com\/sq\/services-2\/aesthetic-dentistry\/\" \/>\n<meta property=\"og:locale\" content=\"sq_AL\" \/>\n<meta property=\"og:type\" content=\"article\" \/>\n<meta property=\"og:title\" content=\"Aesthetic Dentistry - First Dental Center\" \/>\n<meta property=\"og:description\" content=\"Elevate your smile to a new level of beauty and confidence with Aesthetic Dentistry at First Dental Center, the premier dental clinic in Tirana. Our Aesthetic Dentistry services are crafted to blend artistry with precision, enhancing the natural beauty of your teeth and creating a radiant, harmonious smile. At First Dental Center, we understand that &hellip; Continue reading Implantology and Aesthetic\" \/>\n<meta property=\"og:url\" content=\"https:\/\/firstdental-center.com\/sq\/services-2\/aesthetic-dentistry\/\" \/>\n<meta property=\"og:site_name\" content=\"First Dental Center\" \/>\n<meta property=\"article:modified_time\" content=\"2024-02-21T21:02:05+00:00\" \/>\n<meta property=\"og:image\" content=\"https:\/\/firstdental-center.com\/wp-content\/uploads\/2024\/01\/aesthetic.jpg\" \/>\n\t<meta property=\"og:image:width\" content=\"1200\" \/>\n\t<meta property=\"og:image:height\" content=\"800\" \/>\n\t<meta property=\"og:image:type\" content=\"image\/jpeg\" \/>\n<meta name=\"twitter:card\" content=\"summary_large_image\" \/>\n<meta name=\"twitter:label1\" content=\"Est. reading time\" \/>\n\t<meta name=\"twitter:data1\" content=\"1 minut\u00eb\" \/>\n<script type=\"application\/ld+json\" class=\"yoast-schema-graph\">{\"@context\":\"https:\/\/schema.org\",\"@graph\":[{\"@type\":\"WebPage\",\"@id\":\"https:\/\/firstdental-center.com\/services-2\/aesthetic-dentistry\/\",\"url\":\"https:\/\/firstdental-center.com\/services-2\/aesthetic-dentistry\/\",\"name\":\"Aesthetic Dentistry - First Dental Center\",\"isPartOf\":{\"@id\":\"https:\/\/firstdental-center.com\/#website\"},\"primaryImageOfPage\":{\"@id\":\"https:\/\/firstdental-center.com\/services-2\/aesthetic-dentistry\/#primaryimage\"},\"image\":{\"@id\":\"https:\/\/firstdental-center.com\/services-2\/aesthetic-dentistry\/#primaryimage\"},\"thumbnailUrl\":\"https:\/\/firstdental-center.com\/wp-content\/uploads\/2024\/01\/aesthetic.jpg\",\"datePublished\":\"2024-01-09T18:13:23+00:00\",\"dateModified\":\"2024-02-21T21:02:05+00:00\",\"breadcrumb\":{\"@id\":\"https:\/\/firstdental-center.com\/services-2\/aesthetic-dentistry\/#breadcrumb\"},\"inLanguage\":\"sq\",\"potentialAction\":[{\"@type\":\"ReadAction\",\"target\":[\"https:\/\/firstdental-center.com\/services-2\/aesthetic-dentistry\/\"]}]},{\"@type\":\"ImageObject\",\"inLanguage\":\"sq\",\"@id\":\"https:\/\/firstdental-center.com\/services-2\/aesthetic-dentistry\/#primaryimage\",\"url\":\"https:\/\/firstdental-center.com\/wp-content\/uploads\/2024\/01\/aesthetic.jpg\",\"contentUrl\":\"https:\/\/firstdental-center.com\/wp-content\/uploads\/2024\/01\/aesthetic.jpg\",\"width\":1200,\"height\":800},{\"@type\":\"BreadcrumbList\",\"@id\":\"https:\/\/firstdental-center.com\/services-2\/aesthetic-dentistry\/#breadcrumb\",\"itemListElement\":[{\"@type\":\"ListItem\",\"position\":1,\"name\":\"Home\",\"item\":\"https:\/\/firstdental-center.com\/\"},{\"@type\":\"ListItem\",\"position\":2,\"name\":\"Services\",\"item\":\"https:\/\/firstdental-center.com\/services-2\/\"},{\"@type\":\"ListItem\",\"position\":3,\"name\":\"Aesthetic Dentistry\"}]},{\"@type\":\"WebSite\",\"@id\":\"https:\/\/firstdental-center.com\/#website\",\"url\":\"https:\/\/firstdental-center.com\/\",\"name\":\"First Dental Center\",\"description\":\"My WordPress Blog\",\"publisher\":{\"@id\":\"https:\/\/firstdental-center.com\/#organization\"},\"potentialAction\":[{\"@type\":\"SearchAction\",\"target\":{\"@type\":\"EntryPoint\",\"urlTemplate\":\"https:\/\/firstdental-center.com\/?s={search_term_string}\"},\"query-input\":{\"@type\":\"PropertyValueSpecification\",\"valueRequired\":true,\"valueName\":\"search_term_string\"}}],\"inLanguage\":\"sq\"},{\"@type\":\"Organization\",\"@id\":\"https:\/\/firstdental-center.com\/#organization\",\"name\":\"First Dental Center\",\"url\":\"https:\/\/firstdental-center.com\/\",\"logo\":{\"@type\":\"ImageObject\",\"inLanguage\":\"sq\",\"@id\":\"https:\/\/firstdental-center.com\/#\/schema\/logo\/image\/\",\"url\":\"https:\/\/firstdental-center.com\/wp-content\/uploads\/2023\/11\/extendify-demo-logo.png\",\"contentUrl\":\"https:\/\/firstdental-center.com\/wp-content\/uploads\/2023\/11\/extendify-demo-logo.png\",\"width\":96,\"height\":97,\"caption\":\"First Dental Center\"},\"image\":{\"@id\":\"https:\/\/firstdental-center.com\/#\/schema\/logo\/image\/\"}}]}<\/script>\n<!-- \/ Yoast SEO plugin. -->","yoast_head_json":{"title":"Aesthetic Dentistry - First Dental Center","robots":{"index":"index","follow":"follow","max-snippet":"max-snippet:-1","max-image-preview":"max-image-preview:large","max-video-preview":"max-video-preview:-1"},"canonical":"https:\/\/firstdental-center.com\/sq\/services-2\/aesthetic-dentistry\/","og_locale":"sq_AL","og_type":"article","og_title":"Aesthetic Dentistry - First Dental Center","og_description":"Elevate your smile to a new level of beauty and confidence with Aesthetic Dentistry at First Dental Center, the premier dental clinic in Tirana. Our Aesthetic Dentistry services are crafted to blend artistry with precision, enhancing the natural beauty of your teeth and creating a radiant, harmonious smile. At First Dental Center, we understand that &hellip; Continue reading Implantology and Aesthetic","og_url":"https:\/\/firstdental-center.com\/sq\/services-2\/aesthetic-dentistry\/","og_site_name":"First Dental Center","article_modified_time":"2024-02-21T21:02:05+00:00","og_image":[{"width":1200,"height":800,"url":"https:\/\/firstdental-center.com\/wp-content\/uploads\/2024\/01\/aesthetic.jpg","type":"image\/jpeg"}],"twitter_card":"summary_large_image","twitter_misc":{"Est. reading time":"1 minut\u00eb"},"schema":{"@context":"https:\/\/schema.org","@graph":[{"@type":"WebPage","@id":"https:\/\/firstdental-center.com\/services-2\/aesthetic-dentistry\/","url":"https:\/\/firstdental-center.com\/services-2\/aesthetic-dentistry\/","name":"Aesthetic Dentistry - First Dental Center","isPartOf":{"@id":"https:\/\/firstdental-center.com\/#website"},"primaryImageOfPage":{"@id":"https:\/\/firstdental-center.com\/services-2\/aesthetic-dentistry\/#primaryimage"},"image":{"@id":"https:\/\/firstdental-center.com\/services-2\/aesthetic-dentistry\/#primaryimage"},"thumbnailUrl":"https:\/\/firstdental-center.com\/wp-content\/uploads\/2024\/01\/aesthetic.jpg","datePublished":"2024-01-09T18:13:23+00:00","dateModified":"2024-02-21T21:02:05+00:00","breadcrumb":{"@id":"https:\/\/firstdental-center.com\/services-2\/aesthetic-dentistry\/#breadcrumb"},"inLanguage":"sq","potentialAction":[{"@type":"ReadAction","target":["https:\/\/firstdental-center.com\/services-2\/aesthetic-dentistry\/"]}]},{"@type":"ImageObject","inLanguage":"sq","@id":"https:\/\/firstdental-center.com\/services-2\/aesthetic-dentistry\/#primaryimage","url":"https:\/\/firstdental-center.com\/wp-content\/uploads\/2024\/01\/aesthetic.jpg","contentUrl":"https:\/\/firstdental-center.com\/wp-content\/uploads\/2024\/01\/aesthetic.jpg","width":1200,"height":800},{"@type":"BreadcrumbList","@id":"https:\/\/firstdental-center.com\/services-2\/aesthetic-dentistry\/#breadcrumb","itemListElement":[{"@type":"ListItem","position":1,"name":"Home","item":"https:\/\/firstdental-center.com\/"},{"@type":"ListItem","position":2,"name":"Services","item":"https:\/\/firstdental-center.com\/services-2\/"},{"@type":"ListItem","position":3,"name":"Aesthetic Dentistry"}]},{"@type":"WebSite","@id":"https:\/\/firstdental-center.com\/#website","url":"https:\/\/firstdental-center.com\/","name":"First Dental Center","description":"My WordPress Blog","publisher":{"@id":"https:\/\/firstdental-center.com\/#organization"},"potentialAction":[{"@type":"SearchAction","target":{"@type":"EntryPoint","urlTemplate":"https:\/\/firstdental-center.com\/?s={search_term_string}"},"query-input":{"@type":"PropertyValueSpecification","valueRequired":true,"valueName":"search_term_string"}}],"inLanguage":"sq"},{"@type":"Organization","@id":"https:\/\/firstdental-center.com\/#organization","name":"First Dental Center","url":"https:\/\/firstdental-center.com\/","logo":{"@type":"ImageObject","inLanguage":"sq","@id":"https:\/\/firstdental-center.com\/#\/schema\/logo\/image\/","url":"https:\/\/firstdental-center.com\/wp-content\/uploads\/2023\/11\/extendify-demo-logo.png","contentUrl":"https:\/\/firstdental-center.com\/wp-content\/uploads\/2023\/11\/extendify-demo-logo.png","width":96,"height":97,"caption":"First Dental Center"},"image":{"@id":"https:\/\/firstdental-center.com\/#\/schema\/logo\/image\/"}}]}},"_links":{"self":[{"href":"https:\/\/firstdental-center.com\/sq\/wp-json\/wp\/v2\/pages\/10373","targetHints":{"allow":["GET"]}}],"collection":[{"href":"https:\/\/firstdental-center.com\/sq\/wp-json\/wp\/v2\/pages"}],"about":[{"href":"https:\/\/firstdental-center.com\/sq\/wp-json\/wp\/v2\/types\/page"}],"author":[{"embeddable":true,"href":"https:\/\/firstdental-center.com\/sq\/wp-json\/wp\/v2\/users\/1"}],"replies":[{"embeddable":true,"href":"https:\/\/firstdental-center.com\/sq\/wp-json\/wp\/v2\/comments?post=10373"}],"version-history":[{"count":10,"href":"https:\/\/firstdental-center.com\/sq\/wp-json\/wp\/v2\/pages\/10373\/revisions"}],"predecessor-version":[{"id":10905,"href":"https:\/\/firstdental-center.com\/sq\/wp-json\/wp\/v2\/pages\/10373\/revisions\/10905"}],"up":[{"embeddable":true,"href":"https:\/\/firstdental-center.com\/sq\/wp-json\/wp\/v2\/pages\/425"}],"wp:featuredmedia":[{"embeddable":true,"href":"https:\/\/firstdental-center.com\/sq\/wp-json\/wp\/v2\/media\/10364"}],"wp:attachment":[{"href":"https:\/\/firstdental-center.com\/sq\/wp-json\/wp\/v2\/media?parent=10373"}],"curies":[{"name":"wp","href":"https:\/\/api.w.org\/{rel}","templated":true}]}}