{"id":10371,"date":"2024-01-09T18:12:41","date_gmt":"2024-01-09T18:12:41","guid":{"rendered":"https:\/\/firstdental-center.com\/?page_id=10371"},"modified":"2024-02-21T21:03:19","modified_gmt":"2024-02-21T21:03:19","slug":"e-max-veneers","status":"publish","type":"page","link":"https:\/\/firstdental-center.com\/sq\/services-2\/e-max-veneers\/","title":{"rendered":"Faseta E-Max"},"content":{"rendered":"<div data-elementor-type=\"wp-page\" data-elementor-id=\"10371\" class=\"elementor elementor-10371\">\n\t\t\t\t<div class=\"elementor-element elementor-element-994fe82 e-flex e-con-boxed e-con e-parent\" data-id=\"994fe82\" data-element_type=\"container\" data-e-type=\"container\">\n\t\t\t\t\t<div class=\"e-con-inner\">\n\t\t\t\t<div class=\"elementor-element elementor-element-d3ebf63 elementor-widget elementor-widget-text-editor\" data-id=\"d3ebf63\" data-element_type=\"widget\" data-e-type=\"widget\" data-widget_type=\"text-editor.default\">\n\t\t\t\t<div class=\"elementor-widget-container\">\n\t\t\t\t\t\t\t\t\t<p data-renderer-start-pos=\"16\">Transformoni buz\u00ebqeshjen tuaj me nivelin m\u00eb t\u00eb lart\u00eb t\u00eb inovacionit dentar estetik - Faseta E-Max, ofruar ekskluzivisht n\u00eb First Dental Center n\u00eb Tiran\u00eb. Sh\u00ebrbimi yn\u00eb Faseta E-Max p\u00ebrmir\u00ebson stomatologjin\u00eb kozmetike, duke ofruar nj\u00eb kombinim mes bukuris\u00eb dhe q\u00ebndrueshm\u00ebris\u00eb p\u00ebr nj\u00eb buz\u00ebqeshje t\u00eb shk\u00eblqyer, e gjitha kjo fshehur n\u00eb pamje sa m\u00eb pran\u00eb natyrales.<\/p><p data-renderer-start-pos=\"297\">N\u00eb First Dental Center, ne njohim fuqin\u00eb transformuese t\u00eb nj\u00eb buz\u00ebqeshje t\u00eb p\u00ebrsosur. Fasetat E-Max, t\u00eb krijuar nga materiale me cil\u00ebsi t\u00eb lart\u00eb, ofron estetik\u00eb dhe rezistenc\u00eb. \nN\u00eb qoft\u00eb se k\u00ebrkoni t\u00eb korrigjoni pamjen e dh\u00ebmb\u00ebve t\u00eb zverdhur, t\u00eb deformuar, apo t\u00eb thyer, profesionist\u00ebt tan\u00eb t\u00eb kualifikuar jan\u00eb t\u00eb specializuar n\u00eb krijimin dhe vendosjen e Fasetave E-Max p\u00ebr t\u00eb p\u00ebrmir\u00ebsuar tiparet unike t\u00eb fytyr\u00ebs suaj.<\/p><p data-renderer-start-pos=\"684\">P\u00ebrkushtimi yn\u00eb p\u00ebr shk\u00eblqimin siguron q\u00eb \u00e7do faset\u00eb \u00ebsht\u00eb projektuar me kujdes dhe aplikuar me ekspertiz\u00eb, duke rezultuar n\u00eb nj\u00eb p\u00ebrmir\u00ebsim t\u00eb mrekulluesh\u00ebm, t\u00eb q\u00ebndruesh\u00ebm p\u00ebr buz\u00ebqeshjen tuaj.<\/p><p data-renderer-start-pos=\"945\">Revel in the confidence that comes with a picture-perfect smile by choosing E-Max Veneers at First Dental Center. Embark on a journey to radiance and self-assurance, where every smile tells a story of beauty and precision. Your path to a breathtaking smile begins here, at First Dental Center in Tirana.<\/p>\t\t\t\t\t\t\t\t<\/div>\n\t\t\t\t<\/div>\n\t\t\t\t\t<\/div>\n\t\t\t\t<\/div>\n\t\t<div class=\"elementor-element elementor-element-52dfa8e e-flex e-con-boxed e-con e-parent\" data-id=\"52dfa8e\" data-element_type=\"container\" data-e-type=\"container\">\n\t\t\t\t\t<div class=\"e-con-inner\">\n\t\t\t\t<div class=\"elementor-element elementor-element-3cef2fb tm-align-left elementor-widget elementor-widget-tm_heading\" data-id=\"3cef2fb\" data-element_type=\"widget\" data-e-type=\"widget\" data-widget_type=\"tm_heading.default\">\n\t\t\t\t<div class=\"elementor-widget-container\">\n\t\t\t\t\t<div class=\"tm-element-heading-content-wrapper left-align tm-reverse-heading-yes tm-seperator-solid  tm-heading-style-vertical\"><div class=\"tm-content-header\"><h4 class=\"tm-element-subheading tm-custom-heading\">\n\t\t\t\tFaseta E-Max\n\n\t\t\t<\/h4>\n\t\t<h2 class=\"tm-element-content-heading tm-custom-heading\">\n\t\t\t\tPacient\u00ebt\n\t\t\t<\/h2>\n\t\t<div class=\"heading-seperator\"><span><\/span><\/div><\/div><\/div>\t\t\t\t<\/div>\n\t\t\t\t<\/div>\n\t\t\t\t<div class=\"elementor-element elementor-element-5933a06 tm-align-left elementor-widget elementor-widget-tm_project_element\" data-id=\"5933a06\" data-element_type=\"widget\" data-e-type=\"widget\" data-widget_type=\"tm_project_element.default\">\n\t\t\t\t<div class=\"elementor-widget-container\">\n\t\t\t\t\t<div class=\"themetechmount-boxes themetechmount-boxes-portfolio themetechmount-element-portfoliobox-overlay themetechmount-boxes-view-carousel themetechmount-boxes-col-two tm-boxes-carousel-arrow- tm-boxes-carousel-arrows-0 themetechmount-boxes-textalign-left themetechmount-boxes-spacing-30px\" data-tm-show=\"6\" data-tm-loop=\"1\" data-tm-autoplay=\"1\" data-tm-centermode=\"0\" data-tm-nav=\"\" data-tm-dots=\"\" data-tm-slidestoscroll=\"1\" data-tm-autoplayspeed=\"4500\" data-tm-margin=\"30px\"><div class=\"themetechmount-boxes-inner\"><\/div><!-- .themetechmount-boxes-inner -->   <\/div><!-- .themetechmount-boxes -->  \t\t\t\t<\/div>\n\t\t\t\t<\/div>\n\t\t\t\t\t<\/div>\n\t\t\t\t<\/div>\n\t\t\t\t<\/div>","protected":false},"excerpt":{"rendered":"<p>Transform your smile with the pinnacle of aesthetic innovation \u2013 E-Max Veneers, offered exclusively at First Dental Center in Tirana. Our E-Max Veneers service redefines cosmetic dentistry, providing a seamless blend of beauty and durability for a radiant, natural-looking smile. At First Dental Center, we recognize the transformative power of a flawless smile. E-Max Veneers, &hellip; <a href=\"https:\/\/firstdental-center.com\/sq\/services-2\/e-max-veneers\/\" class=\"more-link\">Continue reading <span class=\"screen-reader-text\">Faseta E-Max<\/span><\/a><\/p>","protected":false},"author":1,"featured_media":10365,"parent":425,"menu_order":0,"comment_status":"closed","ping_status":"closed","template":"","meta":{"footnotes":""},"class_list":["post-10371","page","type-page","status-publish","has-post-thumbnail","hentry"],"yoast_head":"<!-- This site is optimized with the Yoast SEO plugin v26.9 - https:\/\/yoast.com\/product\/yoast-seo-wordpress\/ -->\n<title>E-Max Veneers - First Dental Center<\/title>\n<meta name=\"robots\" content=\"index, follow, max-snippet:-1, max-image-preview:large, max-video-preview:-1\" \/>\n<link rel=\"canonical\" href=\"https:\/\/firstdental-center.com\/sq\/services-2\/e-max-veneers\/\" \/>\n<meta property=\"og:locale\" content=\"sq_AL\" \/>\n<meta property=\"og:type\" content=\"article\" \/>\n<meta property=\"og:title\" content=\"E-Max Veneers - First Dental Center\" \/>\n<meta property=\"og:description\" content=\"Transform your smile with the pinnacle of aesthetic innovation \u2013 E-Max Veneers, offered exclusively at First Dental Center in Tirana. Our E-Max Veneers service redefines cosmetic dentistry, providing a seamless blend of beauty and durability for a radiant, natural-looking smile. At First Dental Center, we recognize the transformative power of a flawless smile. E-Max Veneers, &hellip; Continue reading E-Max Veneers\" \/>\n<meta property=\"og:url\" content=\"https:\/\/firstdental-center.com\/sq\/services-2\/e-max-veneers\/\" \/>\n<meta property=\"og:site_name\" content=\"First Dental Center\" \/>\n<meta property=\"article:modified_time\" content=\"2024-02-21T21:03:19+00:00\" \/>\n<meta property=\"og:image\" content=\"https:\/\/firstdental-center.com\/wp-content\/uploads\/2024\/01\/emax.jpg\" \/>\n\t<meta property=\"og:image:width\" content=\"1200\" \/>\n\t<meta property=\"og:image:height\" content=\"800\" \/>\n\t<meta property=\"og:image:type\" content=\"image\/jpeg\" \/>\n<meta name=\"twitter:card\" content=\"summary_large_image\" \/>\n<meta name=\"twitter:label1\" content=\"Est. reading time\" \/>\n\t<meta name=\"twitter:data1\" content=\"1 minut\u00eb\" \/>\n<script type=\"application\/ld+json\" class=\"yoast-schema-graph\">{\"@context\":\"https:\/\/schema.org\",\"@graph\":[{\"@type\":\"WebPage\",\"@id\":\"https:\/\/firstdental-center.com\/services-2\/e-max-veneers\/\",\"url\":\"https:\/\/firstdental-center.com\/services-2\/e-max-veneers\/\",\"name\":\"E-Max Veneers - First Dental Center\",\"isPartOf\":{\"@id\":\"https:\/\/firstdental-center.com\/#website\"},\"primaryImageOfPage\":{\"@id\":\"https:\/\/firstdental-center.com\/services-2\/e-max-veneers\/#primaryimage\"},\"image\":{\"@id\":\"https:\/\/firstdental-center.com\/services-2\/e-max-veneers\/#primaryimage\"},\"thumbnailUrl\":\"https:\/\/firstdental-center.com\/wp-content\/uploads\/2024\/01\/emax.jpg\",\"datePublished\":\"2024-01-09T18:12:41+00:00\",\"dateModified\":\"2024-02-21T21:03:19+00:00\",\"breadcrumb\":{\"@id\":\"https:\/\/firstdental-center.com\/services-2\/e-max-veneers\/#breadcrumb\"},\"inLanguage\":\"sq\",\"potentialAction\":[{\"@type\":\"ReadAction\",\"target\":[\"https:\/\/firstdental-center.com\/services-2\/e-max-veneers\/\"]}]},{\"@type\":\"ImageObject\",\"inLanguage\":\"sq\",\"@id\":\"https:\/\/firstdental-center.com\/services-2\/e-max-veneers\/#primaryimage\",\"url\":\"https:\/\/firstdental-center.com\/wp-content\/uploads\/2024\/01\/emax.jpg\",\"contentUrl\":\"https:\/\/firstdental-center.com\/wp-content\/uploads\/2024\/01\/emax.jpg\",\"width\":1200,\"height\":800},{\"@type\":\"BreadcrumbList\",\"@id\":\"https:\/\/firstdental-center.com\/services-2\/e-max-veneers\/#breadcrumb\",\"itemListElement\":[{\"@type\":\"ListItem\",\"position\":1,\"name\":\"Home\",\"item\":\"https:\/\/firstdental-center.com\/\"},{\"@type\":\"ListItem\",\"position\":2,\"name\":\"Services\",\"item\":\"https:\/\/firstdental-center.com\/services-2\/\"},{\"@type\":\"ListItem\",\"position\":3,\"name\":\"E-Max Veneers\"}]},{\"@type\":\"WebSite\",\"@id\":\"https:\/\/firstdental-center.com\/#website\",\"url\":\"https:\/\/firstdental-center.com\/\",\"name\":\"First Dental Center\",\"description\":\"My WordPress Blog\",\"publisher\":{\"@id\":\"https:\/\/firstdental-center.com\/#organization\"},\"potentialAction\":[{\"@type\":\"SearchAction\",\"target\":{\"@type\":\"EntryPoint\",\"urlTemplate\":\"https:\/\/firstdental-center.com\/?s={search_term_string}\"},\"query-input\":{\"@type\":\"PropertyValueSpecification\",\"valueRequired\":true,\"valueName\":\"search_term_string\"}}],\"inLanguage\":\"sq\"},{\"@type\":\"Organization\",\"@id\":\"https:\/\/firstdental-center.com\/#organization\",\"name\":\"First Dental Center\",\"url\":\"https:\/\/firstdental-center.com\/\",\"logo\":{\"@type\":\"ImageObject\",\"inLanguage\":\"sq\",\"@id\":\"https:\/\/firstdental-center.com\/#\/schema\/logo\/image\/\",\"url\":\"https:\/\/firstdental-center.com\/wp-content\/uploads\/2023\/11\/extendify-demo-logo.png\",\"contentUrl\":\"https:\/\/firstdental-center.com\/wp-content\/uploads\/2023\/11\/extendify-demo-logo.png\",\"width\":96,\"height\":97,\"caption\":\"First Dental Center\"},\"image\":{\"@id\":\"https:\/\/firstdental-center.com\/#\/schema\/logo\/image\/\"}}]}<\/script>\n<!-- \/ Yoast SEO plugin. -->","yoast_head_json":{"title":"E-Max Veneers - First Dental Center","robots":{"index":"index","follow":"follow","max-snippet":"max-snippet:-1","max-image-preview":"max-image-preview:large","max-video-preview":"max-video-preview:-1"},"canonical":"https:\/\/firstdental-center.com\/sq\/services-2\/e-max-veneers\/","og_locale":"sq_AL","og_type":"article","og_title":"E-Max Veneers - First Dental Center","og_description":"Transform your smile with the pinnacle of aesthetic innovation \u2013 E-Max Veneers, offered exclusively at First Dental Center in Tirana. Our E-Max Veneers service redefines cosmetic dentistry, providing a seamless blend of beauty and durability for a radiant, natural-looking smile. At First Dental Center, we recognize the transformative power of a flawless smile. E-Max Veneers, &hellip; Continue reading E-Max Veneers","og_url":"https:\/\/firstdental-center.com\/sq\/services-2\/e-max-veneers\/","og_site_name":"First Dental Center","article_modified_time":"2024-02-21T21:03:19+00:00","og_image":[{"width":1200,"height":800,"url":"https:\/\/firstdental-center.com\/wp-content\/uploads\/2024\/01\/emax.jpg","type":"image\/jpeg"}],"twitter_card":"summary_large_image","twitter_misc":{"Est. reading time":"1 minut\u00eb"},"schema":{"@context":"https:\/\/schema.org","@graph":[{"@type":"WebPage","@id":"https:\/\/firstdental-center.com\/services-2\/e-max-veneers\/","url":"https:\/\/firstdental-center.com\/services-2\/e-max-veneers\/","name":"E-Max Veneers - First Dental Center","isPartOf":{"@id":"https:\/\/firstdental-center.com\/#website"},"primaryImageOfPage":{"@id":"https:\/\/firstdental-center.com\/services-2\/e-max-veneers\/#primaryimage"},"image":{"@id":"https:\/\/firstdental-center.com\/services-2\/e-max-veneers\/#primaryimage"},"thumbnailUrl":"https:\/\/firstdental-center.com\/wp-content\/uploads\/2024\/01\/emax.jpg","datePublished":"2024-01-09T18:12:41+00:00","dateModified":"2024-02-21T21:03:19+00:00","breadcrumb":{"@id":"https:\/\/firstdental-center.com\/services-2\/e-max-veneers\/#breadcrumb"},"inLanguage":"sq","potentialAction":[{"@type":"ReadAction","target":["https:\/\/firstdental-center.com\/services-2\/e-max-veneers\/"]}]},{"@type":"ImageObject","inLanguage":"sq","@id":"https:\/\/firstdental-center.com\/services-2\/e-max-veneers\/#primaryimage","url":"https:\/\/firstdental-center.com\/wp-content\/uploads\/2024\/01\/emax.jpg","contentUrl":"https:\/\/firstdental-center.com\/wp-content\/uploads\/2024\/01\/emax.jpg","width":1200,"height":800},{"@type":"BreadcrumbList","@id":"https:\/\/firstdental-center.com\/services-2\/e-max-veneers\/#breadcrumb","itemListElement":[{"@type":"ListItem","position":1,"name":"Home","item":"https:\/\/firstdental-center.com\/"},{"@type":"ListItem","position":2,"name":"Services","item":"https:\/\/firstdental-center.com\/services-2\/"},{"@type":"ListItem","position":3,"name":"E-Max Veneers"}]},{"@type":"WebSite","@id":"https:\/\/firstdental-center.com\/#website","url":"https:\/\/firstdental-center.com\/","name":"First Dental Center","description":"My WordPress Blog","publisher":{"@id":"https:\/\/firstdental-center.com\/#organization"},"potentialAction":[{"@type":"SearchAction","target":{"@type":"EntryPoint","urlTemplate":"https:\/\/firstdental-center.com\/?s={search_term_string}"},"query-input":{"@type":"PropertyValueSpecification","valueRequired":true,"valueName":"search_term_string"}}],"inLanguage":"sq"},{"@type":"Organization","@id":"https:\/\/firstdental-center.com\/#organization","name":"First Dental Center","url":"https:\/\/firstdental-center.com\/","logo":{"@type":"ImageObject","inLanguage":"sq","@id":"https:\/\/firstdental-center.com\/#\/schema\/logo\/image\/","url":"https:\/\/firstdental-center.com\/wp-content\/uploads\/2023\/11\/extendify-demo-logo.png","contentUrl":"https:\/\/firstdental-center.com\/wp-content\/uploads\/2023\/11\/extendify-demo-logo.png","width":96,"height":97,"caption":"First Dental Center"},"image":{"@id":"https:\/\/firstdental-center.com\/#\/schema\/logo\/image\/"}}]}},"_links":{"self":[{"href":"https:\/\/firstdental-center.com\/sq\/wp-json\/wp\/v2\/pages\/10371","targetHints":{"allow":["GET"]}}],"collection":[{"href":"https:\/\/firstdental-center.com\/sq\/wp-json\/wp\/v2\/pages"}],"about":[{"href":"https:\/\/firstdental-center.com\/sq\/wp-json\/wp\/v2\/types\/page"}],"author":[{"embeddable":true,"href":"https:\/\/firstdental-center.com\/sq\/wp-json\/wp\/v2\/users\/1"}],"replies":[{"embeddable":true,"href":"https:\/\/firstdental-center.com\/sq\/wp-json\/wp\/v2\/comments?post=10371"}],"version-history":[{"count":7,"href":"https:\/\/firstdental-center.com\/sq\/wp-json\/wp\/v2\/pages\/10371\/revisions"}],"predecessor-version":[{"id":10911,"href":"https:\/\/firstdental-center.com\/sq\/wp-json\/wp\/v2\/pages\/10371\/revisions\/10911"}],"up":[{"embeddable":true,"href":"https:\/\/firstdental-center.com\/sq\/wp-json\/wp\/v2\/pages\/425"}],"wp:featuredmedia":[{"embeddable":true,"href":"https:\/\/firstdental-center.com\/sq\/wp-json\/wp\/v2\/media\/10365"}],"wp:attachment":[{"href":"https:\/\/firstdental-center.com\/sq\/wp-json\/wp\/v2\/media?parent=10371"}],"curies":[{"name":"wp","href":"https:\/\/api.w.org\/{rel}","templated":true}]}}