{"id":10363,"date":"2024-01-09T18:11:37","date_gmt":"2024-01-09T18:11:37","guid":{"rendered":"https:\/\/firstdental-center.com\/?page_id=10363"},"modified":"2024-02-21T21:04:03","modified_gmt":"2024-02-21T21:04:03","slug":"general-dentistry","status":"publish","type":"page","link":"https:\/\/firstdental-center.com\/sq\/services-2\/general-dentistry\/","title":{"rendered":"Stomatologji e P\u00ebrgjithshme"},"content":{"rendered":"<div data-elementor-type=\"wp-page\" data-elementor-id=\"10363\" class=\"elementor elementor-10363\">\n\t\t\t\t<div class=\"elementor-element elementor-element-fab9a5e e-flex e-con-boxed e-con e-parent\" data-id=\"fab9a5e\" data-element_type=\"container\" data-e-type=\"container\">\n\t\t\t\t\t<div class=\"e-con-inner\">\n\t\t\t\t<div class=\"elementor-element elementor-element-f958376 elementor-widget elementor-widget-text-editor\" data-id=\"f958376\" data-element_type=\"widget\" data-e-type=\"widget\" data-widget_type=\"text-editor.default\">\n\t\t\t\t<div class=\"elementor-widget-container\">\n\t\t\t\t\t\t\t\t\t<p data-renderer-start-pos=\"20\">P\u00ebrjetoni nj\u00eb kujdes dentar 360 grad\u00eb me sh\u00ebrbimet e Stomatologjis\u00eb s\u00eb P\u00ebrgjithshme n\u00eb First Dental Center.\n Ekipi yn\u00eb i p\u00ebrkushtuar i profesionist\u00ebve \u00ebsht\u00eb i angazhuar t\u00eb ofroj\u00eb nj\u00eb spekt\u00ebr t\u00eb plot\u00eb t\u00eb sh\u00ebrbimeve stomatologjike t\u00eb p\u00ebrgjithshme, duke siguruar sh\u00ebndetin e p\u00ebrgjithsh\u00ebm dhe mir\u00ebqenien e buz\u00ebqeshjes suaj.<\/p><p data-renderer-start-pos=\"331\">N\u00eb First Dental Center, ne e kuptojm\u00eb se nj\u00eb baz\u00eb e fort\u00eb e sh\u00ebndetit oral \u00ebsht\u00eb e domosdoshme p\u00ebr nj\u00eb jet\u00eb t\u00eb pashembullt t\u00eb buz\u00ebqeshjeve t\u00eb bukura. Sh\u00ebrbimet tona t\u00eb Stomatologjis\u00eb s\u00eb p\u00ebrgjithshme p\u00ebrfshijn\u00eb kontrollet rutin\u00eb, pastrimet, mbushjet dhe kujdesin parandalues, t\u00eb ofruara me kujdes maksimal dhe v\u00ebmendje t\u00eb detajuar.<\/p><p data-renderer-start-pos=\"617\">Pavar\u00ebsisht n\u00ebse k\u00ebrkoni nj\u00eb ekzaminim rutin\u00eb dentar ose keni nevoj\u00eb p\u00ebr trajtim p\u00ebr nj\u00eb shqet\u00ebsim t\u00eb caktuar, First Dental Center \u00ebsht\u00eb partneri juaj i besuar n\u00eb mir\u00ebmbajtjen e sh\u00ebndetit optimal oral. Stomatolog\u00ebt tan\u00eb me p\u00ebrvoj\u00eb p\u00ebrdorin teknologjin\u00eb m\u00eb t\u00eb fundit dhe ndjekin teknikat m\u00eb t\u00eb reja n\u00eb fush\u00ebn e stomatologjis\u00eb, p\u00ebr t\u00eb siguruar q\u00eb t\u00eb merrni standardet m\u00eb t\u00eb larta t\u00eb kujdesit oral.<\/p><p data-renderer-start-pos=\"961\">P\u00ebrkushtimi yn\u00eb p\u00ebr ekselenc\u00ebn, i kombinuar me nj\u00eb qasje t\u00eb orientuar nga pacienti, na b\u00ebn zgjedhjen e preferuar p\u00ebr individ\u00eb dhe familje q\u00eb k\u00ebrkojn\u00eb sh\u00ebrbime stomatologjike t\u00eb besueshme dhe t\u00eb gjith\u00ebp\u00ebrfshir\u00ebse n\u00eb Tiran\u00eb. Mir\u00ebqenia juaj \u00ebsht\u00eb prioriteti yn\u00eb, dhe mezi presim t\u00eb jemi partner\u00ebt tuaj n\u00eb sh\u00ebndetin oral.<\/p>\t\t\t\t\t\t\t\t<\/div>\n\t\t\t\t<\/div>\n\t\t\t\t\t<\/div>\n\t\t\t\t<\/div>\n\t\t<div class=\"elementor-element elementor-element-15b8b96 e-flex e-con-boxed e-con e-parent\" data-id=\"15b8b96\" data-element_type=\"container\" data-e-type=\"container\">\n\t\t\t\t\t<div class=\"e-con-inner\">\n\t\t<div class=\"elementor-element elementor-element-6658a8d e-con-full e-flex e-con e-child\" data-id=\"6658a8d\" data-element_type=\"container\" data-e-type=\"container\">\n\t\t\t\t<div class=\"elementor-element elementor-element-80479dd elementor-widget elementor-widget-tm_icon_heading\" data-id=\"80479dd\" data-element_type=\"widget\" data-e-type=\"widget\" data-widget_type=\"tm_icon_heading.default\">\n\t\t\t\t<div class=\"elementor-widget-container\">\n\t\t\t\t\t\n<div class=\"themetechmount-iconbox themetechmount-iconbox-styleone themetechmount-iconcolor-skincolor\">\n<div class=\"themetechmount-iconbox-inner\">\n\t\t<div class=\"tm-iconbox-wrapper\">\n\t\t\t<div class=\"tm-iconbox\">\n\t\t\t\t<div class=\"themetechmount-iconbox-icon\">\n\t\t\t\t\t<div class=\"tm-box-icon\"><i class=\"kw_brivona flaticon-pills\"><\/i><\/div>\t\t\t\t<\/div>\n\t\t\t\t<div class=\"themetechmount-iconbox-heading\">\n\t\t\t\t\t<h2 class=\"tm-custom-heading\">\n\t\t\t\t\t\n\t\t\t\t\t\tHigjena\n\t\t\t\t\t\n\t\t\t\t\t<\/h2>\n\t\t\t\t\t\t\t\t\t\t\t\t\t<\/div>\n\t\t\t<\/div>\n\t\t\t<div class=\"themetechmount-iconbox-desc\">\n\t\t\t\t\t\t\t\t\t\t\t<\/div>\n\t\t<\/div>\n\t<\/div>\t\n<\/div>\n\t\t\t\t<\/div>\n\t\t\t\t<\/div>\n\t\t\t\t<\/div>\n\t\t<div class=\"elementor-element elementor-element-015d70e e-con-full e-flex e-con e-child\" data-id=\"015d70e\" data-element_type=\"container\" data-e-type=\"container\">\n\t\t\t\t<div class=\"elementor-element elementor-element-61d0810 elementor-widget elementor-widget-tm_icon_heading\" data-id=\"61d0810\" data-element_type=\"widget\" data-e-type=\"widget\" data-widget_type=\"tm_icon_heading.default\">\n\t\t\t\t<div class=\"elementor-widget-container\">\n\t\t\t\t\t\n<div class=\"themetechmount-iconbox themetechmount-iconbox-styleone themetechmount-iconcolor-skincolor\">\n<div class=\"themetechmount-iconbox-inner\">\n\t\t<div class=\"tm-iconbox-wrapper\">\n\t\t\t<div class=\"tm-iconbox\">\n\t\t\t\t<div class=\"themetechmount-iconbox-icon\">\n\t\t\t\t\t<div class=\"tm-box-icon\"><i class=\"fas fa-child\"><\/i><\/div>\t\t\t\t<\/div>\n\t\t\t\t<div class=\"themetechmount-iconbox-heading\">\n\t\t\t\t\t<h2 class=\"tm-custom-heading\">\n\t\t\t\t\t\n\t\t\t\t\t\tStomatologjia Pediatrike\n\t\t\t\t\t\n\t\t\t\t\t<\/h2>\n\t\t\t\t\t\t\t\t\t\t\t\t\t<\/div>\n\t\t\t<\/div>\n\t\t\t<div class=\"themetechmount-iconbox-desc\">\n\t\t\t\t\t\t\t\t\t\t\t<\/div>\n\t\t<\/div>\n\t<\/div>\t\n<\/div>\n\t\t\t\t<\/div>\n\t\t\t\t<\/div>\n\t\t\t\t<\/div>\n\t\t<div class=\"elementor-element elementor-element-53e4046 e-con-full e-flex e-con e-child\" data-id=\"53e4046\" data-element_type=\"container\" data-e-type=\"container\">\n\t\t\t\t<div class=\"elementor-element elementor-element-670857d elementor-widget elementor-widget-tm_icon_heading\" data-id=\"670857d\" data-element_type=\"widget\" data-e-type=\"widget\" data-widget_type=\"tm_icon_heading.default\">\n\t\t\t\t<div class=\"elementor-widget-container\">\n\t\t\t\t\t\n<div class=\"themetechmount-iconbox themetechmount-iconbox-styleone themetechmount-iconcolor-skincolor\">\n<div class=\"themetechmount-iconbox-inner\">\n\t\t<div class=\"tm-iconbox-wrapper\">\n\t\t\t<div class=\"tm-iconbox\">\n\t\t\t\t<div class=\"themetechmount-iconbox-icon\">\n\t\t\t\t\t<div class=\"tm-box-icon\"><i class=\"kw_brivona flaticon-dentist-1\"><\/i><\/div>\t\t\t\t<\/div>\n\t\t\t\t<div class=\"themetechmount-iconbox-heading\">\n\t\t\t\t\t<h2 class=\"tm-custom-heading\">\n\t\t\t\t\t\n\t\t\t\t\t\tZbardhim\n\t\t\t\t\t\n\t\t\t\t\t<\/h2>\n\t\t\t\t\t\t\t\t\t\t\t\t\t<\/div>\n\t\t\t<\/div>\n\t\t\t<div class=\"themetechmount-iconbox-desc\">\n\t\t\t\t\t\t\t\t\t\t\t<\/div>\n\t\t<\/div>\n\t<\/div>\t\n<\/div>\n\t\t\t\t<\/div>\n\t\t\t\t<\/div>\n\t\t\t\t<\/div>\n\t\t<div class=\"elementor-element elementor-element-d91a1b1 e-con-full e-flex e-con e-child\" data-id=\"d91a1b1\" data-element_type=\"container\" data-e-type=\"container\">\n\t\t\t\t<div class=\"elementor-element elementor-element-50670ee elementor-widget elementor-widget-tm_icon_heading\" data-id=\"50670ee\" data-element_type=\"widget\" data-e-type=\"widget\" data-widget_type=\"tm_icon_heading.default\">\n\t\t\t\t<div class=\"elementor-widget-container\">\n\t\t\t\t\t\n<div class=\"themetechmount-iconbox themetechmount-iconbox-styleone themetechmount-iconcolor-skincolor\">\n<div class=\"themetechmount-iconbox-inner\">\n\t\t<div class=\"tm-iconbox-wrapper\">\n\t\t\t<div class=\"tm-iconbox\">\n\t\t\t\t<div class=\"themetechmount-iconbox-icon\">\n\t\t\t\t\t<div class=\"tm-box-icon\"><i class=\"kw_brivona flaticon-dentist-2\"><\/i><\/div>\t\t\t\t<\/div>\n\t\t\t\t<div class=\"themetechmount-iconbox-heading\">\n\t\t\t\t\t<h2 class=\"tm-custom-heading\">\n\t\t\t\t\t\n\t\t\t\t\t\tTerapia Konservative\n\t\t\t\t\t\n\t\t\t\t\t<\/h2>\n\t\t\t\t\t\t\t\t\t\t\t\t\t<\/div>\n\t\t\t<\/div>\n\t\t\t<div class=\"themetechmount-iconbox-desc\">\n\t\t\t\t\t\t\t\t\t\t\t<\/div>\n\t\t<\/div>\n\t<\/div>\t\n<\/div>\n\t\t\t\t<\/div>\n\t\t\t\t<\/div>\n\t\t\t\t<\/div>\n\t\t\t\t\t<\/div>\n\t\t\t\t<\/div>\n\t\t<div class=\"elementor-element elementor-element-3e47499 e-flex e-con-boxed e-con e-parent\" data-id=\"3e47499\" data-element_type=\"container\" data-e-type=\"container\">\n\t\t\t\t\t<div class=\"e-con-inner\">\n\t\t\t\t<div class=\"elementor-element elementor-element-e70a221 tm-align-left elementor-widget elementor-widget-tm_heading\" data-id=\"e70a221\" data-element_type=\"widget\" data-e-type=\"widget\" data-widget_type=\"tm_heading.default\">\n\t\t\t\t<div class=\"elementor-widget-container\">\n\t\t\t\t\t<div class=\"tm-element-heading-content-wrapper left-align tm-reverse-heading-yes tm-seperator-solid  tm-heading-style-vertical\"><div class=\"tm-content-header\"><h4 class=\"tm-element-subheading tm-custom-heading\">\n\t\t\t\tStomatologji e P\u00ebrgjithshme\n\n\t\t\t<\/h4>\n\t\t<h2 class=\"tm-element-content-heading tm-custom-heading\">\n\t\t\t\tPacient\u00ebt\n\t\t\t<\/h2>\n\t\t<div class=\"heading-seperator\"><span><\/span><\/div><\/div><\/div>\t\t\t\t<\/div>\n\t\t\t\t<\/div>\n\t\t\t\t<div class=\"elementor-element elementor-element-3b37a69 tm-align-left elementor-widget elementor-widget-tm_project_element\" data-id=\"3b37a69\" data-element_type=\"widget\" data-e-type=\"widget\" data-widget_type=\"tm_project_element.default\">\n\t\t\t\t<div class=\"elementor-widget-container\">\n\t\t\t\t\t<div class=\"themetechmount-boxes themetechmount-boxes-portfolio themetechmount-element-portfoliobox-overlay themetechmount-boxes-view-carousel themetechmount-boxes-col-two tm-boxes-carousel-arrow- tm-boxes-carousel-arrows-0 themetechmount-boxes-textalign-left themetechmount-boxes-spacing-30px\" data-tm-show=\"6\" data-tm-loop=\"1\" data-tm-autoplay=\"1\" data-tm-centermode=\"0\" data-tm-nav=\"\" data-tm-dots=\"\" data-tm-slidestoscroll=\"1\" data-tm-autoplayspeed=\"4500\" data-tm-margin=\"30px\"><div class=\"themetechmount-boxes-inner\"><\/div><!-- .themetechmount-boxes-inner -->   <\/div><!-- .themetechmount-boxes -->  \t\t\t\t<\/div>\n\t\t\t\t<\/div>\n\t\t\t\t\t<\/div>\n\t\t\t\t<\/div>\n\t\t\t\t<\/div>","protected":false},"excerpt":{"rendered":"<p>Experience comprehensive and compassionate dental care with General Dentistry services at First Dental Center, the leading dental clinic in Tirana. Our dedicated team of professionals is committed to providing a full spectrum of general dental services, ensuring the overall health and wellness of your smile. At First Dental Center, we understand that a strong foundation &hellip; <a href=\"https:\/\/firstdental-center.com\/sq\/services-2\/general-dentistry\/\" class=\"more-link\">Continue reading <span class=\"screen-reader-text\">Stomatologji e P\u00ebrgjithshme<\/span><\/a><\/p>","protected":false},"author":1,"featured_media":10366,"parent":425,"menu_order":0,"comment_status":"closed","ping_status":"closed","template":"","meta":{"footnotes":""},"class_list":["post-10363","page","type-page","status-publish","has-post-thumbnail","hentry"],"yoast_head":"<!-- This site is optimized with the Yoast SEO plugin v26.9 - https:\/\/yoast.com\/product\/yoast-seo-wordpress\/ -->\n<title>General Dentistry - First Dental Center<\/title>\n<meta name=\"robots\" content=\"index, follow, max-snippet:-1, max-image-preview:large, max-video-preview:-1\" \/>\n<link rel=\"canonical\" href=\"https:\/\/firstdental-center.com\/sq\/services-2\/general-dentistry\/\" \/>\n<meta property=\"og:locale\" content=\"sq_AL\" \/>\n<meta property=\"og:type\" content=\"article\" \/>\n<meta property=\"og:title\" content=\"General Dentistry - First Dental Center\" \/>\n<meta property=\"og:description\" content=\"Experience comprehensive and compassionate dental care with General Dentistry services at First Dental Center, the leading dental clinic in Tirana. Our dedicated team of professionals is committed to providing a full spectrum of general dental services, ensuring the overall health and wellness of your smile. At First Dental Center, we understand that a strong foundation &hellip; Continue reading General Dentistry\" \/>\n<meta property=\"og:url\" content=\"https:\/\/firstdental-center.com\/sq\/services-2\/general-dentistry\/\" \/>\n<meta property=\"og:site_name\" content=\"First Dental Center\" \/>\n<meta property=\"article:modified_time\" content=\"2024-02-21T21:04:03+00:00\" \/>\n<meta property=\"og:image\" content=\"https:\/\/firstdental-center.com\/wp-content\/uploads\/2024\/01\/general.jpg\" \/>\n\t<meta property=\"og:image:width\" content=\"1200\" \/>\n\t<meta property=\"og:image:height\" content=\"800\" \/>\n\t<meta property=\"og:image:type\" content=\"image\/jpeg\" \/>\n<meta name=\"twitter:card\" content=\"summary_large_image\" \/>\n<meta name=\"twitter:label1\" content=\"Est. reading time\" \/>\n\t<meta name=\"twitter:data1\" content=\"1 minut\u00eb\" \/>\n<script type=\"application\/ld+json\" class=\"yoast-schema-graph\">{\"@context\":\"https:\/\/schema.org\",\"@graph\":[{\"@type\":\"WebPage\",\"@id\":\"https:\/\/firstdental-center.com\/services-2\/general-dentistry\/\",\"url\":\"https:\/\/firstdental-center.com\/services-2\/general-dentistry\/\",\"name\":\"General Dentistry - First Dental Center\",\"isPartOf\":{\"@id\":\"https:\/\/firstdental-center.com\/#website\"},\"primaryImageOfPage\":{\"@id\":\"https:\/\/firstdental-center.com\/services-2\/general-dentistry\/#primaryimage\"},\"image\":{\"@id\":\"https:\/\/firstdental-center.com\/services-2\/general-dentistry\/#primaryimage\"},\"thumbnailUrl\":\"https:\/\/firstdental-center.com\/wp-content\/uploads\/2024\/01\/general.jpg\",\"datePublished\":\"2024-01-09T18:11:37+00:00\",\"dateModified\":\"2024-02-21T21:04:03+00:00\",\"breadcrumb\":{\"@id\":\"https:\/\/firstdental-center.com\/services-2\/general-dentistry\/#breadcrumb\"},\"inLanguage\":\"sq\",\"potentialAction\":[{\"@type\":\"ReadAction\",\"target\":[\"https:\/\/firstdental-center.com\/services-2\/general-dentistry\/\"]}]},{\"@type\":\"ImageObject\",\"inLanguage\":\"sq\",\"@id\":\"https:\/\/firstdental-center.com\/services-2\/general-dentistry\/#primaryimage\",\"url\":\"https:\/\/firstdental-center.com\/wp-content\/uploads\/2024\/01\/general.jpg\",\"contentUrl\":\"https:\/\/firstdental-center.com\/wp-content\/uploads\/2024\/01\/general.jpg\",\"width\":1200,\"height\":800},{\"@type\":\"BreadcrumbList\",\"@id\":\"https:\/\/firstdental-center.com\/services-2\/general-dentistry\/#breadcrumb\",\"itemListElement\":[{\"@type\":\"ListItem\",\"position\":1,\"name\":\"Home\",\"item\":\"https:\/\/firstdental-center.com\/\"},{\"@type\":\"ListItem\",\"position\":2,\"name\":\"Services\",\"item\":\"https:\/\/firstdental-center.com\/services-2\/\"},{\"@type\":\"ListItem\",\"position\":3,\"name\":\"General Dentistry\"}]},{\"@type\":\"WebSite\",\"@id\":\"https:\/\/firstdental-center.com\/#website\",\"url\":\"https:\/\/firstdental-center.com\/\",\"name\":\"First Dental Center\",\"description\":\"My WordPress Blog\",\"publisher\":{\"@id\":\"https:\/\/firstdental-center.com\/#organization\"},\"potentialAction\":[{\"@type\":\"SearchAction\",\"target\":{\"@type\":\"EntryPoint\",\"urlTemplate\":\"https:\/\/firstdental-center.com\/?s={search_term_string}\"},\"query-input\":{\"@type\":\"PropertyValueSpecification\",\"valueRequired\":true,\"valueName\":\"search_term_string\"}}],\"inLanguage\":\"sq\"},{\"@type\":\"Organization\",\"@id\":\"https:\/\/firstdental-center.com\/#organization\",\"name\":\"First Dental Center\",\"url\":\"https:\/\/firstdental-center.com\/\",\"logo\":{\"@type\":\"ImageObject\",\"inLanguage\":\"sq\",\"@id\":\"https:\/\/firstdental-center.com\/#\/schema\/logo\/image\/\",\"url\":\"https:\/\/firstdental-center.com\/wp-content\/uploads\/2023\/11\/extendify-demo-logo.png\",\"contentUrl\":\"https:\/\/firstdental-center.com\/wp-content\/uploads\/2023\/11\/extendify-demo-logo.png\",\"width\":96,\"height\":97,\"caption\":\"First Dental Center\"},\"image\":{\"@id\":\"https:\/\/firstdental-center.com\/#\/schema\/logo\/image\/\"}}]}<\/script>\n<!-- \/ Yoast SEO plugin. -->","yoast_head_json":{"title":"General Dentistry - First Dental Center","robots":{"index":"index","follow":"follow","max-snippet":"max-snippet:-1","max-image-preview":"max-image-preview:large","max-video-preview":"max-video-preview:-1"},"canonical":"https:\/\/firstdental-center.com\/sq\/services-2\/general-dentistry\/","og_locale":"sq_AL","og_type":"article","og_title":"General Dentistry - First Dental Center","og_description":"Experience comprehensive and compassionate dental care with General Dentistry services at First Dental Center, the leading dental clinic in Tirana. Our dedicated team of professionals is committed to providing a full spectrum of general dental services, ensuring the overall health and wellness of your smile. At First Dental Center, we understand that a strong foundation &hellip; Continue reading General Dentistry","og_url":"https:\/\/firstdental-center.com\/sq\/services-2\/general-dentistry\/","og_site_name":"First Dental Center","article_modified_time":"2024-02-21T21:04:03+00:00","og_image":[{"width":1200,"height":800,"url":"https:\/\/firstdental-center.com\/wp-content\/uploads\/2024\/01\/general.jpg","type":"image\/jpeg"}],"twitter_card":"summary_large_image","twitter_misc":{"Est. reading time":"1 minut\u00eb"},"schema":{"@context":"https:\/\/schema.org","@graph":[{"@type":"WebPage","@id":"https:\/\/firstdental-center.com\/services-2\/general-dentistry\/","url":"https:\/\/firstdental-center.com\/services-2\/general-dentistry\/","name":"General Dentistry - First Dental Center","isPartOf":{"@id":"https:\/\/firstdental-center.com\/#website"},"primaryImageOfPage":{"@id":"https:\/\/firstdental-center.com\/services-2\/general-dentistry\/#primaryimage"},"image":{"@id":"https:\/\/firstdental-center.com\/services-2\/general-dentistry\/#primaryimage"},"thumbnailUrl":"https:\/\/firstdental-center.com\/wp-content\/uploads\/2024\/01\/general.jpg","datePublished":"2024-01-09T18:11:37+00:00","dateModified":"2024-02-21T21:04:03+00:00","breadcrumb":{"@id":"https:\/\/firstdental-center.com\/services-2\/general-dentistry\/#breadcrumb"},"inLanguage":"sq","potentialAction":[{"@type":"ReadAction","target":["https:\/\/firstdental-center.com\/services-2\/general-dentistry\/"]}]},{"@type":"ImageObject","inLanguage":"sq","@id":"https:\/\/firstdental-center.com\/services-2\/general-dentistry\/#primaryimage","url":"https:\/\/firstdental-center.com\/wp-content\/uploads\/2024\/01\/general.jpg","contentUrl":"https:\/\/firstdental-center.com\/wp-content\/uploads\/2024\/01\/general.jpg","width":1200,"height":800},{"@type":"BreadcrumbList","@id":"https:\/\/firstdental-center.com\/services-2\/general-dentistry\/#breadcrumb","itemListElement":[{"@type":"ListItem","position":1,"name":"Home","item":"https:\/\/firstdental-center.com\/"},{"@type":"ListItem","position":2,"name":"Services","item":"https:\/\/firstdental-center.com\/services-2\/"},{"@type":"ListItem","position":3,"name":"General Dentistry"}]},{"@type":"WebSite","@id":"https:\/\/firstdental-center.com\/#website","url":"https:\/\/firstdental-center.com\/","name":"First Dental Center","description":"My WordPress Blog","publisher":{"@id":"https:\/\/firstdental-center.com\/#organization"},"potentialAction":[{"@type":"SearchAction","target":{"@type":"EntryPoint","urlTemplate":"https:\/\/firstdental-center.com\/?s={search_term_string}"},"query-input":{"@type":"PropertyValueSpecification","valueRequired":true,"valueName":"search_term_string"}}],"inLanguage":"sq"},{"@type":"Organization","@id":"https:\/\/firstdental-center.com\/#organization","name":"First Dental Center","url":"https:\/\/firstdental-center.com\/","logo":{"@type":"ImageObject","inLanguage":"sq","@id":"https:\/\/firstdental-center.com\/#\/schema\/logo\/image\/","url":"https:\/\/firstdental-center.com\/wp-content\/uploads\/2023\/11\/extendify-demo-logo.png","contentUrl":"https:\/\/firstdental-center.com\/wp-content\/uploads\/2023\/11\/extendify-demo-logo.png","width":96,"height":97,"caption":"First Dental Center"},"image":{"@id":"https:\/\/firstdental-center.com\/#\/schema\/logo\/image\/"}}]}},"_links":{"self":[{"href":"https:\/\/firstdental-center.com\/sq\/wp-json\/wp\/v2\/pages\/10363","targetHints":{"allow":["GET"]}}],"collection":[{"href":"https:\/\/firstdental-center.com\/sq\/wp-json\/wp\/v2\/pages"}],"about":[{"href":"https:\/\/firstdental-center.com\/sq\/wp-json\/wp\/v2\/types\/page"}],"author":[{"embeddable":true,"href":"https:\/\/firstdental-center.com\/sq\/wp-json\/wp\/v2\/users\/1"}],"replies":[{"embeddable":true,"href":"https:\/\/firstdental-center.com\/sq\/wp-json\/wp\/v2\/comments?post=10363"}],"version-history":[{"count":19,"href":"https:\/\/firstdental-center.com\/sq\/wp-json\/wp\/v2\/pages\/10363\/revisions"}],"predecessor-version":[{"id":10914,"href":"https:\/\/firstdental-center.com\/sq\/wp-json\/wp\/v2\/pages\/10363\/revisions\/10914"}],"up":[{"embeddable":true,"href":"https:\/\/firstdental-center.com\/sq\/wp-json\/wp\/v2\/pages\/425"}],"wp:featuredmedia":[{"embeddable":true,"href":"https:\/\/firstdental-center.com\/sq\/wp-json\/wp\/v2\/media\/10366"}],"wp:attachment":[{"href":"https:\/\/firstdental-center.com\/sq\/wp-json\/wp\/v2\/media?parent=10363"}],"curies":[{"name":"wp","href":"https:\/\/api.w.org\/{rel}","templated":true}]}}