{"id":10690,"date":"2024-01-30T19:21:52","date_gmt":"2024-01-30T19:21:52","guid":{"rendered":"https:\/\/firstdental-center.com\/?page_id=10690"},"modified":"2024-01-30T19:39:42","modified_gmt":"2024-01-30T19:39:42","slug":"dental-toursim","status":"publish","type":"page","link":"https:\/\/firstdental-center.com\/it\/dental-toursim\/","title":{"rendered":"Turismo Dentale"},"content":{"rendered":"<div data-elementor-type=\"wp-page\" data-elementor-id=\"10690\" class=\"elementor elementor-10690\">\n\t\t\t\t\t\t<section class=\"elementor-section elementor-top-section elementor-element elementor-element-2586183 tm-column-break-ipad-yes tm-col-stretched-left elementor-section-stretched tm-bgcolor-darkgrey tm-textcolor-white elementor-section-boxed elementor-section-height-default elementor-section-height-default\" data-id=\"2586183\" data-element_type=\"section\" data-e-type=\"section\" data-settings=\"{&quot;stretch_section&quot;:&quot;section-stretched&quot;}\">\n\t\t\t\t\t\t<div class=\"elementor-container elementor-column-gap-no\">\n\t\t\t\t\t<div class=\"elementor-column elementor-col-50 elementor-top-column elementor-element elementor-element-52fb857\" data-id=\"52fb857\" data-element_type=\"column\" data-e-type=\"column\">\n\t\t\t<div class=\"elementor-widget-wrap elementor-element-populated\">\n\t\t\t\t\t\t<div class=\"elementor-element elementor-element-174c2ed elementor-widget elementor-widget-text-editor\" data-id=\"174c2ed\" data-element_type=\"widget\" data-e-type=\"widget\" data-widget_type=\"text-editor.default\">\n\t\t\t\t<div class=\"elementor-widget-container\">\n\t\t\t\t\t\t\t\t\t<h4><strong>Oltre al nostro impegno per l'eccellenza nella cura dentale, il First Dental Center \u00e8 lieto di offrire servizi di turismo dentale.\u00a0<\/strong><\/h4><p>Sia che siate residenti locali o visitatori internazionali, il nostro team \u00e8 dedicato a fornire cure dentali di classe mondiale in un ambiente accogliente e vibrante.<\/p><p>Intraprendete un viaggio dentale come mai prima d'ora con la First Dental Center a Tirana. Mescoliamo un'eccezionale cura dentale con il calore dell'ospitalit\u00e0 albanese, rendendo la vostra esperienza di turismo dentale memorabile e gratificante. Confidateci il vostro sorriso e il vostro benessere generale mentre esplorate l'incantevole citt\u00e0 di Tirana.<\/p>\t\t\t\t\t\t\t\t<\/div>\n\t\t\t\t<\/div>\n\t\t\t\t\t<\/div>\n\t\t<\/div>\n\t\t\t\t<div class=\"elementor-column elementor-col-50 elementor-top-column elementor-element elementor-element-b9796a4\" data-id=\"b9796a4\" data-element_type=\"column\" data-e-type=\"column\">\n\t\t\t<div class=\"elementor-widget-wrap elementor-element-populated\">\n\t\t\t\t\t\t<div class=\"elementor-element elementor-element-43bb52a elementor-widget elementor-widget-image\" data-id=\"43bb52a\" data-element_type=\"widget\" data-e-type=\"widget\" data-widget_type=\"image.default\">\n\t\t\t\t<div class=\"elementor-widget-container\">\n\t\t\t\t\t\t\t\t\t\t\t\t\t\t\t<img fetchpriority=\"high\" decoding=\"async\" width=\"600\" height=\"381\" src=\"https:\/\/firstdental-center.com\/wp-content\/uploads\/2024\/01\/dental-tourism.jpg\" class=\"attachment-large size-large wp-image-10696\" alt=\"\" srcset=\"https:\/\/firstdental-center.com\/wp-content\/uploads\/2024\/01\/dental-tourism.jpg 600w, https:\/\/firstdental-center.com\/wp-content\/uploads\/2024\/01\/dental-tourism-300x191.jpg 300w\" sizes=\"(max-width: 600px) 100vw, 600px\" data-id=\"10696\" \/>\t\t\t\t\t\t\t\t\t\t\t\t\t\t\t<\/div>\n\t\t\t\t<\/div>\n\t\t\t\t\t<\/div>\n\t\t<\/div>\n\t\t\t\t\t<\/div>\n\t\t<\/section>\n\t\t\t\t<section class=\"elementor-section elementor-top-section elementor-element elementor-element-bdffcde tm-column-break-ipad-yes tm-col-stretched-left elementor-section-stretched tm-bgcolor-darkgrey tm-textcolor-white elementor-section-boxed elementor-section-height-default elementor-section-height-default\" data-id=\"bdffcde\" data-element_type=\"section\" data-e-type=\"section\" data-settings=\"{&quot;stretch_section&quot;:&quot;section-stretched&quot;}\">\n\t\t\t\t\t\t<div class=\"elementor-container elementor-column-gap-no\">\n\t\t\t\t\t<div class=\"elementor-column elementor-col-100 elementor-top-column elementor-element elementor-element-1874ce9\" data-id=\"1874ce9\" data-element_type=\"column\" data-e-type=\"column\">\n\t\t\t<div class=\"elementor-widget-wrap elementor-element-populated\">\n\t\t\t\t\t\t<div class=\"elementor-element elementor-element-9f5bd07 tm-align-center elementor-widget elementor-widget-tm_heading\" data-id=\"9f5bd07\" data-element_type=\"widget\" data-e-type=\"widget\" data-widget_type=\"tm_heading.default\">\n\t\t\t\t<div class=\"elementor-widget-container\">\n\t\t\t\t\t<div class=\"tm-element-heading-content-wrapper center-align tm-reverse-heading-yes tm-seperator-none tm-content-with-desc tm-heading-style-vertical\"><div class=\"tm-content-header\"><h2 class=\"tm-element-content-heading tm-custom-heading\">\n\t\t\t\tNostra offerta?\n\t\t\t<\/h2>\n\t\t<div class=\"heading-seperator\"><span><\/span><\/div><\/div><div class=\"tm-element-content-desctxt\">\n<\/div><\/div>\t\t\t\t<\/div>\n\t\t\t\t<\/div>\n\t\t\t\t<div class=\"elementor-element elementor-element-ee7e62d elementor-widget elementor-widget-tm_icon_heading\" data-id=\"ee7e62d\" data-element_type=\"widget\" data-e-type=\"widget\" data-widget_type=\"tm_icon_heading.default\">\n\t\t\t\t<div class=\"elementor-widget-container\">\n\t\t\t\t\t\n<div class=\"themetechmount-iconbox themetechmount-iconbox-styleten  themetechmount-iconcolor-skincolor themetechmount-icon-bgcolor-none tm-iconstyle-none themetechmount-iconsize-default\">\n\n<div class=\"themetechmount-iconbox-inner\">\n\t\t<div class=\"tm-iconbox-wrapper tm-wrap\">\n\t\t\t<div class=\"themetechmount-iconbox-icon tm-wrap-cell\">\n\t\t\t<div class=\"tm-box-icon\"><i class=\"fas fa-car-alt\"><\/i><\/div>\t\t\t<\/div>\n\t\t\t<div class=\"themetechmount-iconbox-heading tm-wrap-cell\">\n\t\t\t\t<h2 class=\"tm-custom-heading\">\n\t\t\t\t\t\n\t\t\t\t\t\tTrasporto Dedicato\n\t\t\t\t\t\n\t\t\t\t\t<\/h2>\n\t\t\t\t\t\t\t\t\t\t\t\t<div class=\"tm-cta3-content-wrapper\">Lasciateci occupare della logistica! Il nostro pacchetto di turismo dentale include servizi di trasporto dedicati da e per l'aeroporto, garantendo un'arrivo e una partenza senza intoppi e comodi. Dal momento in cui atterrate a Tirana, il nostro team si impegna a rendere il vostro viaggio dentale senza problemi.<\/div>\t\t\t\t\t\t\t<\/div>\t\n\t\t<\/div>\n\t<\/div>\t\n\n<\/div>\n\t\t\t\t<\/div>\n\t\t\t\t<\/div>\n\t\t\t\t<div class=\"elementor-element elementor-element-b3f77b8 elementor-widget elementor-widget-tm_icon_heading\" data-id=\"b3f77b8\" data-element_type=\"widget\" data-e-type=\"widget\" data-widget_type=\"tm_icon_heading.default\">\n\t\t\t\t<div class=\"elementor-widget-container\">\n\t\t\t\t\t\n<div class=\"themetechmount-iconbox themetechmount-iconbox-styleten  themetechmount-iconcolor-skincolor themetechmount-icon-bgcolor-none tm-iconstyle-none themetechmount-iconsize-default\">\n\n<div class=\"themetechmount-iconbox-inner\">\n\t\t<div class=\"tm-iconbox-wrapper tm-wrap\">\n\t\t\t<div class=\"themetechmount-iconbox-icon tm-wrap-cell\">\n\t\t\t<div class=\"tm-box-icon\"><i class=\"fas fa-hotel\"><\/i><\/div>\t\t\t<\/div>\n\t\t\t<div class=\"themetechmount-iconbox-heading tm-wrap-cell\">\n\t\t\t\t<h2 class=\"tm-custom-heading\">\n\t\t\t\t\t\n\t\t\t\t\t\tAlloggio\n\t\t\t\t\t\n\t\t\t\t\t<\/h2>\n\t\t\t\t\t\t\t\t\t\t\t\t<div class=\"tm-cta3-content-wrapper\">Rilassati e rigenerati con stile grazie alle nostre opzioni di alloggio accuratamente selezionate. Collaboriamo con hotel di fiducia a Tirana per offrirti soggiorni confortevoli, permettendoti di concentrarti sul tuo trattamento dentale ed esplorare la bellezza della citt\u00e0. Immergiti nella ricca cultura dell'Albania mentre godi del comfort di un luogo che puoi chiamare casa lontano da casa.<\/div>\t\t\t\t\t\t\t<\/div>\t\n\t\t<\/div>\n\t<\/div>\t\n\n<\/div>\n\t\t\t\t<\/div>\n\t\t\t\t<\/div>\n\t\t\t\t<div class=\"elementor-element elementor-element-d6bb791 elementor-widget elementor-widget-tm_icon_heading\" data-id=\"d6bb791\" data-element_type=\"widget\" data-e-type=\"widget\" data-widget_type=\"tm_icon_heading.default\">\n\t\t\t\t<div class=\"elementor-widget-container\">\n\t\t\t\t\t\n<div class=\"themetechmount-iconbox themetechmount-iconbox-styleten  themetechmount-iconcolor-skincolor themetechmount-icon-bgcolor-none tm-iconstyle-none themetechmount-iconsize-default\">\n\n<div class=\"themetechmount-iconbox-inner\">\n\t\t<div class=\"tm-iconbox-wrapper tm-wrap\">\n\t\t\t<div class=\"themetechmount-iconbox-icon tm-wrap-cell\">\n\t\t\t<div class=\"tm-box-icon\"><i class=\"fas fa-plane-arrival\"><\/i><\/div>\t\t\t<\/div>\n\t\t\t<div class=\"themetechmount-iconbox-heading tm-wrap-cell\">\n\t\t\t\t<h2 class=\"tm-custom-heading\">\n\t\t\t\t\t\n\t\t\t\t\t\tBiglietti Aerei\n\t\t\t\t\t\n\t\t\t\t\t<\/h2>\n\t\t\t\t\t\t\t\t\t\t\t\t<div class=\"tm-cta3-content-wrapper\">Pianificare il vostro viaggio \u00e8 un gioco da ragazzi con il nostro aiuto nel garantire i biglietti aerei. Il nostro team \u00e8 dedicato ad aiutarvi a trovare le opzioni di viaggio pi\u00f9 convenienti per Tirana e, naturalmente, a coprire tutte le spese. Che siate in arrivo da Europa, Asia o da altre parti, vi guideremo attraverso il processo, assicurandoci che giungiate a Tirana pronti per un'esperienza dentale trasformativa.<\/div>\t\t\t\t\t\t\t<\/div>\t\n\t\t<\/div>\n\t<\/div>\t\n\n<\/div>\n\t\t\t\t<\/div>\n\t\t\t\t<\/div>\n\t\t\t\t<div class=\"elementor-element elementor-element-8a9b8df elementor-widget elementor-widget-tm_icon_heading\" data-id=\"8a9b8df\" data-element_type=\"widget\" data-e-type=\"widget\" data-widget_type=\"tm_icon_heading.default\">\n\t\t\t\t<div class=\"elementor-widget-container\">\n\t\t\t\t\t\n<div class=\"themetechmount-iconbox themetechmount-iconbox-styleten  themetechmount-iconcolor-skincolor themetechmount-icon-bgcolor-none tm-iconstyle-none themetechmount-iconsize-default\">\n\n<div class=\"themetechmount-iconbox-inner\">\n\t\t<div class=\"tm-iconbox-wrapper tm-wrap\">\n\t\t\t<div class=\"themetechmount-iconbox-icon tm-wrap-cell\">\n\t\t\t<div class=\"tm-box-icon\"><i class=\"fas fa-archway\"><\/i><\/div>\t\t\t<\/div>\n\t\t\t<div class=\"themetechmount-iconbox-heading tm-wrap-cell\">\n\t\t\t\t<h2 class=\"tm-custom-heading\">\n\t\t\t\t\t\n\t\t\t\t\t\tItinerario Personalizzato\n\t\t\t\t\t\n\t\t\t\t\t<\/h2>\n\t\t\t\t\t\t\t\t\t\t\t\t<div class=\"tm-cta3-content-wrapper\">Vivi Tirana come un locale! Come parte del nostro pacchetto di turismo dentale, possiamo aiutarti a creare un itinerario personalizzato per il tuo soggiorno, mettendo in evidenza le attrazioni da non perdere, le cucine locali e le esperienze culturali. Approfitta al massimo del tuo tempo a Tirana mentre ti occupi della tua salute dentale.<\/div>\t\t\t\t\t\t\t<\/div>\t\n\t\t<\/div>\n\t<\/div>\t\n\n<\/div>\n\t\t\t\t<\/div>\n\t\t\t\t<\/div>\n\t\t\t\t<div class=\"elementor-element elementor-element-5a495bd elementor-widget elementor-widget-tm_icon_heading\" data-id=\"5a495bd\" data-element_type=\"widget\" data-e-type=\"widget\" data-widget_type=\"tm_icon_heading.default\">\n\t\t\t\t<div class=\"elementor-widget-container\">\n\t\t\t\t\t\n<div class=\"themetechmount-iconbox themetechmount-iconbox-styleten  themetechmount-iconcolor-skincolor themetechmount-icon-bgcolor-none tm-iconstyle-none themetechmount-iconsize-default\">\n\n<div class=\"themetechmount-iconbox-inner\">\n\t\t<div class=\"tm-iconbox-wrapper tm-wrap\">\n\t\t\t<div class=\"themetechmount-iconbox-icon tm-wrap-cell\">\n\t\t\t<div class=\"tm-box-icon\"><i class=\"fas fa-language\"><\/i><\/div>\t\t\t<\/div>\n\t\t\t<div class=\"themetechmount-iconbox-heading tm-wrap-cell\">\n\t\t\t\t<h2 class=\"tm-custom-heading\">\n\t\t\t\t\t\n\t\t\t\t\t\tSupporto Bilingue\n\t\t\t\t\t\n\t\t\t\t\t<\/h2>\n\t\t\t\t\t\t\t\t\t\t\t\t<div class=\"tm-cta3-content-wrapper\">La comunicazione \u00e8 fondamentale, e comprendiamo l'importanza di una comunicazione chiara ed efficace durante il tuo viaggio dentale. Il nostro team include membri del personale bilingue che sono competenti in inglese, italiano, ecc., e possono assisterti ad ogni passo, garantendo che ti senta a tuo agio e ben informato durante tutta la tua esperienza.<\/div>\t\t\t\t\t\t\t<\/div>\t\n\t\t<\/div>\n\t<\/div>\t\n\n<\/div>\n\t\t\t\t<\/div>\n\t\t\t\t<\/div>\n\t\t\t\t\t<\/div>\n\t\t<\/div>\n\t\t\t\t\t<\/div>\n\t\t<\/section>\n\t\t\t\t<\/div>","protected":false},"excerpt":{"rendered":"<p>Beyond our commitment to excellence in dental care, First Dental Center is delighted to offer dental tourism services.\u00a0 Whether you&#8217;re a local resident or an international visitor, our team is dedicated to providing world-class dental care in a welcoming and vibrant setting. Embark on a dental journey like never before with the First Dental Clinic &hellip; <a href=\"https:\/\/firstdental-center.com\/it\/dental-toursim\/\" class=\"more-link\">Continue reading <span class=\"screen-reader-text\">Turismo Dentale<\/span><\/a><\/p>","protected":false},"author":1,"featured_media":0,"parent":0,"menu_order":0,"comment_status":"closed","ping_status":"closed","template":"","meta":{"footnotes":""},"class_list":["post-10690","page","type-page","status-publish","hentry"],"yoast_head":"<!-- This site is optimized with the Yoast SEO plugin v26.9 - https:\/\/yoast.com\/product\/yoast-seo-wordpress\/ -->\n<title>Dental Toursim - First Dental Center<\/title>\n<meta name=\"robots\" content=\"index, follow, max-snippet:-1, max-image-preview:large, max-video-preview:-1\" \/>\n<link rel=\"canonical\" href=\"https:\/\/firstdental-center.com\/it\/dental-toursim\/\" \/>\n<meta property=\"og:locale\" content=\"it_IT\" \/>\n<meta property=\"og:type\" content=\"article\" \/>\n<meta property=\"og:title\" content=\"Dental Toursim - First Dental Center\" \/>\n<meta property=\"og:description\" content=\"Beyond our commitment to excellence in dental care, First Dental Center is delighted to offer dental tourism services.\u00a0 Whether you&#8217;re a local resident or an international visitor, our team is dedicated to providing world-class dental care in a welcoming and vibrant setting. Embark on a dental journey like never before with the First Dental Clinic &hellip; Continue reading Dental Toursim\" \/>\n<meta property=\"og:url\" content=\"https:\/\/firstdental-center.com\/it\/dental-toursim\/\" \/>\n<meta property=\"og:site_name\" content=\"First Dental Center\" \/>\n<meta property=\"article:modified_time\" content=\"2024-01-30T19:39:42+00:00\" \/>\n<meta property=\"og:image\" content=\"https:\/\/firstdental-center.com\/wp-content\/uploads\/2024\/01\/dental-tourism.jpg\" \/>\n<meta name=\"twitter:card\" content=\"summary_large_image\" \/>\n<meta name=\"twitter:label1\" content=\"Tempo di lettura stimato\" \/>\n\t<meta name=\"twitter:data1\" content=\"2 minuti\" \/>\n<script type=\"application\/ld+json\" class=\"yoast-schema-graph\">{\"@context\":\"https:\/\/schema.org\",\"@graph\":[{\"@type\":\"WebPage\",\"@id\":\"https:\/\/firstdental-center.com\/dental-toursim\/\",\"url\":\"https:\/\/firstdental-center.com\/dental-toursim\/\",\"name\":\"Dental Toursim - First Dental Center\",\"isPartOf\":{\"@id\":\"https:\/\/firstdental-center.com\/#website\"},\"primaryImageOfPage\":{\"@id\":\"https:\/\/firstdental-center.com\/dental-toursim\/#primaryimage\"},\"image\":{\"@id\":\"https:\/\/firstdental-center.com\/dental-toursim\/#primaryimage\"},\"thumbnailUrl\":\"https:\/\/firstdental-center.com\/wp-content\/uploads\/2024\/01\/dental-tourism.jpg\",\"datePublished\":\"2024-01-30T19:21:52+00:00\",\"dateModified\":\"2024-01-30T19:39:42+00:00\",\"breadcrumb\":{\"@id\":\"https:\/\/firstdental-center.com\/dental-toursim\/#breadcrumb\"},\"inLanguage\":\"it-IT\",\"potentialAction\":[{\"@type\":\"ReadAction\",\"target\":[\"https:\/\/firstdental-center.com\/dental-toursim\/\"]}]},{\"@type\":\"ImageObject\",\"inLanguage\":\"it-IT\",\"@id\":\"https:\/\/firstdental-center.com\/dental-toursim\/#primaryimage\",\"url\":\"https:\/\/firstdental-center.com\/wp-content\/uploads\/2024\/01\/dental-tourism.jpg\",\"contentUrl\":\"https:\/\/firstdental-center.com\/wp-content\/uploads\/2024\/01\/dental-tourism.jpg\"},{\"@type\":\"BreadcrumbList\",\"@id\":\"https:\/\/firstdental-center.com\/dental-toursim\/#breadcrumb\",\"itemListElement\":[{\"@type\":\"ListItem\",\"position\":1,\"name\":\"Home\",\"item\":\"https:\/\/firstdental-center.com\/\"},{\"@type\":\"ListItem\",\"position\":2,\"name\":\"Dental Toursim\"}]},{\"@type\":\"WebSite\",\"@id\":\"https:\/\/firstdental-center.com\/#website\",\"url\":\"https:\/\/firstdental-center.com\/\",\"name\":\"First Dental Center\",\"description\":\"My WordPress Blog\",\"publisher\":{\"@id\":\"https:\/\/firstdental-center.com\/#organization\"},\"potentialAction\":[{\"@type\":\"SearchAction\",\"target\":{\"@type\":\"EntryPoint\",\"urlTemplate\":\"https:\/\/firstdental-center.com\/?s={search_term_string}\"},\"query-input\":{\"@type\":\"PropertyValueSpecification\",\"valueRequired\":true,\"valueName\":\"search_term_string\"}}],\"inLanguage\":\"it-IT\"},{\"@type\":\"Organization\",\"@id\":\"https:\/\/firstdental-center.com\/#organization\",\"name\":\"First Dental Center\",\"url\":\"https:\/\/firstdental-center.com\/\",\"logo\":{\"@type\":\"ImageObject\",\"inLanguage\":\"it-IT\",\"@id\":\"https:\/\/firstdental-center.com\/#\/schema\/logo\/image\/\",\"url\":\"https:\/\/firstdental-center.com\/wp-content\/uploads\/2023\/11\/extendify-demo-logo.png\",\"contentUrl\":\"https:\/\/firstdental-center.com\/wp-content\/uploads\/2023\/11\/extendify-demo-logo.png\",\"width\":96,\"height\":97,\"caption\":\"First Dental Center\"},\"image\":{\"@id\":\"https:\/\/firstdental-center.com\/#\/schema\/logo\/image\/\"}}]}<\/script>\n<!-- \/ Yoast SEO plugin. -->","yoast_head_json":{"title":"Dental Toursim - First Dental Center","robots":{"index":"index","follow":"follow","max-snippet":"max-snippet:-1","max-image-preview":"max-image-preview:large","max-video-preview":"max-video-preview:-1"},"canonical":"https:\/\/firstdental-center.com\/it\/dental-toursim\/","og_locale":"it_IT","og_type":"article","og_title":"Dental Toursim - First Dental Center","og_description":"Beyond our commitment to excellence in dental care, First Dental Center is delighted to offer dental tourism services.\u00a0 Whether you&#8217;re a local resident or an international visitor, our team is dedicated to providing world-class dental care in a welcoming and vibrant setting. Embark on a dental journey like never before with the First Dental Clinic &hellip; Continue reading Dental Toursim","og_url":"https:\/\/firstdental-center.com\/it\/dental-toursim\/","og_site_name":"First Dental Center","article_modified_time":"2024-01-30T19:39:42+00:00","og_image":[{"url":"https:\/\/firstdental-center.com\/wp-content\/uploads\/2024\/01\/dental-tourism.jpg","type":"","width":"","height":""}],"twitter_card":"summary_large_image","twitter_misc":{"Tempo di lettura stimato":"2 minuti"},"schema":{"@context":"https:\/\/schema.org","@graph":[{"@type":"WebPage","@id":"https:\/\/firstdental-center.com\/dental-toursim\/","url":"https:\/\/firstdental-center.com\/dental-toursim\/","name":"Dental Toursim - First Dental Center","isPartOf":{"@id":"https:\/\/firstdental-center.com\/#website"},"primaryImageOfPage":{"@id":"https:\/\/firstdental-center.com\/dental-toursim\/#primaryimage"},"image":{"@id":"https:\/\/firstdental-center.com\/dental-toursim\/#primaryimage"},"thumbnailUrl":"https:\/\/firstdental-center.com\/wp-content\/uploads\/2024\/01\/dental-tourism.jpg","datePublished":"2024-01-30T19:21:52+00:00","dateModified":"2024-01-30T19:39:42+00:00","breadcrumb":{"@id":"https:\/\/firstdental-center.com\/dental-toursim\/#breadcrumb"},"inLanguage":"it-IT","potentialAction":[{"@type":"ReadAction","target":["https:\/\/firstdental-center.com\/dental-toursim\/"]}]},{"@type":"ImageObject","inLanguage":"it-IT","@id":"https:\/\/firstdental-center.com\/dental-toursim\/#primaryimage","url":"https:\/\/firstdental-center.com\/wp-content\/uploads\/2024\/01\/dental-tourism.jpg","contentUrl":"https:\/\/firstdental-center.com\/wp-content\/uploads\/2024\/01\/dental-tourism.jpg"},{"@type":"BreadcrumbList","@id":"https:\/\/firstdental-center.com\/dental-toursim\/#breadcrumb","itemListElement":[{"@type":"ListItem","position":1,"name":"Home","item":"https:\/\/firstdental-center.com\/"},{"@type":"ListItem","position":2,"name":"Dental Toursim"}]},{"@type":"WebSite","@id":"https:\/\/firstdental-center.com\/#website","url":"https:\/\/firstdental-center.com\/","name":"First Dental Center","description":"My WordPress Blog","publisher":{"@id":"https:\/\/firstdental-center.com\/#organization"},"potentialAction":[{"@type":"SearchAction","target":{"@type":"EntryPoint","urlTemplate":"https:\/\/firstdental-center.com\/?s={search_term_string}"},"query-input":{"@type":"PropertyValueSpecification","valueRequired":true,"valueName":"search_term_string"}}],"inLanguage":"it-IT"},{"@type":"Organization","@id":"https:\/\/firstdental-center.com\/#organization","name":"First Dental Center","url":"https:\/\/firstdental-center.com\/","logo":{"@type":"ImageObject","inLanguage":"it-IT","@id":"https:\/\/firstdental-center.com\/#\/schema\/logo\/image\/","url":"https:\/\/firstdental-center.com\/wp-content\/uploads\/2023\/11\/extendify-demo-logo.png","contentUrl":"https:\/\/firstdental-center.com\/wp-content\/uploads\/2023\/11\/extendify-demo-logo.png","width":96,"height":97,"caption":"First Dental Center"},"image":{"@id":"https:\/\/firstdental-center.com\/#\/schema\/logo\/image\/"}}]}},"_links":{"self":[{"href":"https:\/\/firstdental-center.com\/it\/wp-json\/wp\/v2\/pages\/10690","targetHints":{"allow":["GET"]}}],"collection":[{"href":"https:\/\/firstdental-center.com\/it\/wp-json\/wp\/v2\/pages"}],"about":[{"href":"https:\/\/firstdental-center.com\/it\/wp-json\/wp\/v2\/types\/page"}],"author":[{"embeddable":true,"href":"https:\/\/firstdental-center.com\/it\/wp-json\/wp\/v2\/users\/1"}],"replies":[{"embeddable":true,"href":"https:\/\/firstdental-center.com\/it\/wp-json\/wp\/v2\/comments?post=10690"}],"version-history":[{"count":13,"href":"https:\/\/firstdental-center.com\/it\/wp-json\/wp\/v2\/pages\/10690\/revisions"}],"predecessor-version":[{"id":10706,"href":"https:\/\/firstdental-center.com\/it\/wp-json\/wp\/v2\/pages\/10690\/revisions\/10706"}],"wp:attachment":[{"href":"https:\/\/firstdental-center.com\/it\/wp-json\/wp\/v2\/media?parent=10690"}],"curies":[{"name":"wp","href":"https:\/\/api.w.org\/{rel}","templated":true}]}}