{"id":10379,"date":"2024-01-09T18:15:45","date_gmt":"2024-01-09T18:15:45","guid":{"rendered":"https:\/\/firstdental-center.com\/?page_id=10379"},"modified":"2024-02-21T21:00:48","modified_gmt":"2024-02-21T21:00:48","slug":"advanced-implantology","status":"publish","type":"page","link":"https:\/\/firstdental-center.com\/it\/services-2\/advanced-implantology\/","title":{"rendered":"Implantologia Avanzata"},"content":{"rendered":"<div data-elementor-type=\"wp-page\" data-elementor-id=\"10379\" class=\"elementor elementor-10379\">\n\t\t\t\t<div class=\"elementor-element elementor-element-c675da2 e-flex e-con-boxed e-con e-parent\" data-id=\"c675da2\" data-element_type=\"container\" data-e-type=\"container\">\n\t\t\t\t\t<div class=\"e-con-inner\">\n\t\t\t\t<div class=\"elementor-element elementor-element-95230b4 elementor-widget elementor-widget-text-editor\" data-id=\"95230b4\" data-element_type=\"widget\" data-e-type=\"widget\" data-widget_type=\"text-editor.default\">\n\t\t\t\t<div class=\"elementor-widget-container\">\n\t\t\t\t\t\t\t\t\t<p data-renderer-start-pos=\"24\">Scopri un approccio rivoluzionario al restauro dentale con i servizi di Implantologia Avanzata di First Dental Center a Tirana. Il nostro team di esperti unisce tecnologia all'avanguardia con anni di esperienza per fornire soluzioni incomparabili per i denti mancanti. Utilizzando tecniche all'avanguardia, garantiamo un posizionamento preciso degli impianti per un aspetto e una sensazione naturali.<\/p><p data-renderer-start-pos=\"377\">Presso il First Dental Center, comprendiamo l'importanza di un sorriso sicuro, e i nostri servizi di Implantologia Avanzata sono progettati per ripristinare sia la funzione che l'estetica. I nostri professionisti esperti utilizzano le ultime innovazioni nella tecnologia degli impianti per offrire piani di trattamento personalizzati che si adattano alle esigenze individuali.<\/p><p data-renderer-start-pos=\"698\">Sia che tu abbia un singolo dente mancante o necessiti di un restauro dell'intero arco dentale, la nostra clinica dentale a Tirana \u00e8 dedicata a ottenere risultati eccezionali. Diamo la massima priorit\u00e0 al comfort e alla soddisfazione del paziente, offrendo un'esperienza senza soluzione di continuit\u00e0 dalla consulenza alle cure post-impianto.<\/p><p data-renderer-start-pos=\"971\">Scegli il First Dental Center per l'Implantologia Avanzata e intraprendi un viaggio per riconquistare la bellezza e la funzionalit\u00e0 del tuo sorriso. La tua salute dentale \u00e8 la nostra priorit\u00e0 e siamo impegnati a offrire l'eccellenza in ogni aspetto del tuo trattamento implantare.<\/p>\t\t\t\t\t\t\t\t<\/div>\n\t\t\t\t<\/div>\n\t\t\t\t\t<\/div>\n\t\t\t\t<\/div>\n\t\t<div class=\"elementor-element elementor-element-a9c7400 e-flex e-con-boxed e-con e-parent\" data-id=\"a9c7400\" data-element_type=\"container\" data-e-type=\"container\">\n\t\t\t\t\t<div class=\"e-con-inner\">\n\t\t<div class=\"elementor-element elementor-element-25c3975 e-con-full e-flex e-con e-child\" data-id=\"25c3975\" data-element_type=\"container\" data-e-type=\"container\">\n\t\t\t\t<div class=\"elementor-element elementor-element-360d1ba elementor-widget elementor-widget-tm_icon_heading\" data-id=\"360d1ba\" data-element_type=\"widget\" data-e-type=\"widget\" data-widget_type=\"tm_icon_heading.default\">\n\t\t\t\t<div class=\"elementor-widget-container\">\n\t\t\t\t\t\n<div class=\"themetechmount-iconbox themetechmount-iconbox-styleone themetechmount-iconcolor-skincolor\">\n<div class=\"themetechmount-iconbox-inner\">\n\t\t<div class=\"tm-iconbox-wrapper\">\n\t\t\t<div class=\"tm-iconbox\">\n\t\t\t\t<div class=\"themetechmount-iconbox-icon\">\n\t\t\t\t\t<div class=\"tm-box-icon\"><i class=\"kw_brivona flaticon-patient\"><\/i><\/div>\t\t\t\t<\/div>\n\t\t\t\t<div class=\"themetechmount-iconbox-heading\">\n\t\t\t\t\t<h2 class=\"tm-custom-heading\">\n\t\t\t\t\t\n\t\t\t\t\t\tSollevamento Laterale del Seno\n\t\t\t\t\t\n\t\t\t\t\t<\/h2>\n\t\t\t\t\t\t\t\t\t\t\t\t\t<\/div>\n\t\t\t<\/div>\n\t\t\t<div class=\"themetechmount-iconbox-desc\">\n\t\t\t\t\t\t\t\t\t\t\t<\/div>\n\t\t<\/div>\n\t<\/div>\t\n<\/div>\n\t\t\t\t<\/div>\n\t\t\t\t<\/div>\n\t\t\t\t<\/div>\n\t\t<div class=\"elementor-element elementor-element-55de51b e-con-full e-flex e-con e-child\" data-id=\"55de51b\" data-element_type=\"container\" data-e-type=\"container\">\n\t\t\t\t<div class=\"elementor-element elementor-element-39b78f1 elementor-widget elementor-widget-tm_icon_heading\" data-id=\"39b78f1\" data-element_type=\"widget\" data-e-type=\"widget\" data-widget_type=\"tm_icon_heading.default\">\n\t\t\t\t<div class=\"elementor-widget-container\">\n\t\t\t\t\t\n<div class=\"themetechmount-iconbox themetechmount-iconbox-styleone themetechmount-iconcolor-skincolor\">\n<div class=\"themetechmount-iconbox-inner\">\n\t\t<div class=\"tm-iconbox-wrapper\">\n\t\t\t<div class=\"tm-iconbox\">\n\t\t\t\t<div class=\"themetechmount-iconbox-icon\">\n\t\t\t\t\t<div class=\"tm-box-icon\"><i class=\"kw_brivona flaticon-bone-structure-tip\"><\/i><\/div>\t\t\t\t<\/div>\n\t\t\t\t<div class=\"themetechmount-iconbox-heading\">\n\t\t\t\t\t<h2 class=\"tm-custom-heading\">\n\t\t\t\t\t\n\t\t\t\t\t\tTrapianto di osso\n\t\t\t\t\t\n\t\t\t\t\t<\/h2>\n\t\t\t\t\t\t\t\t\t\t\t\t\t<\/div>\n\t\t\t<\/div>\n\t\t\t<div class=\"themetechmount-iconbox-desc\">\n\t\t\t\t\t\t\t\t\t\t\t<\/div>\n\t\t<\/div>\n\t<\/div>\t\n<\/div>\n\t\t\t\t<\/div>\n\t\t\t\t<\/div>\n\t\t\t\t<\/div>\n\t\t<div class=\"elementor-element elementor-element-dfe6bb5 e-con-full e-flex e-con e-child\" data-id=\"dfe6bb5\" data-element_type=\"container\" data-e-type=\"container\">\n\t\t\t\t<div class=\"elementor-element elementor-element-ce5402b elementor-widget elementor-widget-tm_icon_heading\" data-id=\"ce5402b\" data-element_type=\"widget\" data-e-type=\"widget\" data-widget_type=\"tm_icon_heading.default\">\n\t\t\t\t<div class=\"elementor-widget-container\">\n\t\t\t\t\t\n<div class=\"themetechmount-iconbox themetechmount-iconbox-styleone themetechmount-iconcolor-skincolor\">\n<div class=\"themetechmount-iconbox-inner\">\n\t\t<div class=\"tm-iconbox-wrapper\">\n\t\t\t<div class=\"tm-iconbox\">\n\t\t\t\t<div class=\"themetechmount-iconbox-icon\">\n\t\t\t\t\t<div class=\"tm-box-icon\"><i class=\"kw_brivona flaticon-dentist-2\"><\/i><\/div>\t\t\t\t<\/div>\n\t\t\t\t<div class=\"themetechmount-iconbox-heading\">\n\t\t\t\t\t<h2 class=\"tm-custom-heading\">\n\t\t\t\t\t\n\t\t\t\t\t\tSollevamento del Seno Interno\n\t\t\t\t\t\n\t\t\t\t\t<\/h2>\n\t\t\t\t\t\t\t\t\t\t\t\t\t<\/div>\n\t\t\t<\/div>\n\t\t\t<div class=\"themetechmount-iconbox-desc\">\n\t\t\t\t\t\t\t\t\t\t\t<\/div>\n\t\t<\/div>\n\t<\/div>\t\n<\/div>\n\t\t\t\t<\/div>\n\t\t\t\t<\/div>\n\t\t\t\t<\/div>\n\t\t\t\t\t<\/div>\n\t\t\t\t<\/div>\n\t\t<div class=\"elementor-element elementor-element-4a27b07 e-flex e-con-boxed e-con e-parent\" data-id=\"4a27b07\" data-element_type=\"container\" data-e-type=\"container\">\n\t\t\t\t\t<div class=\"e-con-inner\">\n\t\t\t\t<div class=\"elementor-element elementor-element-280fe60 tm-align-left elementor-widget elementor-widget-tm_heading\" data-id=\"280fe60\" data-element_type=\"widget\" data-e-type=\"widget\" data-widget_type=\"tm_heading.default\">\n\t\t\t\t<div class=\"elementor-widget-container\">\n\t\t\t\t\t<div class=\"tm-element-heading-content-wrapper left-align tm-reverse-heading-yes tm-seperator-solid  tm-heading-style-vertical\"><div class=\"tm-content-header\"><h4 class=\"tm-element-subheading tm-custom-heading\">\n\t\t\t\tImplantologia Avanzata\n\n\n\n\t\t\t<\/h4>\n\t\t<h2 class=\"tm-element-content-heading tm-custom-heading\">\n\t\t\t\tPazienti\n\t\t\t<\/h2>\n\t\t<div class=\"heading-seperator\"><span><\/span><\/div><\/div><\/div>\t\t\t\t<\/div>\n\t\t\t\t<\/div>\n\t\t\t\t<div class=\"elementor-element elementor-element-6fa93d9 tm-align-left elementor-widget elementor-widget-tm_project_element\" data-id=\"6fa93d9\" data-element_type=\"widget\" data-e-type=\"widget\" data-widget_type=\"tm_project_element.default\">\n\t\t\t\t<div class=\"elementor-widget-container\">\n\t\t\t\t\t<div class=\"themetechmount-boxes themetechmount-boxes-portfolio themetechmount-element-portfoliobox-overlay themetechmount-boxes-view-carousel themetechmount-boxes-col-two tm-boxes-carousel-arrow- tm-boxes-carousel-arrows-0 themetechmount-boxes-textalign-left themetechmount-boxes-spacing-30px\" data-tm-show=\"6\" data-tm-loop=\"1\" data-tm-autoplay=\"1\" data-tm-centermode=\"0\" data-tm-nav=\"\" data-tm-dots=\"\" data-tm-slidestoscroll=\"1\" data-tm-autoplayspeed=\"4500\" data-tm-margin=\"30px\"><div class=\"themetechmount-boxes-inner\">\n\t\t\t<div class=\"themetechmount-box-heading-wrapper tm-boxwithout-heading\">\n\t\t\t\t<div class=\"tm-element-heading-content-wrapper left-align tm-reverse-heading-yes tm-seperator-solid  tm-heading-style-vertical\"><div class=\"tm-content-header\"><div class=\"heading-seperator\"><span><\/span><\/div><\/div><\/div>\t\t\t\t\t\t\t<\/div>\n\n\t\t\t<div class=\"themetechmount-boxes-row-wrapper row multi-columns-row\">\n\n\t\t\t<div class=\"tm-box-col-wrapper  advanced-implantology aesthetic-dentistry col-lg-6 col-sm-6 col-md-6 col-xs-12\"><article class=\"themetechmount-box themetechmount-box-portfolio themetechmount-box-view-overlay themetechmount-portfolio-box-view-overlay\">\n\t<div class=\"themetechmount-post-item\">\n\t\t\n\t\t<span class=\"themetechmount-item-thumbnail\">\n\t\t\t<span class=\"themetechmount-item-thumbnail-inner\">\n\t\t\t\t<img fetchpriority=\"high\" decoding=\"async\" width=\"740\" height=\"600\" src=\"https:\/\/firstdental-center.com\/wp-content\/uploads\/2024\/02\/PHOTO-2024-01-04-10-00-58-740x600.jpg\" class=\"attachment-themetechmount-img-portfolio size-themetechmount-img-portfolio wp-post-image\" alt=\"\" srcset=\"https:\/\/firstdental-center.com\/wp-content\/uploads\/2024\/02\/PHOTO-2024-01-04-10-00-58-740x600.jpg 740w, https:\/\/firstdental-center.com\/wp-content\/uploads\/2024\/02\/PHOTO-2024-01-04-10-00-58-e1708622570473-16x12.jpg 16w\" sizes=\"(max-width: 740px) 100vw, 740px\" data-id=\"10916\" \/>\n\t\t\t<\/span>\n\t\t<\/span>\t\t<div class=\"themetechmount-box-content themetechmount-overlay\">\n\t\t\t<div class=\"themetechmount-icon-box themetechmount-media-link\"><a class=\"tm_prettyphoto\" title=\"Implantologia ed Estetica\" href=\"https:\/\/firstdental-center.com\/wp-content\/uploads\/2024\/02\/PHOTO-2024-01-04-10-00-58-e1708622570473.jpg\"><i class=\"tm-brivona-icon-search\"><\/i><\/a><\/div>\n            <div class=\"themetechmount-box-content-inner\">\t\t\t  \t\t\t\n\t\t\t\t\t<div class=\"themetechmount-box-title\"><h4><a href=\"https:\/\/firstdental-center.com\/it\/portfolio\/implantology-and-aesthetic\/\">Implantologia ed Estetica<\/a><\/h4><\/div>\t\t\t\t\t<div class=\"themetechmount-box-category\"><a href=\"https:\/\/firstdental-center.com\/it\/portfolio-category\/advanced-implantology\/\" rel=\"tag\">Implantologia Avanzata<\/a>, <a href=\"https:\/\/firstdental-center.com\/it\/portfolio-category\/aesthetic-dentistry\/\" rel=\"tag\">Odontoiatria Estetica<\/a><\/div>\t\t\t\t\t\t\t\n\t\t\t <\/div>\t\n\t\t<\/div>\n\t<\/div>\n<\/article><\/div><div class=\"tm-box-col-wrapper  advanced-implantology col-lg-6 col-sm-6 col-md-6 col-xs-12\"><article class=\"themetechmount-box themetechmount-box-portfolio themetechmount-box-view-overlay themetechmount-portfolio-box-view-overlay\">\n\t<div class=\"themetechmount-post-item\">\n\t\t\n\t\t<span class=\"themetechmount-item-thumbnail\">\n\t\t\t<span class=\"themetechmount-item-thumbnail-inner\">\n\t\t\t\t<img decoding=\"async\" width=\"693\" height=\"600\" src=\"https:\/\/firstdental-center.com\/wp-content\/uploads\/2024\/02\/PHOTO-2024-02-02-09-48-15-693x600.jpg\" class=\"attachment-themetechmount-img-portfolio size-themetechmount-img-portfolio wp-post-image\" alt=\"\" data-id=\"10886\" \/>\n\t\t\t<\/span>\n\t\t<\/span>\t\t<div class=\"themetechmount-box-content themetechmount-overlay\">\n\t\t\t<div class=\"themetechmount-icon-box themetechmount-media-link\"><a class=\"tm_prettyphoto\" title=\"Implantologia\" href=\"https:\/\/firstdental-center.com\/wp-content\/uploads\/2024\/02\/PHOTO-2024-02-02-09-48-15.jpg\"><i class=\"tm-brivona-icon-search\"><\/i><\/a><\/div>\n            <div class=\"themetechmount-box-content-inner\">\t\t\t  \t\t\t\n\t\t\t\t\t<div class=\"themetechmount-box-title\"><h4><a href=\"https:\/\/firstdental-center.com\/it\/portfolio\/implantology\/\">Implantologia<\/a><\/h4><\/div>\t\t\t\t\t<div class=\"themetechmount-box-category\"><a href=\"https:\/\/firstdental-center.com\/it\/portfolio-category\/advanced-implantology\/\" rel=\"tag\">Implantologia Avanzata<\/a><\/div>\t\t\t\t\t\t\t\n\t\t\t <\/div>\t\n\t\t<\/div>\n\t<\/div>\n<\/article><\/div>\n\t\t\t<\/div>\n\n\t\t\t<\/div><!-- .themetechmount-boxes-inner -->   <\/div><!-- .themetechmount-boxes -->  \t\t\t\t<\/div>\n\t\t\t\t<\/div>\n\t\t\t\t\t<\/div>\n\t\t\t\t<\/div>\n\t\t\t\t<\/div>","protected":false},"excerpt":{"rendered":"<p>Discover a revolutionary approach to dental restoration with First Dental Center&#8217;s Advanced Implantology services in Tirana. Our expert team combines cutting-edge technology with years of experience to provide unparalleled solutions for missing teeth. Using state-of-the-art techniques, we ensure precise implant placement for a natural look and feel. At First Dental Center, we understand the significance &hellip; <a href=\"https:\/\/firstdental-center.com\/it\/portfolio\/implantology\/\" class=\"more-link\">Continue reading <span class=\"screen-reader-text\">Implantologia<\/span><\/a><\/p>","protected":false},"author":1,"featured_media":10367,"parent":425,"menu_order":0,"comment_status":"closed","ping_status":"closed","template":"","meta":{"footnotes":""},"class_list":["post-10379","page","type-page","status-publish","has-post-thumbnail","hentry"],"yoast_head":"<!-- This site is optimized with the Yoast SEO plugin v26.9 - https:\/\/yoast.com\/product\/yoast-seo-wordpress\/ -->\n<title>Advanced Implantology - First Dental Center<\/title>\n<meta name=\"robots\" content=\"index, follow, max-snippet:-1, max-image-preview:large, max-video-preview:-1\" \/>\n<link rel=\"canonical\" href=\"https:\/\/firstdental-center.com\/it\/services-2\/advanced-implantology\/\" \/>\n<meta property=\"og:locale\" content=\"it_IT\" \/>\n<meta property=\"og:type\" content=\"article\" \/>\n<meta property=\"og:title\" content=\"Advanced Implantology - First Dental Center\" \/>\n<meta property=\"og:description\" content=\"Discover a revolutionary approach to dental restoration with First Dental Center&#8217;s Advanced Implantology services in Tirana. Our expert team combines cutting-edge technology with years of experience to provide unparalleled solutions for missing teeth. Using state-of-the-art techniques, we ensure precise implant placement for a natural look and feel. At First Dental Center, we understand the significance &hellip; Continue reading Implantology\" \/>\n<meta property=\"og:url\" content=\"https:\/\/firstdental-center.com\/it\/services-2\/advanced-implantology\/\" \/>\n<meta property=\"og:site_name\" content=\"First Dental Center\" \/>\n<meta property=\"article:modified_time\" content=\"2024-02-21T21:00:48+00:00\" \/>\n<meta property=\"og:image\" content=\"https:\/\/firstdental-center.com\/wp-content\/uploads\/2024\/01\/implantology.jpg\" \/>\n\t<meta property=\"og:image:width\" content=\"1200\" \/>\n\t<meta property=\"og:image:height\" content=\"800\" \/>\n\t<meta property=\"og:image:type\" content=\"image\/jpeg\" \/>\n<meta name=\"twitter:card\" content=\"summary_large_image\" \/>\n<meta name=\"twitter:label1\" content=\"Tempo di lettura stimato\" \/>\n\t<meta name=\"twitter:data1\" content=\"2 minuti\" \/>\n<script type=\"application\/ld+json\" class=\"yoast-schema-graph\">{\"@context\":\"https:\/\/schema.org\",\"@graph\":[{\"@type\":\"WebPage\",\"@id\":\"https:\/\/firstdental-center.com\/services-2\/advanced-implantology\/\",\"url\":\"https:\/\/firstdental-center.com\/services-2\/advanced-implantology\/\",\"name\":\"Advanced Implantology - First Dental Center\",\"isPartOf\":{\"@id\":\"https:\/\/firstdental-center.com\/#website\"},\"primaryImageOfPage\":{\"@id\":\"https:\/\/firstdental-center.com\/services-2\/advanced-implantology\/#primaryimage\"},\"image\":{\"@id\":\"https:\/\/firstdental-center.com\/services-2\/advanced-implantology\/#primaryimage\"},\"thumbnailUrl\":\"https:\/\/firstdental-center.com\/wp-content\/uploads\/2024\/01\/implantology.jpg\",\"datePublished\":\"2024-01-09T18:15:45+00:00\",\"dateModified\":\"2024-02-21T21:00:48+00:00\",\"breadcrumb\":{\"@id\":\"https:\/\/firstdental-center.com\/services-2\/advanced-implantology\/#breadcrumb\"},\"inLanguage\":\"it-IT\",\"potentialAction\":[{\"@type\":\"ReadAction\",\"target\":[\"https:\/\/firstdental-center.com\/services-2\/advanced-implantology\/\"]}]},{\"@type\":\"ImageObject\",\"inLanguage\":\"it-IT\",\"@id\":\"https:\/\/firstdental-center.com\/services-2\/advanced-implantology\/#primaryimage\",\"url\":\"https:\/\/firstdental-center.com\/wp-content\/uploads\/2024\/01\/implantology.jpg\",\"contentUrl\":\"https:\/\/firstdental-center.com\/wp-content\/uploads\/2024\/01\/implantology.jpg\",\"width\":1200,\"height\":800},{\"@type\":\"BreadcrumbList\",\"@id\":\"https:\/\/firstdental-center.com\/services-2\/advanced-implantology\/#breadcrumb\",\"itemListElement\":[{\"@type\":\"ListItem\",\"position\":1,\"name\":\"Home\",\"item\":\"https:\/\/firstdental-center.com\/\"},{\"@type\":\"ListItem\",\"position\":2,\"name\":\"Services\",\"item\":\"https:\/\/firstdental-center.com\/services-2\/\"},{\"@type\":\"ListItem\",\"position\":3,\"name\":\"Advanced Implantology\"}]},{\"@type\":\"WebSite\",\"@id\":\"https:\/\/firstdental-center.com\/#website\",\"url\":\"https:\/\/firstdental-center.com\/\",\"name\":\"First Dental Center\",\"description\":\"My WordPress Blog\",\"publisher\":{\"@id\":\"https:\/\/firstdental-center.com\/#organization\"},\"potentialAction\":[{\"@type\":\"SearchAction\",\"target\":{\"@type\":\"EntryPoint\",\"urlTemplate\":\"https:\/\/firstdental-center.com\/?s={search_term_string}\"},\"query-input\":{\"@type\":\"PropertyValueSpecification\",\"valueRequired\":true,\"valueName\":\"search_term_string\"}}],\"inLanguage\":\"it-IT\"},{\"@type\":\"Organization\",\"@id\":\"https:\/\/firstdental-center.com\/#organization\",\"name\":\"First Dental Center\",\"url\":\"https:\/\/firstdental-center.com\/\",\"logo\":{\"@type\":\"ImageObject\",\"inLanguage\":\"it-IT\",\"@id\":\"https:\/\/firstdental-center.com\/#\/schema\/logo\/image\/\",\"url\":\"https:\/\/firstdental-center.com\/wp-content\/uploads\/2023\/11\/extendify-demo-logo.png\",\"contentUrl\":\"https:\/\/firstdental-center.com\/wp-content\/uploads\/2023\/11\/extendify-demo-logo.png\",\"width\":96,\"height\":97,\"caption\":\"First Dental Center\"},\"image\":{\"@id\":\"https:\/\/firstdental-center.com\/#\/schema\/logo\/image\/\"}}]}<\/script>\n<!-- \/ Yoast SEO plugin. -->","yoast_head_json":{"title":"Advanced Implantology - First Dental Center","robots":{"index":"index","follow":"follow","max-snippet":"max-snippet:-1","max-image-preview":"max-image-preview:large","max-video-preview":"max-video-preview:-1"},"canonical":"https:\/\/firstdental-center.com\/it\/services-2\/advanced-implantology\/","og_locale":"it_IT","og_type":"article","og_title":"Advanced Implantology - First Dental Center","og_description":"Discover a revolutionary approach to dental restoration with First Dental Center&#8217;s Advanced Implantology services in Tirana. Our expert team combines cutting-edge technology with years of experience to provide unparalleled solutions for missing teeth. Using state-of-the-art techniques, we ensure precise implant placement for a natural look and feel. At First Dental Center, we understand the significance &hellip; Continue reading Implantology","og_url":"https:\/\/firstdental-center.com\/it\/services-2\/advanced-implantology\/","og_site_name":"First Dental Center","article_modified_time":"2024-02-21T21:00:48+00:00","og_image":[{"width":1200,"height":800,"url":"https:\/\/firstdental-center.com\/wp-content\/uploads\/2024\/01\/implantology.jpg","type":"image\/jpeg"}],"twitter_card":"summary_large_image","twitter_misc":{"Tempo di lettura stimato":"2 minuti"},"schema":{"@context":"https:\/\/schema.org","@graph":[{"@type":"WebPage","@id":"https:\/\/firstdental-center.com\/services-2\/advanced-implantology\/","url":"https:\/\/firstdental-center.com\/services-2\/advanced-implantology\/","name":"Advanced Implantology - First Dental Center","isPartOf":{"@id":"https:\/\/firstdental-center.com\/#website"},"primaryImageOfPage":{"@id":"https:\/\/firstdental-center.com\/services-2\/advanced-implantology\/#primaryimage"},"image":{"@id":"https:\/\/firstdental-center.com\/services-2\/advanced-implantology\/#primaryimage"},"thumbnailUrl":"https:\/\/firstdental-center.com\/wp-content\/uploads\/2024\/01\/implantology.jpg","datePublished":"2024-01-09T18:15:45+00:00","dateModified":"2024-02-21T21:00:48+00:00","breadcrumb":{"@id":"https:\/\/firstdental-center.com\/services-2\/advanced-implantology\/#breadcrumb"},"inLanguage":"it-IT","potentialAction":[{"@type":"ReadAction","target":["https:\/\/firstdental-center.com\/services-2\/advanced-implantology\/"]}]},{"@type":"ImageObject","inLanguage":"it-IT","@id":"https:\/\/firstdental-center.com\/services-2\/advanced-implantology\/#primaryimage","url":"https:\/\/firstdental-center.com\/wp-content\/uploads\/2024\/01\/implantology.jpg","contentUrl":"https:\/\/firstdental-center.com\/wp-content\/uploads\/2024\/01\/implantology.jpg","width":1200,"height":800},{"@type":"BreadcrumbList","@id":"https:\/\/firstdental-center.com\/services-2\/advanced-implantology\/#breadcrumb","itemListElement":[{"@type":"ListItem","position":1,"name":"Home","item":"https:\/\/firstdental-center.com\/"},{"@type":"ListItem","position":2,"name":"Services","item":"https:\/\/firstdental-center.com\/services-2\/"},{"@type":"ListItem","position":3,"name":"Advanced Implantology"}]},{"@type":"WebSite","@id":"https:\/\/firstdental-center.com\/#website","url":"https:\/\/firstdental-center.com\/","name":"First Dental Center","description":"My WordPress Blog","publisher":{"@id":"https:\/\/firstdental-center.com\/#organization"},"potentialAction":[{"@type":"SearchAction","target":{"@type":"EntryPoint","urlTemplate":"https:\/\/firstdental-center.com\/?s={search_term_string}"},"query-input":{"@type":"PropertyValueSpecification","valueRequired":true,"valueName":"search_term_string"}}],"inLanguage":"it-IT"},{"@type":"Organization","@id":"https:\/\/firstdental-center.com\/#organization","name":"First Dental Center","url":"https:\/\/firstdental-center.com\/","logo":{"@type":"ImageObject","inLanguage":"it-IT","@id":"https:\/\/firstdental-center.com\/#\/schema\/logo\/image\/","url":"https:\/\/firstdental-center.com\/wp-content\/uploads\/2023\/11\/extendify-demo-logo.png","contentUrl":"https:\/\/firstdental-center.com\/wp-content\/uploads\/2023\/11\/extendify-demo-logo.png","width":96,"height":97,"caption":"First Dental Center"},"image":{"@id":"https:\/\/firstdental-center.com\/#\/schema\/logo\/image\/"}}]}},"_links":{"self":[{"href":"https:\/\/firstdental-center.com\/it\/wp-json\/wp\/v2\/pages\/10379","targetHints":{"allow":["GET"]}}],"collection":[{"href":"https:\/\/firstdental-center.com\/it\/wp-json\/wp\/v2\/pages"}],"about":[{"href":"https:\/\/firstdental-center.com\/it\/wp-json\/wp\/v2\/types\/page"}],"author":[{"embeddable":true,"href":"https:\/\/firstdental-center.com\/it\/wp-json\/wp\/v2\/users\/1"}],"replies":[{"embeddable":true,"href":"https:\/\/firstdental-center.com\/it\/wp-json\/wp\/v2\/comments?post=10379"}],"version-history":[{"count":16,"href":"https:\/\/firstdental-center.com\/it\/wp-json\/wp\/v2\/pages\/10379\/revisions"}],"predecessor-version":[{"id":10899,"href":"https:\/\/firstdental-center.com\/it\/wp-json\/wp\/v2\/pages\/10379\/revisions\/10899"}],"up":[{"embeddable":true,"href":"https:\/\/firstdental-center.com\/it\/wp-json\/wp\/v2\/pages\/425"}],"wp:featuredmedia":[{"embeddable":true,"href":"https:\/\/firstdental-center.com\/it\/wp-json\/wp\/v2\/media\/10367"}],"wp:attachment":[{"href":"https:\/\/firstdental-center.com\/it\/wp-json\/wp\/v2\/media?parent=10379"}],"curies":[{"name":"wp","href":"https:\/\/api.w.org\/{rel}","templated":true}]}}