{"id":10373,"date":"2024-01-09T18:13:23","date_gmt":"2024-01-09T18:13:23","guid":{"rendered":"https:\/\/firstdental-center.com\/?page_id=10373"},"modified":"2024-02-21T21:02:05","modified_gmt":"2024-02-21T21:02:05","slug":"aesthetic-dentistry","status":"publish","type":"page","link":"https:\/\/firstdental-center.com\/it\/services-2\/aesthetic-dentistry\/","title":{"rendered":"Odontoiatria Estetica"},"content":{"rendered":"<div data-elementor-type=\"wp-page\" data-elementor-id=\"10373\" class=\"elementor elementor-10373\">\n\t\t\t\t<div class=\"elementor-element elementor-element-c4ae582 e-flex e-con-boxed e-con e-parent\" data-id=\"c4ae582\" data-element_type=\"container\" data-e-type=\"container\">\n\t\t\t\t\t<div class=\"e-con-inner\">\n\t\t\t\t<div class=\"elementor-element elementor-element-bbf8f96 elementor-widget elementor-widget-text-editor\" data-id=\"bbf8f96\" data-element_type=\"widget\" data-e-type=\"widget\" data-widget_type=\"text-editor.default\">\n\t\t\t\t<div class=\"elementor-widget-container\">\n\t\t\t\t\t\t\t\t\t<p data-renderer-start-pos=\"22\">Elevate il vostro sorriso a un nuovo livello di bellezza e fiducia con la Odontoiatria Estetica presso il First Dental Center, la clinica dentale di punta a Tirana.I nostri servizi di Odontoiatria Estetica sono progettati per combinare arte e precisione, migliorando la bellezza naturale dei tuoi denti e creando un sorriso radioso e armonioso.<\/p><p data-renderer-start-pos=\"332\">Presso il First Dental Center, comprendiamo che un sorriso accattivante va oltre la sola salute orale; \u00e8 un riflesso della vostra personalit\u00e0 e sicurezza in se stessi. Il nostro team di professionisti esperti \u00e8 specializzato in Odontoiatria Estetica, offrendo una gamma di servizi come lo sbiancamento dei denti, le faccette in porcellana e la legatura cosmetica. Ogni trattamento \u00e8 attentamente personalizzato in base alle vostre caratteristiche uniche e ai vostri desideri.<\/p><p data-renderer-start-pos=\"727\">Sperimentate il potere trasformativo della Odontoiatria Estetica in un ambiente accogliente e all'avanguardia. Che siate alla ricerca di correggere imperfezioni minori o di sottoporsi a una completa rivoluzione del sorriso, il nostro dedicato team al First Dental Center \u00e8 impegnato a fornire risultati che superano le aspettative.<\/p><p data-renderer-start-pos=\"1025\">Rivelate il vostro sorriso pi\u00f9 sfavillante con la Odontoiatria Estetica presso il First Dental Center. Scoprite il vero potenziale dei vostri denti e irradiate fiducia con ogni sorriso. Il vostro viaggio verso un sorriso pi\u00f9 bello e vibrante inizia qui a Tirana, dove l'eccellenza si unisce all'estetica presso il First Dental Center.<\/p>\t\t\t\t\t\t\t\t<\/div>\n\t\t\t\t<\/div>\n\t\t\t\t\t<\/div>\n\t\t\t\t<\/div>\n\t\t<div class=\"elementor-element elementor-element-ebe4943 e-flex e-con-boxed e-con e-parent\" data-id=\"ebe4943\" data-element_type=\"container\" data-e-type=\"container\">\n\t\t\t\t\t<div class=\"e-con-inner\">\n\t\t\t\t<div class=\"elementor-element elementor-element-d21e3ae tm-align-left elementor-widget elementor-widget-tm_heading\" data-id=\"d21e3ae\" data-element_type=\"widget\" data-e-type=\"widget\" data-widget_type=\"tm_heading.default\">\n\t\t\t\t<div class=\"elementor-widget-container\">\n\t\t\t\t\t<div class=\"tm-element-heading-content-wrapper left-align tm-reverse-heading-yes tm-seperator-solid  tm-heading-style-vertical\"><div class=\"tm-content-header\"><h4 class=\"tm-element-subheading tm-custom-heading\">\n\t\t\t\tOdontoiatria Estetica\n\n\t\t\t<\/h4>\n\t\t<h2 class=\"tm-element-content-heading tm-custom-heading\">\n\t\t\t\tPazienti\n\t\t\t<\/h2>\n\t\t<div class=\"heading-seperator\"><span><\/span><\/div><\/div><\/div>\t\t\t\t<\/div>\n\t\t\t\t<\/div>\n\t\t\t\t<div class=\"elementor-element elementor-element-13ba417 tm-align-left elementor-widget elementor-widget-tm_project_element\" data-id=\"13ba417\" data-element_type=\"widget\" data-e-type=\"widget\" data-widget_type=\"tm_project_element.default\">\n\t\t\t\t<div class=\"elementor-widget-container\">\n\t\t\t\t\t<div class=\"themetechmount-boxes themetechmount-boxes-portfolio themetechmount-element-portfoliobox-overlay themetechmount-boxes-view-carousel themetechmount-boxes-col-two tm-boxes-carousel-arrow- tm-boxes-carousel-arrows-0 themetechmount-boxes-textalign-left themetechmount-boxes-spacing-30px\" data-tm-show=\"6\" data-tm-loop=\"1\" data-tm-autoplay=\"1\" data-tm-centermode=\"0\" data-tm-nav=\"\" data-tm-dots=\"\" data-tm-slidestoscroll=\"1\" data-tm-autoplayspeed=\"4500\" data-tm-margin=\"30px\"><div class=\"themetechmount-boxes-inner\">\n\t\t\t<div class=\"themetechmount-box-heading-wrapper tm-boxwithout-heading\">\n\t\t\t\t<div class=\"tm-element-heading-content-wrapper left-align tm-reverse-heading-yes tm-seperator-solid  tm-heading-style-vertical\"><div class=\"tm-content-header\"><div class=\"heading-seperator\"><span><\/span><\/div><\/div><\/div>\t\t\t\t\t\t\t<\/div>\n\n\t\t\t<div class=\"themetechmount-boxes-row-wrapper row multi-columns-row\">\n\n\t\t\t<div class=\"tm-box-col-wrapper  aesthetic-dentistry col-lg-6 col-sm-6 col-md-6 col-xs-12\"><article class=\"themetechmount-box themetechmount-box-portfolio themetechmount-box-view-overlay themetechmount-portfolio-box-view-overlay\">\n\t<div class=\"themetechmount-post-item\">\n\t\t\n\t\t<span class=\"themetechmount-item-thumbnail\">\n\t\t\t<span class=\"themetechmount-item-thumbnail-inner\">\n\t\t\t\t<img fetchpriority=\"high\" decoding=\"async\" width=\"800\" height=\"600\" src=\"https:\/\/firstdental-center.com\/wp-content\/uploads\/2024\/02\/IMG_5395-800x600.jpg\" class=\"attachment-themetechmount-img-portfolio size-themetechmount-img-portfolio wp-post-image\" alt=\"\" data-id=\"10924\" \/>\n\t\t\t<\/span>\n\t\t<\/span>\t\t<div class=\"themetechmount-box-content themetechmount-overlay\">\n\t\t\t<div class=\"themetechmount-icon-box themetechmount-media-link\"><a class=\"tm_prettyphoto\" title=\"Sbiancamento dei denti\" href=\"https:\/\/firstdental-center.com\/wp-content\/uploads\/2024\/02\/IMG_5395.jpg\"><i class=\"tm-brivona-icon-search\"><\/i><\/a><\/div>\n            <div class=\"themetechmount-box-content-inner\">\t\t\t  \t\t\t\n\t\t\t\t\t<div class=\"themetechmount-box-title\"><h4><a href=\"https:\/\/firstdental-center.com\/it\/portfolio\/teeth-whitening\/\">Sbiancamento dei denti<\/a><\/h4><\/div>\t\t\t\t\t<div class=\"themetechmount-box-category\"><a href=\"https:\/\/firstdental-center.com\/it\/portfolio-category\/aesthetic-dentistry\/\" rel=\"tag\">Odontoiatria Estetica<\/a><\/div>\t\t\t\t\t\t\t\n\t\t\t <\/div>\t\n\t\t<\/div>\n\t<\/div>\n<\/article><\/div><div class=\"tm-box-col-wrapper  advanced-implantology aesthetic-dentistry col-lg-6 col-sm-6 col-md-6 col-xs-12\"><article class=\"themetechmount-box themetechmount-box-portfolio themetechmount-box-view-overlay themetechmount-portfolio-box-view-overlay\">\n\t<div class=\"themetechmount-post-item\">\n\t\t\n\t\t<span class=\"themetechmount-item-thumbnail\">\n\t\t\t<span class=\"themetechmount-item-thumbnail-inner\">\n\t\t\t\t<img decoding=\"async\" width=\"740\" height=\"600\" src=\"https:\/\/firstdental-center.com\/wp-content\/uploads\/2024\/02\/PHOTO-2024-01-04-10-00-58-740x600.jpg\" class=\"attachment-themetechmount-img-portfolio size-themetechmount-img-portfolio wp-post-image\" alt=\"\" srcset=\"https:\/\/firstdental-center.com\/wp-content\/uploads\/2024\/02\/PHOTO-2024-01-04-10-00-58-740x600.jpg 740w, https:\/\/firstdental-center.com\/wp-content\/uploads\/2024\/02\/PHOTO-2024-01-04-10-00-58-e1708622570473-16x12.jpg 16w\" sizes=\"(max-width: 740px) 100vw, 740px\" data-id=\"10916\" \/>\n\t\t\t<\/span>\n\t\t<\/span>\t\t<div class=\"themetechmount-box-content themetechmount-overlay\">\n\t\t\t<div class=\"themetechmount-icon-box themetechmount-media-link\"><a class=\"tm_prettyphoto\" title=\"Implantologia ed Estetica\" href=\"https:\/\/firstdental-center.com\/wp-content\/uploads\/2024\/02\/PHOTO-2024-01-04-10-00-58-e1708622570473.jpg\"><i class=\"tm-brivona-icon-search\"><\/i><\/a><\/div>\n            <div class=\"themetechmount-box-content-inner\">\t\t\t  \t\t\t\n\t\t\t\t\t<div class=\"themetechmount-box-title\"><h4><a href=\"https:\/\/firstdental-center.com\/it\/portfolio\/implantology-and-aesthetic\/\">Implantologia ed Estetica<\/a><\/h4><\/div>\t\t\t\t\t<div class=\"themetechmount-box-category\"><a href=\"https:\/\/firstdental-center.com\/it\/portfolio-category\/advanced-implantology\/\" rel=\"tag\">Implantologia Avanzata<\/a>, <a href=\"https:\/\/firstdental-center.com\/it\/portfolio-category\/aesthetic-dentistry\/\" rel=\"tag\">Odontoiatria Estetica<\/a><\/div>\t\t\t\t\t\t\t\n\t\t\t <\/div>\t\n\t\t<\/div>\n\t<\/div>\n<\/article><\/div>\n\t\t\t<\/div>\n\n\t\t\t<\/div><!-- .themetechmount-boxes-inner -->   <\/div><!-- .themetechmount-boxes -->  \t\t\t\t<\/div>\n\t\t\t\t<\/div>\n\t\t\t\t\t<\/div>\n\t\t\t\t<\/div>\n\t\t\t\t<\/div>","protected":false},"excerpt":{"rendered":"<p>Elevate your smile to a new level of beauty and confidence with Aesthetic Dentistry at First Dental Center, the premier dental clinic in Tirana. Our Aesthetic Dentistry services are crafted to blend artistry with precision, enhancing the natural beauty of your teeth and creating a radiant, harmonious smile. At First Dental Center, we understand that &hellip; <a href=\"https:\/\/firstdental-center.com\/it\/portfolio\/implantology-and-aesthetic\/\" class=\"more-link\">Continue reading <span class=\"screen-reader-text\">Implantologia ed Estetica<\/span><\/a><\/p>","protected":false},"author":1,"featured_media":10364,"parent":425,"menu_order":0,"comment_status":"closed","ping_status":"closed","template":"","meta":{"footnotes":""},"class_list":["post-10373","page","type-page","status-publish","has-post-thumbnail","hentry"],"yoast_head":"<!-- This site is optimized with the Yoast SEO plugin v26.9 - https:\/\/yoast.com\/product\/yoast-seo-wordpress\/ -->\n<title>Aesthetic Dentistry - First Dental Center<\/title>\n<meta name=\"robots\" content=\"index, follow, max-snippet:-1, max-image-preview:large, max-video-preview:-1\" \/>\n<link rel=\"canonical\" href=\"https:\/\/firstdental-center.com\/it\/services-2\/aesthetic-dentistry\/\" \/>\n<meta property=\"og:locale\" content=\"it_IT\" \/>\n<meta property=\"og:type\" content=\"article\" \/>\n<meta property=\"og:title\" content=\"Aesthetic Dentistry - First Dental Center\" \/>\n<meta property=\"og:description\" content=\"Elevate your smile to a new level of beauty and confidence with Aesthetic Dentistry at First Dental Center, the premier dental clinic in Tirana. Our Aesthetic Dentistry services are crafted to blend artistry with precision, enhancing the natural beauty of your teeth and creating a radiant, harmonious smile. At First Dental Center, we understand that &hellip; Continue reading Implantology and Aesthetic\" \/>\n<meta property=\"og:url\" content=\"https:\/\/firstdental-center.com\/it\/services-2\/aesthetic-dentistry\/\" \/>\n<meta property=\"og:site_name\" content=\"First Dental Center\" \/>\n<meta property=\"article:modified_time\" content=\"2024-02-21T21:02:05+00:00\" \/>\n<meta property=\"og:image\" content=\"https:\/\/firstdental-center.com\/wp-content\/uploads\/2024\/01\/aesthetic.jpg\" \/>\n\t<meta property=\"og:image:width\" content=\"1200\" \/>\n\t<meta property=\"og:image:height\" content=\"800\" \/>\n\t<meta property=\"og:image:type\" content=\"image\/jpeg\" \/>\n<meta name=\"twitter:card\" content=\"summary_large_image\" \/>\n<meta name=\"twitter:label1\" content=\"Tempo di lettura stimato\" \/>\n\t<meta name=\"twitter:data1\" content=\"1 minuto\" \/>\n<script type=\"application\/ld+json\" class=\"yoast-schema-graph\">{\"@context\":\"https:\/\/schema.org\",\"@graph\":[{\"@type\":\"WebPage\",\"@id\":\"https:\/\/firstdental-center.com\/services-2\/aesthetic-dentistry\/\",\"url\":\"https:\/\/firstdental-center.com\/services-2\/aesthetic-dentistry\/\",\"name\":\"Aesthetic Dentistry - First Dental Center\",\"isPartOf\":{\"@id\":\"https:\/\/firstdental-center.com\/#website\"},\"primaryImageOfPage\":{\"@id\":\"https:\/\/firstdental-center.com\/services-2\/aesthetic-dentistry\/#primaryimage\"},\"image\":{\"@id\":\"https:\/\/firstdental-center.com\/services-2\/aesthetic-dentistry\/#primaryimage\"},\"thumbnailUrl\":\"https:\/\/firstdental-center.com\/wp-content\/uploads\/2024\/01\/aesthetic.jpg\",\"datePublished\":\"2024-01-09T18:13:23+00:00\",\"dateModified\":\"2024-02-21T21:02:05+00:00\",\"breadcrumb\":{\"@id\":\"https:\/\/firstdental-center.com\/services-2\/aesthetic-dentistry\/#breadcrumb\"},\"inLanguage\":\"it-IT\",\"potentialAction\":[{\"@type\":\"ReadAction\",\"target\":[\"https:\/\/firstdental-center.com\/services-2\/aesthetic-dentistry\/\"]}]},{\"@type\":\"ImageObject\",\"inLanguage\":\"it-IT\",\"@id\":\"https:\/\/firstdental-center.com\/services-2\/aesthetic-dentistry\/#primaryimage\",\"url\":\"https:\/\/firstdental-center.com\/wp-content\/uploads\/2024\/01\/aesthetic.jpg\",\"contentUrl\":\"https:\/\/firstdental-center.com\/wp-content\/uploads\/2024\/01\/aesthetic.jpg\",\"width\":1200,\"height\":800},{\"@type\":\"BreadcrumbList\",\"@id\":\"https:\/\/firstdental-center.com\/services-2\/aesthetic-dentistry\/#breadcrumb\",\"itemListElement\":[{\"@type\":\"ListItem\",\"position\":1,\"name\":\"Home\",\"item\":\"https:\/\/firstdental-center.com\/\"},{\"@type\":\"ListItem\",\"position\":2,\"name\":\"Services\",\"item\":\"https:\/\/firstdental-center.com\/services-2\/\"},{\"@type\":\"ListItem\",\"position\":3,\"name\":\"Aesthetic Dentistry\"}]},{\"@type\":\"WebSite\",\"@id\":\"https:\/\/firstdental-center.com\/#website\",\"url\":\"https:\/\/firstdental-center.com\/\",\"name\":\"First Dental Center\",\"description\":\"My WordPress Blog\",\"publisher\":{\"@id\":\"https:\/\/firstdental-center.com\/#organization\"},\"potentialAction\":[{\"@type\":\"SearchAction\",\"target\":{\"@type\":\"EntryPoint\",\"urlTemplate\":\"https:\/\/firstdental-center.com\/?s={search_term_string}\"},\"query-input\":{\"@type\":\"PropertyValueSpecification\",\"valueRequired\":true,\"valueName\":\"search_term_string\"}}],\"inLanguage\":\"it-IT\"},{\"@type\":\"Organization\",\"@id\":\"https:\/\/firstdental-center.com\/#organization\",\"name\":\"First Dental Center\",\"url\":\"https:\/\/firstdental-center.com\/\",\"logo\":{\"@type\":\"ImageObject\",\"inLanguage\":\"it-IT\",\"@id\":\"https:\/\/firstdental-center.com\/#\/schema\/logo\/image\/\",\"url\":\"https:\/\/firstdental-center.com\/wp-content\/uploads\/2023\/11\/extendify-demo-logo.png\",\"contentUrl\":\"https:\/\/firstdental-center.com\/wp-content\/uploads\/2023\/11\/extendify-demo-logo.png\",\"width\":96,\"height\":97,\"caption\":\"First Dental Center\"},\"image\":{\"@id\":\"https:\/\/firstdental-center.com\/#\/schema\/logo\/image\/\"}}]}<\/script>\n<!-- \/ Yoast SEO plugin. -->","yoast_head_json":{"title":"Aesthetic Dentistry - First Dental Center","robots":{"index":"index","follow":"follow","max-snippet":"max-snippet:-1","max-image-preview":"max-image-preview:large","max-video-preview":"max-video-preview:-1"},"canonical":"https:\/\/firstdental-center.com\/it\/services-2\/aesthetic-dentistry\/","og_locale":"it_IT","og_type":"article","og_title":"Aesthetic Dentistry - First Dental Center","og_description":"Elevate your smile to a new level of beauty and confidence with Aesthetic Dentistry at First Dental Center, the premier dental clinic in Tirana. Our Aesthetic Dentistry services are crafted to blend artistry with precision, enhancing the natural beauty of your teeth and creating a radiant, harmonious smile. At First Dental Center, we understand that &hellip; Continue reading Implantology and Aesthetic","og_url":"https:\/\/firstdental-center.com\/it\/services-2\/aesthetic-dentistry\/","og_site_name":"First Dental Center","article_modified_time":"2024-02-21T21:02:05+00:00","og_image":[{"width":1200,"height":800,"url":"https:\/\/firstdental-center.com\/wp-content\/uploads\/2024\/01\/aesthetic.jpg","type":"image\/jpeg"}],"twitter_card":"summary_large_image","twitter_misc":{"Tempo di lettura stimato":"1 minuto"},"schema":{"@context":"https:\/\/schema.org","@graph":[{"@type":"WebPage","@id":"https:\/\/firstdental-center.com\/services-2\/aesthetic-dentistry\/","url":"https:\/\/firstdental-center.com\/services-2\/aesthetic-dentistry\/","name":"Aesthetic Dentistry - First Dental Center","isPartOf":{"@id":"https:\/\/firstdental-center.com\/#website"},"primaryImageOfPage":{"@id":"https:\/\/firstdental-center.com\/services-2\/aesthetic-dentistry\/#primaryimage"},"image":{"@id":"https:\/\/firstdental-center.com\/services-2\/aesthetic-dentistry\/#primaryimage"},"thumbnailUrl":"https:\/\/firstdental-center.com\/wp-content\/uploads\/2024\/01\/aesthetic.jpg","datePublished":"2024-01-09T18:13:23+00:00","dateModified":"2024-02-21T21:02:05+00:00","breadcrumb":{"@id":"https:\/\/firstdental-center.com\/services-2\/aesthetic-dentistry\/#breadcrumb"},"inLanguage":"it-IT","potentialAction":[{"@type":"ReadAction","target":["https:\/\/firstdental-center.com\/services-2\/aesthetic-dentistry\/"]}]},{"@type":"ImageObject","inLanguage":"it-IT","@id":"https:\/\/firstdental-center.com\/services-2\/aesthetic-dentistry\/#primaryimage","url":"https:\/\/firstdental-center.com\/wp-content\/uploads\/2024\/01\/aesthetic.jpg","contentUrl":"https:\/\/firstdental-center.com\/wp-content\/uploads\/2024\/01\/aesthetic.jpg","width":1200,"height":800},{"@type":"BreadcrumbList","@id":"https:\/\/firstdental-center.com\/services-2\/aesthetic-dentistry\/#breadcrumb","itemListElement":[{"@type":"ListItem","position":1,"name":"Home","item":"https:\/\/firstdental-center.com\/"},{"@type":"ListItem","position":2,"name":"Services","item":"https:\/\/firstdental-center.com\/services-2\/"},{"@type":"ListItem","position":3,"name":"Aesthetic Dentistry"}]},{"@type":"WebSite","@id":"https:\/\/firstdental-center.com\/#website","url":"https:\/\/firstdental-center.com\/","name":"First Dental Center","description":"My WordPress Blog","publisher":{"@id":"https:\/\/firstdental-center.com\/#organization"},"potentialAction":[{"@type":"SearchAction","target":{"@type":"EntryPoint","urlTemplate":"https:\/\/firstdental-center.com\/?s={search_term_string}"},"query-input":{"@type":"PropertyValueSpecification","valueRequired":true,"valueName":"search_term_string"}}],"inLanguage":"it-IT"},{"@type":"Organization","@id":"https:\/\/firstdental-center.com\/#organization","name":"First Dental Center","url":"https:\/\/firstdental-center.com\/","logo":{"@type":"ImageObject","inLanguage":"it-IT","@id":"https:\/\/firstdental-center.com\/#\/schema\/logo\/image\/","url":"https:\/\/firstdental-center.com\/wp-content\/uploads\/2023\/11\/extendify-demo-logo.png","contentUrl":"https:\/\/firstdental-center.com\/wp-content\/uploads\/2023\/11\/extendify-demo-logo.png","width":96,"height":97,"caption":"First Dental Center"},"image":{"@id":"https:\/\/firstdental-center.com\/#\/schema\/logo\/image\/"}}]}},"_links":{"self":[{"href":"https:\/\/firstdental-center.com\/it\/wp-json\/wp\/v2\/pages\/10373","targetHints":{"allow":["GET"]}}],"collection":[{"href":"https:\/\/firstdental-center.com\/it\/wp-json\/wp\/v2\/pages"}],"about":[{"href":"https:\/\/firstdental-center.com\/it\/wp-json\/wp\/v2\/types\/page"}],"author":[{"embeddable":true,"href":"https:\/\/firstdental-center.com\/it\/wp-json\/wp\/v2\/users\/1"}],"replies":[{"embeddable":true,"href":"https:\/\/firstdental-center.com\/it\/wp-json\/wp\/v2\/comments?post=10373"}],"version-history":[{"count":10,"href":"https:\/\/firstdental-center.com\/it\/wp-json\/wp\/v2\/pages\/10373\/revisions"}],"predecessor-version":[{"id":10905,"href":"https:\/\/firstdental-center.com\/it\/wp-json\/wp\/v2\/pages\/10373\/revisions\/10905"}],"up":[{"embeddable":true,"href":"https:\/\/firstdental-center.com\/it\/wp-json\/wp\/v2\/pages\/425"}],"wp:featuredmedia":[{"embeddable":true,"href":"https:\/\/firstdental-center.com\/it\/wp-json\/wp\/v2\/media\/10364"}],"wp:attachment":[{"href":"https:\/\/firstdental-center.com\/it\/wp-json\/wp\/v2\/media?parent=10373"}],"curies":[{"name":"wp","href":"https:\/\/api.w.org\/{rel}","templated":true}]}}